{"id":7906,"date":"2024-09-01T19:37:28","date_gmt":"2024-09-01T19:37:28","guid":{"rendered":"https:\/\/bleudubai.com\/product\/schnorchelerlebnis-in-atlantis\/"},"modified":"2024-11-13T08:52:36","modified_gmt":"2024-11-13T08:52:36","slug":"schnorchelerlebnis-in-atlantis","status":"publish","type":"product","link":"https:\/\/bleudubai.com\/de\/produkt\/schnorchelerlebnis-in-atlantis\/","title":{"rendered":"Schnorchelerlebnis in Atlantis"},"content":{"rendered":"<p>Schnorcheln Sie in der Ambassador Lagoon, einem Aquarium mit dem Thema Atlantis. Erkunden Sie die Unterwasserwelt in Dubai mit unserem Schnorchel-Erlebnis im Atlantis Water Park. Entdecken Sie die au\u00dfergew\u00f6hnliche Meeresflora und -fauna in der Ambassador Lagoon, einem Aquarium zum Thema Atlantis, in dem Sie von \u00fcber 65.000 farbenfrohen Meerestieren umgeben sind. Dieses Erlebnis ist perfekt f\u00fcr Familien mit Kindern ab 6 Jahren, auch f\u00fcr Nichtschwimmer.<\/p>\n","protected":false},"excerpt":{"rendered":"<p>Tauchen Sie in die Ambassador-Lagune, ein Aquarium mit dem Thema Atlantis, und entdecken Sie \u00fcber 65 000 farbenfrohe Meerestiere. Ein unvergessliches Erlebnis f\u00fcr die ganze Familie, auch f\u00fcr Nichtschwimmer. <\/p>\n","protected":false},"featured_media":3957,"comment_status":"open","ping_status":"closed","template":"","meta":{"_acf_changed":false},"product_brand":[],"product_cat":[183,163,198,148,143],"product_tag":[],"class_list":{"0":"post-7906","1":"product","2":"type-product","3":"status-publish","4":"has-post-thumbnail","6":"product_cat-eintrittskarten","7":"product_cat-familienaktivitaeten","8":"product_cat-freizeitparks","9":"product_cat-kombinierte-aktivitaten","10":"product_cat-wasseraktivitaeten","12":"first","13":"instock","14":"shipping-taxable","15":"purchasable","16":"product-type-simple"},"acf":[],"_links":{"self":[{"href":"https:\/\/bleudubai.com\/de\/wp-json\/wp\/v2\/product\/7906","targetHints":{"allow":["GET"]}}],"collection":[{"href":"https:\/\/bleudubai.com\/de\/wp-json\/wp\/v2\/product"}],"about":[{"href":"https:\/\/bleudubai.com\/de\/wp-json\/wp\/v2\/types\/product"}],"replies":[{"embeddable":true,"href":"https:\/\/bleudubai.com\/de\/wp-json\/wp\/v2\/comments?post=7906"}],"wp:featuredmedia":[{"embeddable":true,"href":"https:\/\/bleudubai.com\/de\/wp-json\/wp\/v2\/media\/3957"}],"wp:attachment":[{"href":"https:\/\/bleudubai.com\/de\/wp-json\/wp\/v2\/media?parent=7906"}],"wp:term":[{"taxonomy":"product_brand","embeddable":true,"href":"https:\/\/bleudubai.com\/de\/wp-json\/wp\/v2\/product_brand?post=7906"},{"taxonomy":"product_cat","embeddable":true,"href":"https:\/\/bleudubai.com\/de\/wp-json\/wp\/v2\/product_cat?post=7906"},{"taxonomy":"product_tag","embeddable":true,"href":"https:\/\/bleudubai.com\/de\/wp-json\/wp\/v2\/product_tag?post=7906"}],"curies":[{"name":"wp","href":"https:\/\/api.w.org\/{rel}","templated":true}]}}