{"id":7908,"date":"2024-09-01T19:37:28","date_gmt":"2024-09-01T19:37:28","guid":{"rendered":"https:\/\/bleudubai.com\/product\/tauchen-mit-explorer-zertifikat-im-atlantis-wasserpark\/"},"modified":"2025-12-14T22:32:06","modified_gmt":"2025-12-14T18:32:06","slug":"tauchen-mit-explorer-zertifikat-im-atlantis-wasserpark","status":"publish","type":"product","link":"https:\/\/bleudubai.com\/de\/produkt\/tauchen-mit-explorer-zertifikat-im-atlantis-wasserpark\/","title":{"rendered":"Tauchen mit Explorer-Zertifikat im Atlantis Wasserpark"},"content":{"rendered":"<p>Tauchen mit Forscherzertifikat im Atlantis-Wasserpark<\/p>\n<p>Erkunden Sie die geheimnisvollen Ruinen von Atlantis in der Ambassador-Lagune, die 65 000 Meerestiere beherbergt. Diese Aktivit\u00e4t ist zertifizierten Tauchern vorbehalten und kann von Tauchern ab 10 Jahren besucht werden. Entdecken Sie die verborgenen Geheimnisse von Atlantis in der Ambassador-Lagune von Atlantis the Palm mit unserer exklusiven Tauchaktivit\u00e4t. Mit diesem Erlebnis k\u00f6nnen Sie in Begleitung eines erfahrenen Tauchlehrers in unserem gr\u00f6\u00dften marinen Lebensraum im Freiwasser tauchen. Unser Team von Tauchexperten steht Ihnen zur Verf\u00fcgung, um Sie durch die Erkundungstour zu f\u00fchren. Sie k\u00f6nnen die Ruinen von Atlantis mit Fischen, Rochen und Riffhaien entdecken. Wir stellen Ihnen die gesamte Ausr\u00fcstung zur Verf\u00fcgung, damit Sie dieses einzigartige Erlebnis in vollen Z\u00fcgen genie\u00dfen k\u00f6nnen. Der Gutschein ist f\u00fcr den gesamten Tag Ihrer Buchung g\u00fcltig und erm\u00f6glicht Ihnen au\u00dferdem den Zugang zum Aquarium The Lost Chambers. <\/p>\n","protected":false},"excerpt":{"rendered":"<p>Tauchen Sie mit unserem exklusiven Ausflug in den Atlantis-Wasserpark in die Tiefen von Atlantis ein. Entdecken Sie Tausende von Meerestieren und erkunden Sie die Ambassador-Lagune. <\/p>\n","protected":false},"featured_media":3933,"comment_status":"open","ping_status":"closed","template":"","meta":{"_acf_changed":false},"product_brand":[],"product_cat":[198,143],"product_tag":[],"class_list":{"0":"post-7908","1":"product","2":"type-product","3":"status-publish","4":"has-post-thumbnail","6":"product_cat-freizeitparks","7":"product_cat-wasseraktivitaeten","9":"first","10":"instock","11":"shipping-taxable","12":"purchasable","13":"product-type-simple"},"acf":[],"_links":{"self":[{"href":"https:\/\/bleudubai.com\/de\/wp-json\/wp\/v2\/product\/7908","targetHints":{"allow":["GET"]}}],"collection":[{"href":"https:\/\/bleudubai.com\/de\/wp-json\/wp\/v2\/product"}],"about":[{"href":"https:\/\/bleudubai.com\/de\/wp-json\/wp\/v2\/types\/product"}],"replies":[{"embeddable":true,"href":"https:\/\/bleudubai.com\/de\/wp-json\/wp\/v2\/comments?post=7908"}],"wp:featuredmedia":[{"embeddable":true,"href":"https:\/\/bleudubai.com\/de\/wp-json\/wp\/v2\/media\/3933"}],"wp:attachment":[{"href":"https:\/\/bleudubai.com\/de\/wp-json\/wp\/v2\/media?parent=7908"}],"wp:term":[{"taxonomy":"product_brand","embeddable":true,"href":"https:\/\/bleudubai.com\/de\/wp-json\/wp\/v2\/product_brand?post=7908"},{"taxonomy":"product_cat","embeddable":true,"href":"https:\/\/bleudubai.com\/de\/wp-json\/wp\/v2\/product_cat?post=7908"},{"taxonomy":"product_tag","embeddable":true,"href":"https:\/\/bleudubai.com\/de\/wp-json\/wp\/v2\/product_tag?post=7908"}],"curies":[{"name":"wp","href":"https:\/\/api.w.org\/{rel}","templated":true}]}}