{"id":7909,"date":"2024-09-01T19:37:28","date_gmt":"2024-09-01T19:37:28","guid":{"rendered":"https:\/\/bleudubai.com\/product\/entdecken-sie-das-tauchen-im-wasserpark-atlantis\/"},"modified":"2024-11-13T09:00:13","modified_gmt":"2024-11-13T09:00:13","slug":"entdecken-sie-das-tauchen-im-wasserpark-atlantis","status":"publish","type":"product","link":"https:\/\/bleudubai.com\/de\/produkt\/entdecken-sie-das-tauchen-im-wasserpark-atlantis\/","title":{"rendered":"Entdecken Sie das Tauchen im Wasserpark Atlantis"},"content":{"rendered":"<p>Entdecken Sie das Tauchen im Wasserpark Atlantis<\/p>\n<p>Sind Sie bereit f\u00fcr ein einzigartiges Taucherlebnis im Herzen des Wasserparks Atlantis The Palm in Dubai? Wir bieten Ihnen die M\u00f6glichkeit, die Ruinen von Atlantis zu entdecken und die Ambassador Lagoon zu erkunden, eines der gr\u00f6\u00dften marinen Freilufthabitate der Welt, in dem mehr als 65.000 Meerestiere leben. Tauchen f\u00fcr jedermann. Auch wenn Sie keine Taucherfahrung haben, k\u00f6nnen Sie unsere Atlantis Dive Discovery genie\u00dfen. Mit der Hilfe unseres Divemasters und Sicherheitstauchers k\u00f6nnen Sie bis zu 10 Meter tief tauchen und in der Ambassador Lagoon 14 verschiedene Arten von Haien und Rochen entdecken. <\/p>\n","protected":false},"excerpt":{"rendered":"<p>Erkunden Sie die Unterwasserwelt von Dubai mit einem unvergesslichen Taucherlebnis in der Ambassador Lagoon im Wasserpark Atlantis The Palm. Schwimmen Sie mit 14 Arten von Haien und Rochen in einem Aquarium, das 65.000 Meerestiere beherbergt. <\/p>\n","protected":false},"featured_media":3927,"comment_status":"open","ping_status":"closed","template":"","meta":{"_acf_changed":false},"product_brand":[],"product_cat":[183,163,198,143],"product_tag":[],"class_list":{"0":"post-7909","1":"product","2":"type-product","3":"status-publish","4":"has-post-thumbnail","6":"product_cat-eintrittskarten","7":"product_cat-familienaktivitaeten","8":"product_cat-freizeitparks","9":"product_cat-wasseraktivitaeten","11":"first","12":"instock","13":"shipping-taxable","14":"purchasable","15":"product-type-simple"},"acf":[],"_links":{"self":[{"href":"https:\/\/bleudubai.com\/de\/wp-json\/wp\/v2\/product\/7909","targetHints":{"allow":["GET"]}}],"collection":[{"href":"https:\/\/bleudubai.com\/de\/wp-json\/wp\/v2\/product"}],"about":[{"href":"https:\/\/bleudubai.com\/de\/wp-json\/wp\/v2\/types\/product"}],"replies":[{"embeddable":true,"href":"https:\/\/bleudubai.com\/de\/wp-json\/wp\/v2\/comments?post=7909"}],"wp:featuredmedia":[{"embeddable":true,"href":"https:\/\/bleudubai.com\/de\/wp-json\/wp\/v2\/media\/3927"}],"wp:attachment":[{"href":"https:\/\/bleudubai.com\/de\/wp-json\/wp\/v2\/media?parent=7909"}],"wp:term":[{"taxonomy":"product_brand","embeddable":true,"href":"https:\/\/bleudubai.com\/de\/wp-json\/wp\/v2\/product_brand?post=7909"},{"taxonomy":"product_cat","embeddable":true,"href":"https:\/\/bleudubai.com\/de\/wp-json\/wp\/v2\/product_cat?post=7909"},{"taxonomy":"product_tag","embeddable":true,"href":"https:\/\/bleudubai.com\/de\/wp-json\/wp\/v2\/product_tag?post=7909"}],"curies":[{"name":"wp","href":"https:\/\/api.w.org\/{rel}","templated":true}]}}