{"id":7910,"date":"2024-09-01T19:37:27","date_gmt":"2024-09-01T19:37:27","guid":{"rendered":"https:\/\/bleudubai.com\/product\/schwimmen-und-erkundungstouren-mit-delfinen-in-atlantis\/"},"modified":"2024-11-13T08:58:22","modified_gmt":"2024-11-13T08:58:22","slug":"schwimmen-und-erkundungstouren-mit-delfinen-in-atlantis","status":"publish","type":"product","link":"https:\/\/bleudubai.com\/de\/produkt\/schwimmen-und-erkundungstouren-mit-delfinen-in-atlantis\/","title":{"rendered":"Schwimmen und Erkundungstouren mit Delfinen in Atlantis"},"content":{"rendered":"<p>Das Erlebnis \u201eSchwimmen und Erkunden\u201c bietet Ihnen die Chance, Delfinen im flachen Wasser zu begegnen und mit ihnen im tiefen Teil der Lagune zu schwimmen. 30 Minuten lang k\u00f6nnen Sie mit diesen wundersch\u00f6nen Kreaturen interagieren und mehr \u00fcber sie erfahren. Zus\u00e4tzlich zu diesem einzigartigen Erlebnis beinhaltet jedes Delfininteraktionsprogramm einen unbegrenzten Zugang zum Wasserpark Aquaventure f\u00fcr den ganzen Tag! So haben Sie die M\u00f6glichkeit, \u00fcber 30 Rutschen und Attraktionen sowie einen Privatstrand und brandneue Surf&#8217;s Up Wave Rider zu genie\u00dfen. Es gibt also jede Menge zu tun f\u00fcr die ganze Familie!<\/p>\n","protected":false},"excerpt":{"rendered":"<p>Erleben Sie eine einzigartige Erfahrung, indem Sie im tiefen Wasser mit unseren Delfinen schwimmen und lernen, wie man sie pflegt. Unsere Experten f\u00fchren Sie durch dieses Erlebnis, das Teilnehmern vorbehalten ist, die schwimmen k\u00f6nnen und mindestens 8 Jahre alt sind. Buchen Sie jetzt!  <\/p>\n","protected":false},"featured_media":3912,"comment_status":"open","ping_status":"closed","template":"","meta":{"_acf_changed":false},"product_brand":[],"product_cat":[193,183,163,198,168],"product_tag":[],"class_list":{"0":"post-7910","1":"product","2":"type-product","3":"status-publish","4":"has-post-thumbnail","6":"product_cat-die-highlights","7":"product_cat-eintrittskarten","8":"product_cat-familienaktivitaeten","9":"product_cat-freizeitparks","10":"product_cat-unverzichtbare-aktivitaten","12":"first","13":"instock","14":"shipping-taxable","15":"purchasable","16":"product-type-simple"},"acf":[],"_links":{"self":[{"href":"https:\/\/bleudubai.com\/de\/wp-json\/wp\/v2\/product\/7910","targetHints":{"allow":["GET"]}}],"collection":[{"href":"https:\/\/bleudubai.com\/de\/wp-json\/wp\/v2\/product"}],"about":[{"href":"https:\/\/bleudubai.com\/de\/wp-json\/wp\/v2\/types\/product"}],"replies":[{"embeddable":true,"href":"https:\/\/bleudubai.com\/de\/wp-json\/wp\/v2\/comments?post=7910"}],"wp:featuredmedia":[{"embeddable":true,"href":"https:\/\/bleudubai.com\/de\/wp-json\/wp\/v2\/media\/3912"}],"wp:attachment":[{"href":"https:\/\/bleudubai.com\/de\/wp-json\/wp\/v2\/media?parent=7910"}],"wp:term":[{"taxonomy":"product_brand","embeddable":true,"href":"https:\/\/bleudubai.com\/de\/wp-json\/wp\/v2\/product_brand?post=7910"},{"taxonomy":"product_cat","embeddable":true,"href":"https:\/\/bleudubai.com\/de\/wp-json\/wp\/v2\/product_cat?post=7910"},{"taxonomy":"product_tag","embeddable":true,"href":"https:\/\/bleudubai.com\/de\/wp-json\/wp\/v2\/product_tag?post=7910"}],"curies":[{"name":"wp","href":"https:\/\/api.w.org\/{rel}","templated":true}]}}