{"id":7911,"date":"2024-09-01T19:37:27","date_gmt":"2024-09-01T19:37:27","guid":{"rendered":"https:\/\/bleudubai.com\/product\/tauchen-und-mit-delfinen-spielen-in-atlantis\/"},"modified":"2024-11-13T09:01:47","modified_gmt":"2024-11-13T09:01:47","slug":"tauchen-und-mit-delfinen-spielen-in-atlantis","status":"publish","type":"product","link":"https:\/\/bleudubai.com\/de\/produkt\/tauchen-und-mit-delfinen-spielen-in-atlantis\/","title":{"rendered":"Tauchen und mit Delfinen spielen in Atlantis"},"content":{"rendered":"<p>Schwimmen mit Delfinen in Dubai: ein unvergessliches Abenteuer Umfassendes und unterhaltsames Delfinbeobachtungsprogramm f\u00fcr die ganze Familie Ein lehrreiches Erlebnis mit Experten f\u00fcr Meeress\u00e4ugetiere Entdecken Sie das umfassendste Delfinbeobachtungsprogramm in Dubai. Unsere Experten werden Sie \u00fcber diese intelligenten Meeress\u00e4uger und ihre Verhaltensweisen informieren. Dieses Programm ist f\u00fcr alle Altersgruppen und Schwimmniveaus offen. So k\u00f6nnen Sie eine au\u00dfergew\u00f6hnliche Zeit mit der Familie oder mit Freunden verbringen. Eine einzigartige Begegnung mit Delfinen in kristallklarem, flachem Wasser Erleben Sie eine einzigartige Begegnung mit Delfinen in kristallklarem, flachem Wasser. Beim h\u00fcfthohen Waten k\u00f6nnen Sie ihre F\u00e4higkeiten bewundern und mit ihnen spielen. Dieses unvergessliche Abenteuer ist f\u00fcr alle Altersgruppen und sogar f\u00fcr Nichtschwimmer geeignet. Tolle Momente in einem weltber\u00fchmten Resort. Nach dieser einzigartigen Begegnung mit Delfinen k\u00f6nnen Sie sich auf den weltber\u00fchmten Rutschen und aufregenden Fahrgesch\u00e4ften von Aquaventure weiter am\u00fcsieren. Genie\u00dfen Sie auch die vielen komfortablen Privatstr\u00e4nde, die Ihnen in diesem wundersch\u00f6nen Komplex zur Verf\u00fcgung stehen.<\/p>\n","protected":false},"excerpt":{"rendered":"<p>Erleben Sie das unvergessliche Erlebnis, in Dubai mit Delfinen zu schwimmen! Unser umfassendes Beobachtungsprogramm erm\u00f6glicht es Ihnen, diese intelligenten Meeress\u00e4uger in kristallklarem, seichtem Wasser zu entdecken. <\/p>\n","protected":false},"featured_media":3897,"comment_status":"open","ping_status":"closed","template":"","meta":{"_acf_changed":false},"product_brand":[],"product_cat":[163,198],"product_tag":[],"class_list":{"0":"post-7911","1":"product","2":"type-product","3":"status-publish","4":"has-post-thumbnail","6":"product_cat-familienaktivitaeten","7":"product_cat-freizeitparks","9":"first","10":"instock","11":"shipping-taxable","12":"purchasable","13":"product-type-simple"},"acf":[],"_links":{"self":[{"href":"https:\/\/bleudubai.com\/de\/wp-json\/wp\/v2\/product\/7911","targetHints":{"allow":["GET"]}}],"collection":[{"href":"https:\/\/bleudubai.com\/de\/wp-json\/wp\/v2\/product"}],"about":[{"href":"https:\/\/bleudubai.com\/de\/wp-json\/wp\/v2\/types\/product"}],"replies":[{"embeddable":true,"href":"https:\/\/bleudubai.com\/de\/wp-json\/wp\/v2\/comments?post=7911"}],"wp:featuredmedia":[{"embeddable":true,"href":"https:\/\/bleudubai.com\/de\/wp-json\/wp\/v2\/media\/3897"}],"wp:attachment":[{"href":"https:\/\/bleudubai.com\/de\/wp-json\/wp\/v2\/media?parent=7911"}],"wp:term":[{"taxonomy":"product_brand","embeddable":true,"href":"https:\/\/bleudubai.com\/de\/wp-json\/wp\/v2\/product_brand?post=7911"},{"taxonomy":"product_cat","embeddable":true,"href":"https:\/\/bleudubai.com\/de\/wp-json\/wp\/v2\/product_cat?post=7911"},{"taxonomy":"product_tag","embeddable":true,"href":"https:\/\/bleudubai.com\/de\/wp-json\/wp\/v2\/product_tag?post=7911"}],"curies":[{"name":"wp","href":"https:\/\/api.w.org\/{rel}","templated":true}]}}