{"id":7912,"date":"2024-09-01T19:37:27","date_gmt":"2024-09-01T15:37:27","guid":{"rendered":"https:\/\/bleudubai.com\/product\/eintrittskarte-fuer-das-lost-chambers-aquarium\/"},"modified":"2024-11-13T09:03:02","modified_gmt":"2024-11-13T09:03:02","slug":"eintrittskarte-fuer-das-lost-chambers-aquarium","status":"publish","type":"product","link":"https:\/\/bleudubai.com\/de\/produkt\/eintrittskarte-fuer-das-lost-chambers-aquarium\/","title":{"rendered":"Eintrittskarte f\u00fcr das Lost Chambers Aquarium"},"content":{"rendered":"<p>Entdecken Sie das unglaubliche Meeresleben von \u00fcber 65.000 Tieren bei einem Besuch des Lost Chambers Aquariums in Dubai. Der Komplex Atlantis the Palm auf dem k\u00fcnstlichen Archipel Palm Jumeirah stellt die ber\u00fchmte \u201eVerlorene Stadt Atlantis\u201c auf wundersch\u00f6ne Weise nach. Tauchen Sie in spektakul\u00e4re Ausstellungen und Meeresr\u00e4ume ein, um mehr \u00fcber die faszinierende Geschichte dieser l\u00e4ngst vergessenen Zivilisation zu erfahren. Unsere leidenschaftlichen Meereslehrer stehen Ihnen zur Verf\u00fcgung, um Ihnen Informationen \u00fcber die Meerestiere zu geben, die Sie entdecken werden. Sie werden Hunderte von Arten sehen, die im Persischen Golf beheimatet sind, wie zarte Seepferdchen und beeindruckende Quallen, sowie den beeindruckenden Amazonas-Arapaimas, den gr\u00f6\u00dften S\u00fc\u00dfwasserfisch der Welt. Die Eintrittspreise sind erschwinglich, so dass der Besuch f\u00fcr jeden Geldbeutel geeignet ist. <\/p>\n","protected":false},"excerpt":{"rendered":"<p>Entdecken Sie das Lost Chambers Aquarium in Dubai und erforschen Sie 65 000 Meerestiere. Tauchen Sie in die Geheimnisse von Atlantis ein und lernen Sie bei diesem unvergesslichen Erlebnis von den Meeresexperten. <\/p>\n","protected":false},"featured_media":3882,"comment_status":"open","ping_status":"closed","template":"","meta":{"_acf_changed":false},"product_brand":[],"product_cat":[183,163,198],"product_tag":[],"class_list":{"0":"post-7912","1":"product","2":"type-product","3":"status-publish","4":"has-post-thumbnail","6":"product_cat-eintrittskarten","7":"product_cat-familienaktivitaeten","8":"product_cat-freizeitparks","10":"first","11":"instock","12":"shipping-taxable","13":"purchasable","14":"product-type-simple"},"acf":[],"_links":{"self":[{"href":"https:\/\/bleudubai.com\/de\/wp-json\/wp\/v2\/product\/7912","targetHints":{"allow":["GET"]}}],"collection":[{"href":"https:\/\/bleudubai.com\/de\/wp-json\/wp\/v2\/product"}],"about":[{"href":"https:\/\/bleudubai.com\/de\/wp-json\/wp\/v2\/types\/product"}],"replies":[{"embeddable":true,"href":"https:\/\/bleudubai.com\/de\/wp-json\/wp\/v2\/comments?post=7912"}],"wp:featuredmedia":[{"embeddable":true,"href":"https:\/\/bleudubai.com\/de\/wp-json\/wp\/v2\/media\/3882"}],"wp:attachment":[{"href":"https:\/\/bleudubai.com\/de\/wp-json\/wp\/v2\/media?parent=7912"}],"wp:term":[{"taxonomy":"product_brand","embeddable":true,"href":"https:\/\/bleudubai.com\/de\/wp-json\/wp\/v2\/product_brand?post=7912"},{"taxonomy":"product_cat","embeddable":true,"href":"https:\/\/bleudubai.com\/de\/wp-json\/wp\/v2\/product_cat?post=7912"},{"taxonomy":"product_tag","embeddable":true,"href":"https:\/\/bleudubai.com\/de\/wp-json\/wp\/v2\/product_tag?post=7912"}],"curies":[{"name":"wp","href":"https:\/\/api.w.org\/{rel}","templated":true}]}}