{"id":7913,"date":"2024-09-01T19:37:27","date_gmt":"2024-09-01T15:37:27","guid":{"rendered":"https:\/\/bleudubai.com\/product\/atlantis-aquaventure-eintrittskarte\/"},"modified":"2026-01-23T16:49:04","modified_gmt":"2026-01-23T12:49:04","slug":"atlantis-aquaventure-eintrittskarte","status":"publish","type":"product","link":"https:\/\/bleudubai.com\/de\/produkt\/atlantis-aquaventure-eintrittskarte\/","title":{"rendered":"Atlantis Aquaventure Eintrittskarte"},"content":{"rendered":"<p>Entdecken Sie den gr\u00f6\u00dften Wasserpark im Nahen Osten und in Europa<\/p>\n<p>Ein Ticket f\u00fcr zwei unglaubliche Attraktionen<\/p>\n<p>Genie\u00dfen Sie unbegrenzten Zugang zu zwei unglaublichen Wasserattraktionen: Aquaventure, dem gr\u00f6\u00dften Wasserpark im Nahen Osten und in Europa, und Lost Chambers, einem Aquarium voller exotischer Fische. Mit einem einzigen Kombiticket sparen Sie bei den Eintrittspreisen und genie\u00dfen zwei unvergessliche Erlebnisse an einem Ort. <\/p>\n<p>Endloses Wasservergn\u00fcgen.<\/p>\n<p>Aquaventure ist ein Wasserpark mit Rutschen und Attraktionen, die alle Rekorde brechen. Machen Sie sich bereit f\u00fcr einen Nervenkitzel mit \u00fcber 105 Rutschen und Attraktionen, einem 500 m langen Wildwasserfluss und einem 1 km langen Privatstrand. Dank k\u00fcnstlicher Intelligenz k\u00f6nnen Sie lange Warteschlangen vermeiden und die weltweit erste Attraktion mit Doppelrutsche innerhalb einer einzigen Rutsche genie\u00dfen. Mit der Automatisierung bietet der Wasserpark Aquaventure ein einzigartiges Erlebnis.   <\/p>\n<p>Entdecken Sie das Geheimnis der verlorenen Stadt Atlantis.<\/p>\n<p>Lost Chambers ist ein Aquarium, in dem Sie in 20 einzigartigen Ausstellungen das Geheimnis der verlorenen Stadt Atlantis erforschen k\u00f6nnen. Mit \u00fcber 65.000 Meeresbewohnern, darunter Haie, Rochen und Seel\u00f6wen, haben Sie die M\u00f6glichkeit, Meerestiere wie nie zuvor zu erleben. Wandern Sie durch antike Ruinen und schl\u00fcpfen Sie in die Rolle eines Experten f\u00fcr Meerestiere. Dank der Verarbeitung nat\u00fcrlicher Sprache und maschinellem Lernen bietet das Lost Chambers Aquarium ein lehrreiches und interaktives Erlebnis f\u00fcr die ganze Familie.   <\/p>\n","protected":false},"excerpt":{"rendered":"<p>Entdecken Sie Aquaventure, den gr\u00f6\u00dften Wasserpark der Welt mit 105 Rutschen und Attraktionen, einem Privatstrand und vielen Restaurants.<\/p>\n","protected":false},"featured_media":3867,"comment_status":"open","ping_status":"closed","template":"","meta":{"_acf_changed":false},"product_brand":[],"product_cat":[193,183,163,198,168,143],"product_tag":[],"class_list":{"0":"post-7913","1":"product","2":"type-product","3":"status-publish","4":"has-post-thumbnail","6":"product_cat-die-highlights","7":"product_cat-eintrittskarten","8":"product_cat-familienaktivitaeten","9":"product_cat-freizeitparks","10":"product_cat-unverzichtbare-aktivitaten","11":"product_cat-wasseraktivitaeten","13":"first","14":"instock","15":"sale","16":"featured","17":"shipping-taxable","18":"purchasable","19":"product-type-simple"},"acf":[],"_links":{"self":[{"href":"https:\/\/bleudubai.com\/de\/wp-json\/wp\/v2\/product\/7913","targetHints":{"allow":["GET"]}}],"collection":[{"href":"https:\/\/bleudubai.com\/de\/wp-json\/wp\/v2\/product"}],"about":[{"href":"https:\/\/bleudubai.com\/de\/wp-json\/wp\/v2\/types\/product"}],"replies":[{"embeddable":true,"href":"https:\/\/bleudubai.com\/de\/wp-json\/wp\/v2\/comments?post=7913"}],"wp:featuredmedia":[{"embeddable":true,"href":"https:\/\/bleudubai.com\/de\/wp-json\/wp\/v2\/media\/3867"}],"wp:attachment":[{"href":"https:\/\/bleudubai.com\/de\/wp-json\/wp\/v2\/media?parent=7913"}],"wp:term":[{"taxonomy":"product_brand","embeddable":true,"href":"https:\/\/bleudubai.com\/de\/wp-json\/wp\/v2\/product_brand?post=7913"},{"taxonomy":"product_cat","embeddable":true,"href":"https:\/\/bleudubai.com\/de\/wp-json\/wp\/v2\/product_cat?post=7913"},{"taxonomy":"product_tag","embeddable":true,"href":"https:\/\/bleudubai.com\/de\/wp-json\/wp\/v2\/product_tag?post=7913"}],"curies":[{"name":"wp","href":"https:\/\/api.w.org\/{rel}","templated":true}]}}