{"id":7914,"date":"2024-09-01T19:37:27","date_gmt":"2024-09-01T15:37:27","guid":{"rendered":"https:\/\/bleudubai.com\/product\/eintrittskarte-fuer-das-atlantis-aquaventure-lost-chambers-aquarium\/"},"modified":"2025-10-01T18:29:47","modified_gmt":"2025-10-01T14:29:47","slug":"eintrittskarte-fuer-das-atlantis-aquaventure-lost-chambers-aquarium","status":"publish","type":"product","link":"https:\/\/bleudubai.com\/de\/produkt\/eintrittskarte-fuer-das-atlantis-aquaventure-lost-chambers-aquarium\/","title":{"rendered":"Eintrittskarte f\u00fcr das Atlantis Aquaventure &amp; Lost Chambers Aquarium"},"content":{"rendered":"<p>Tauchen Sie mit dem Aquaventure Waterpark in Dubai in eine Welt voller Aufregung ein. Rutschen und Attraktionen, die alle Rekorde brechen Bereiten Sie sich auf einen Nervenkitzel vor, denn es gibt \u00fcber 105 Rutschen und Attraktionen, die alle Rekorde brechen. Dank k\u00fcnstlicher Intelligenz bietet der Wasserpark Aquaventure ein einzigartiges Erlebnis. Vermeiden Sie lange Warteschlangen und genie\u00dfen Sie die weltweit erste Attraktion mit Doppelrutsche innerhalb einer einzigen Rutsche. Mit \u00fcber 30 Rutschen und Attraktionen, einem 500 m langen Wildwasserfluss und einem 1 km langen Privatstrand ist f\u00fcr jeden Geschmack etwas dabei. Kommen Sie den Meerestieren mit dem Lost Chambers Aquarium ganz nah Erforschen Sie das Geheimnis der verlorenen Stadt Atlantis anhand von 20 einzigartigen Ausstellungen im Lost Chambers Aquarium. Mit \u00fcber 65.000 Meeresbewohnern, darunter Haie, Rochen und Seel\u00f6wen, haben Sie die M\u00f6glichkeit, Meerestiere wie nie zuvor zu erleben. Wandern Sie durch die antiken Ruinen und schl\u00fcpfen Sie in die Rolle eines Experten f\u00fcr Meerestiere. Dies ist ein unvergessliches Erlebnis f\u00fcr die ganze Familie.<\/p>\n","protected":false},"excerpt":{"rendered":"<p>Kombiticket f\u00fcr Aquaventure und Lost Chambers. Sparen Sie bei den Preisen und genie\u00dfen Sie zwei unglaubliche Wasserattraktionen. Aquaventure, Wasserpark mit Rutschen.<br \/>\nLost Chambers, Aquarium voller exotischer Fische.  <\/p>\n","protected":false},"featured_media":3852,"comment_status":"open","ping_status":"closed","template":"","meta":{"_acf_changed":false},"product_brand":[],"product_cat":[193,183,198,148,168,143],"product_tag":[],"class_list":{"0":"post-7914","1":"product","2":"type-product","3":"status-publish","4":"has-post-thumbnail","6":"product_cat-die-highlights","7":"product_cat-eintrittskarten","8":"product_cat-freizeitparks","9":"product_cat-kombinierte-aktivitaten","10":"product_cat-unverzichtbare-aktivitaten","11":"product_cat-wasseraktivitaeten","13":"first","14":"instock","15":"sale","16":"shipping-taxable","17":"purchasable","18":"product-type-simple"},"acf":[],"_links":{"self":[{"href":"https:\/\/bleudubai.com\/de\/wp-json\/wp\/v2\/product\/7914","targetHints":{"allow":["GET"]}}],"collection":[{"href":"https:\/\/bleudubai.com\/de\/wp-json\/wp\/v2\/product"}],"about":[{"href":"https:\/\/bleudubai.com\/de\/wp-json\/wp\/v2\/types\/product"}],"replies":[{"embeddable":true,"href":"https:\/\/bleudubai.com\/de\/wp-json\/wp\/v2\/comments?post=7914"}],"wp:featuredmedia":[{"embeddable":true,"href":"https:\/\/bleudubai.com\/de\/wp-json\/wp\/v2\/media\/3852"}],"wp:attachment":[{"href":"https:\/\/bleudubai.com\/de\/wp-json\/wp\/v2\/media?parent=7914"}],"wp:term":[{"taxonomy":"product_brand","embeddable":true,"href":"https:\/\/bleudubai.com\/de\/wp-json\/wp\/v2\/product_brand?post=7914"},{"taxonomy":"product_cat","embeddable":true,"href":"https:\/\/bleudubai.com\/de\/wp-json\/wp\/v2\/product_cat?post=7914"},{"taxonomy":"product_tag","embeddable":true,"href":"https:\/\/bleudubai.com\/de\/wp-json\/wp\/v2\/product_tag?post=7914"}],"curies":[{"name":"wp","href":"https:\/\/api.w.org\/{rel}","templated":true}]}}