{"id":7915,"date":"2024-09-01T19:37:27","date_gmt":"2024-09-01T15:37:27","guid":{"rendered":"https:\/\/bleudubai.com\/product\/aquaventure-und-the-lost-chambers-mit-geteilten-transfers\/"},"modified":"2025-02-06T14:55:14","modified_gmt":"2025-02-06T10:55:14","slug":"aquaventure-und-the-lost-chambers-mit-geteilten-transfers","status":"publish","type":"product","link":"https:\/\/bleudubai.com\/de\/produkt\/aquaventure-und-the-lost-chambers-mit-geteilten-transfers\/","title":{"rendered":"Aquaventure und The Lost Chambers mit geteilten Transfers"},"content":{"rendered":"<p>Entdecken Sie eine vergessene Zivilisation bei einem Besuch des Lost Chambers Aquariums, wo 65.000 wunderbare Meerestiere auf Sie warten.<\/p>\n<p>Nehmen Sie an den st\u00fcndlichen Mythen-Touren teil, um die Unterwassertiere zu entdecken, die \u00fcber und neben Ihnen schwimmen.<\/p>\n<p>Der Wasserpark Aquaventure, der als der erste im Nahen Osten gilt, bietet rekordverd\u00e4chtige Fahrgesch\u00e4fte und Rutschen sowie Begegnungen mit Haien und Rochen. Genie\u00dfen Sie auch den 700 Meter langen, unber\u00fchrten Privatstrand und die neuen, exklusiven Loungebereiche, in denen Sie sich entspannen k\u00f6nnen. Beide Destinationen bieten Nervenkitzel und himmlische Entspannung f\u00fcr ein unvergessliches Erlebnis.  <\/p>\n","protected":false},"excerpt":{"rendered":"<p>Genie\u00dfen Sie unbegrenzten Zugang zu Aquaventure und dem Lost Chambers Aquarium, zwei der ikonischen Attraktionen Dubais. Sparen Sie bei Eintrittsgeldern und Transfers und genie\u00dfen Sie ein berauschendes Meereserlebnis ohne Stress. <\/p>\n","protected":false},"featured_media":3837,"comment_status":"open","ping_status":"closed","template":"","meta":{"_acf_changed":false},"product_brand":[],"product_cat":[183,198,148],"product_tag":[],"class_list":{"0":"post-7915","1":"product","2":"type-product","3":"status-publish","4":"has-post-thumbnail","6":"product_cat-eintrittskarten","7":"product_cat-freizeitparks","8":"product_cat-kombinierte-aktivitaten","10":"first","11":"instock","12":"shipping-taxable","13":"purchasable","14":"product-type-simple"},"acf":[],"_links":{"self":[{"href":"https:\/\/bleudubai.com\/de\/wp-json\/wp\/v2\/product\/7915","targetHints":{"allow":["GET"]}}],"collection":[{"href":"https:\/\/bleudubai.com\/de\/wp-json\/wp\/v2\/product"}],"about":[{"href":"https:\/\/bleudubai.com\/de\/wp-json\/wp\/v2\/types\/product"}],"replies":[{"embeddable":true,"href":"https:\/\/bleudubai.com\/de\/wp-json\/wp\/v2\/comments?post=7915"}],"wp:featuredmedia":[{"embeddable":true,"href":"https:\/\/bleudubai.com\/de\/wp-json\/wp\/v2\/media\/3837"}],"wp:attachment":[{"href":"https:\/\/bleudubai.com\/de\/wp-json\/wp\/v2\/media?parent=7915"}],"wp:term":[{"taxonomy":"product_brand","embeddable":true,"href":"https:\/\/bleudubai.com\/de\/wp-json\/wp\/v2\/product_brand?post=7915"},{"taxonomy":"product_cat","embeddable":true,"href":"https:\/\/bleudubai.com\/de\/wp-json\/wp\/v2\/product_cat?post=7915"},{"taxonomy":"product_tag","embeddable":true,"href":"https:\/\/bleudubai.com\/de\/wp-json\/wp\/v2\/product_tag?post=7915"}],"curies":[{"name":"wp","href":"https:\/\/api.w.org\/{rel}","templated":true}]}}