{"id":8731,"date":"2024-12-16T15:24:36","date_gmt":"2024-12-16T11:24:36","guid":{"rendered":"https:\/\/bleudubai.com\/product\/dubai-vol-en-gyrocoptere\/"},"modified":"2025-10-15T08:57:25","modified_gmt":"2025-10-15T04:57:25","slug":"dubai-vol-en-gyrocoptere","status":"publish","type":"product","link":"https:\/\/bleudubai.com\/de\/produkt\/dubai-vol-en-gyrocoptere\/","title":{"rendered":"Dubai: Flug mit dem Gyrocopter"},"content":{"rendered":"<p><span style=\"font-weight: 400;\">Tauchen Sie ein in ein einzigartiges Flugabenteuer mit einer Einf\u00fchrung in einen Gyrocopter in Dubai. Gehen Sie an Bord dieses exklusiven Zweisitzers und genie\u00dfen Sie ein unvergessliches Erlebnis in 1.500 Fu\u00df H\u00f6he. Unter der Leitung eines erfahrenen Piloten fliegen Sie \u00fcber die Dubai Marina mit atemberaubenden Ausblicken auf das Dubai Eye, die Palm Jumeirah, das Atlantis Hotel, die World Islands und das majest\u00e4tische Burj Al Arab.  <\/span><\/p>\n","protected":false},"excerpt":{"rendered":"<p><span style=\"font-weight: 400;\">Genie\u00dfen Sie eine Einf\u00fchrung in einen Gyrocopter in Dubai und fliegen Sie auf 1.500 Fu\u00df, um die ikonischen Sehensw\u00fcrdigkeiten wie Palm Jumeirah und Burj Al Arab zu bewundern.<\/span><\/p>\n","protected":false},"featured_media":8629,"comment_status":"open","ping_status":"closed","template":"","meta":{"_acf_changed":false},"product_brand":[],"product_cat":[153,203],"product_tag":[],"class_list":{"0":"post-8731","1":"product","2":"type-product","3":"status-publish","4":"has-post-thumbnail","6":"product_cat-aktivitaten-in-der-luft","7":"product_cat-sport-adrenalin","9":"first","10":"instock","11":"shipping-taxable","12":"purchasable","13":"product-type-simple"},"acf":[],"_links":{"self":[{"href":"https:\/\/bleudubai.com\/de\/wp-json\/wp\/v2\/product\/8731","targetHints":{"allow":["GET"]}}],"collection":[{"href":"https:\/\/bleudubai.com\/de\/wp-json\/wp\/v2\/product"}],"about":[{"href":"https:\/\/bleudubai.com\/de\/wp-json\/wp\/v2\/types\/product"}],"replies":[{"embeddable":true,"href":"https:\/\/bleudubai.com\/de\/wp-json\/wp\/v2\/comments?post=8731"}],"wp:featuredmedia":[{"embeddable":true,"href":"https:\/\/bleudubai.com\/de\/wp-json\/wp\/v2\/media\/8629"}],"wp:attachment":[{"href":"https:\/\/bleudubai.com\/de\/wp-json\/wp\/v2\/media?parent=8731"}],"wp:term":[{"taxonomy":"product_brand","embeddable":true,"href":"https:\/\/bleudubai.com\/de\/wp-json\/wp\/v2\/product_brand?post=8731"},{"taxonomy":"product_cat","embeddable":true,"href":"https:\/\/bleudubai.com\/de\/wp-json\/wp\/v2\/product_cat?post=8731"},{"taxonomy":"product_tag","embeddable":true,"href":"https:\/\/bleudubai.com\/de\/wp-json\/wp\/v2\/product_tag?post=8731"}],"curies":[{"name":"wp","href":"https:\/\/api.w.org\/{rel}","templated":true}]}}