{"id":8736,"date":"2024-12-16T18:27:24","date_gmt":"2024-12-16T14:27:24","guid":{"rendered":"https:\/\/bleudubai.com\/product\/dubai-tirolerin-ueber-die-marina\/"},"modified":"2025-10-09T17:25:36","modified_gmt":"2025-10-09T13:25:36","slug":"dubai-tirolerin-ueber-die-marina","status":"publish","type":"product","link":"https:\/\/bleudubai.com\/de\/produkt\/dubai-tirolerin-ueber-die-marina\/","title":{"rendered":"Dubai: Mit der Seilrutsche durch den Jachthafen"},"content":{"rendered":"<p><span style=\"font-weight: 400;\">\u00dcberfliegen Sie die Dubai Marina auf der l\u00e4ngsten urbanen Zipline der Welt, die von einem hochqualifizierten, weltweit zertifizierten Team betrieben wird, das mit regelm\u00e4\u00dfigen Tests und Wartungsarbeiten f\u00fcr optimale Sicherheit sorgt. Das Abenteuer beginnt in 170 m H\u00f6he von den Anwaj Towers mit einem 16 Grad steilen Abstieg, der Ihnen einen Panoramablick auf den darunter liegenden luxuri\u00f6sen Yachthafen bietet. Erreichen Sie Geschwindigkeiten von bis zu 80 km\/h, w\u00e4hrend Sie wie ein Superheld auf dem Bauch liegen und ein unvergessliches Fluggef\u00fchl erleben.  <\/span><\/p>\n<p><span style=\"font-weight: 400;\">Zwei parallele Linien erm\u00f6glichen es Ihnen, dieses Erlebnis mit einem Freund zu teilen. Sie erhalten Fotos und ein Video von Ihrem Flug &#8211; perfekt, um dieses einzigartige Abenteuer festzuhalten und mit anderen zu teilen. <\/span><\/p>\n","protected":false},"excerpt":{"rendered":"<p><span style=\"font-weight: 400;\">Erleben Sie die Aufregung der l\u00e4ngsten urbanen Zipline der Welt am Yachthafen von Dubai. Fliegen Sie allein oder mit einem Freund \u00fcber die Stadt, Fotos und Videos inklusive. <\/span><\/p>\n","protected":false},"featured_media":8666,"comment_status":"open","ping_status":"closed","template":"","meta":{"_acf_changed":false},"product_brand":[],"product_cat":[153,163,203,168],"product_tag":[],"class_list":{"0":"post-8736","1":"product","2":"type-product","3":"status-publish","4":"has-post-thumbnail","6":"product_cat-aktivitaten-in-der-luft","7":"product_cat-familienaktivitaeten","8":"product_cat-sport-adrenalin","9":"product_cat-unverzichtbare-aktivitaten","11":"first","12":"instock","13":"featured","14":"shipping-taxable","15":"purchasable","16":"product-type-simple"},"acf":[],"_links":{"self":[{"href":"https:\/\/bleudubai.com\/de\/wp-json\/wp\/v2\/product\/8736","targetHints":{"allow":["GET"]}}],"collection":[{"href":"https:\/\/bleudubai.com\/de\/wp-json\/wp\/v2\/product"}],"about":[{"href":"https:\/\/bleudubai.com\/de\/wp-json\/wp\/v2\/types\/product"}],"replies":[{"embeddable":true,"href":"https:\/\/bleudubai.com\/de\/wp-json\/wp\/v2\/comments?post=8736"}],"wp:featuredmedia":[{"embeddable":true,"href":"https:\/\/bleudubai.com\/de\/wp-json\/wp\/v2\/media\/8666"}],"wp:attachment":[{"href":"https:\/\/bleudubai.com\/de\/wp-json\/wp\/v2\/media?parent=8736"}],"wp:term":[{"taxonomy":"product_brand","embeddable":true,"href":"https:\/\/bleudubai.com\/de\/wp-json\/wp\/v2\/product_brand?post=8736"},{"taxonomy":"product_cat","embeddable":true,"href":"https:\/\/bleudubai.com\/de\/wp-json\/wp\/v2\/product_cat?post=8736"},{"taxonomy":"product_tag","embeddable":true,"href":"https:\/\/bleudubai.com\/de\/wp-json\/wp\/v2\/product_tag?post=8736"}],"curies":[{"name":"wp","href":"https:\/\/api.w.org\/{rel}","templated":true}]}}