{"id":8741,"date":"2024-12-05T20:26:02","date_gmt":"2024-12-05T16:26:02","guid":{"rendered":"https:\/\/bleudubai.com\/product\/green-planet-einer-tropischen-flora-einfach-im-inneren\/"},"modified":"2025-08-06T12:57:31","modified_gmt":"2025-08-06T08:57:31","slug":"green-planet-einer-tropischen-flora-einfach-im-inneren","status":"publish","type":"product","link":"https:\/\/bleudubai.com\/de\/produkt\/green-planet-einer-tropischen-flora-einfach-im-inneren\/","title":{"rendered":"Green Planet ein einzigartiger Indoor-Regenwald"},"content":{"rendered":"<p><span style=\"font-weight: 400;\">Green Planet ist ein einzigartiger Biodom, der Sie dazu einl\u00e4dt, die reiche Tier- und Pflanzenwelt unseres Planeten durch ein immersives Erlebnis inmitten des Regenwaldes zu erkunden. Dieses echte, nachgebildete \u00d6kosystem beherbergt \u00fcber 3.000 Pflanzen und Tiere sowie den gr\u00f6\u00dften jemals von Menschenhand gepflanzten Zimmerbaum. <\/span><\/p>\n<p><span style=\"font-weight: 400;\">Erlebe ein unvergessliches Abenteuer, indem du die Fledermaush\u00f6hle besuchst, unglaubliche Arten entdeckst und eine Smaragdboa ber\u00fchrst, wenn du den Mut dazu hast. Lassen Sie sich von den Ges\u00e4ngen der tropischen V\u00f6gel verzaubern, die frei durch den Green Planet fliegen. Vers\u00e4umen Sie es nicht, eines der beiden Faultiere zu begr\u00fc\u00dfen, die den gr\u00f6\u00dften Teil des Tages friedlich schlafen. Sie k\u00f6nnen auch die Eichh\u00f6rnchenaffen beobachten, die sich mit ihrem langen Schwanz flink von Baum zu Baum bewegen.   <\/span><\/p>\n<p><span style=\"font-weight: 400;\">Diese p\u00e4dagogische und unterhaltsame Installation verdeutlicht das empfindliche Gleichgewicht der Natur und wie wichtig es ist, eines der \u00e4ltesten lebenden \u00d6kosysteme der Welt zu erhalten. <\/span><\/p>\n<p><span style=\"font-weight: 400;\">Green Planet ist ein idealer Bildungsausflug f\u00fcr die ganze Familie. Er wurde entwickelt, um Gro\u00df und Klein f\u00fcr die reiche biologische Vielfalt unseres Planeten und die Bedeutung ihres Schutzes zu sensibilisieren.<\/span><\/p>\n","protected":false},"excerpt":{"rendered":"<p><span style=\"font-weight: 400;\">Besuchen Sie Green Planet in Dubai, einen Indoor-Regenwald, der \u00fcber 3 000 Arten beherbergt. <\/span><\/p>\n","protected":false},"featured_media":5205,"comment_status":"open","ping_status":"closed","template":"","meta":{"_acf_changed":false},"product_brand":[],"product_cat":[188,183,163],"product_tag":[],"class_list":{"0":"post-8741","1":"product","2":"type-product","3":"status-publish","4":"has-post-thumbnail","6":"product_cat-city-pass-de","7":"product_cat-eintrittskarten","8":"product_cat-familienaktivitaeten","10":"first","11":"instock","12":"shipping-taxable","13":"purchasable","14":"product-type-simple"},"acf":[],"_links":{"self":[{"href":"https:\/\/bleudubai.com\/de\/wp-json\/wp\/v2\/product\/8741","targetHints":{"allow":["GET"]}}],"collection":[{"href":"https:\/\/bleudubai.com\/de\/wp-json\/wp\/v2\/product"}],"about":[{"href":"https:\/\/bleudubai.com\/de\/wp-json\/wp\/v2\/types\/product"}],"replies":[{"embeddable":true,"href":"https:\/\/bleudubai.com\/de\/wp-json\/wp\/v2\/comments?post=8741"}],"wp:featuredmedia":[{"embeddable":true,"href":"https:\/\/bleudubai.com\/de\/wp-json\/wp\/v2\/media\/5205"}],"wp:attachment":[{"href":"https:\/\/bleudubai.com\/de\/wp-json\/wp\/v2\/media?parent=8741"}],"wp:term":[{"taxonomy":"product_brand","embeddable":true,"href":"https:\/\/bleudubai.com\/de\/wp-json\/wp\/v2\/product_brand?post=8741"},{"taxonomy":"product_cat","embeddable":true,"href":"https:\/\/bleudubai.com\/de\/wp-json\/wp\/v2\/product_cat?post=8741"},{"taxonomy":"product_tag","embeddable":true,"href":"https:\/\/bleudubai.com\/de\/wp-json\/wp\/v2\/product_tag?post=8741"}],"curies":[{"name":"wp","href":"https:\/\/api.w.org\/{rel}","templated":true}]}}