{"id":7626,"date":"2024-09-01T19:39:17","date_gmt":"2024-09-01T15:39:17","guid":{"rendered":"https:\/\/bleudubai.com\/product\/discover-louvre-abu-dhabi-admission-tickets\/"},"modified":"2024-11-13T07:50:41","modified_gmt":"2024-11-13T07:50:41","slug":"discover-louvre-abu-dhabi-admission-tickets","status":"publish","type":"product","link":"https:\/\/bleudubai.com\/en\/product\/discover-louvre-abu-dhabi-admission-tickets\/","title":{"rendered":"Discover the Louvre Abu Dhabi: Admission tickets"},"content":{"rendered":"<p>D\u00e9couvrez une vaste collection d&#8217;\u0153uvres d&#8217;art provenant de ma\u00eetres du monde entier. Admirez des \u0153uvres classiques et modernes qui comblent le foss\u00e9 entre l&#8217;art occidental et oriental. Explorez l&#8217;un des plus grands mus\u00e9es de la r\u00e9gion du Golfe et laissez-vous \u00e9merveiller par son architecture embl\u00e9matique et son d\u00f4me impressionnant. Son design unique, qui \u00e9voque des feuilles de palmier, cr\u00e9e une atmosph\u00e8re envo\u00fbtante lors de votre promenade le long des all\u00e9es baign\u00e9es de soleil. Plongez-vous dans l&#8217;immense collection du mus\u00e9e et d\u00e9couvrez une diversit\u00e9 d&#8217;\u0153uvres d&#8217;art provenant du monde entier. Explorez les liens entre l&#8217;Orient et l&#8217;Occident. Profitez de l&#8217;acc\u00e8s \u00e0 la collection permanente, aux expositions sp\u00e9ciales et au mus\u00e9e pour enfants. Admirez des artefacts anciens ainsi que des chefs-d&#8217;\u0153uvre d&#8217;artistes tels que Manet. Apr\u00e8s avoir parcouru les galeries, prenez une pause bien m\u00e9rit\u00e9e dans l&#8217;un des espaces publics du mus\u00e9e. <\/p>\n","protected":false},"excerpt":{"rendered":"<p>Explore the Louvre Abu Dhabi Museum and immerse yourself in collections of works and objects from different cultures and civilizations. Admire the unique architecture of this emblematic building and let yourself be seduced by its public spaces. <\/p>\n","protected":false},"featured_media":4676,"comment_status":"open","ping_status":"closed","template":"","meta":{"_acf_changed":false},"product_brand":[],"product_cat":[136,139,138,134],"product_tag":[],"class_list":{"0":"post-7626","1":"product","2":"type-product","3":"status-publish","4":"has-post-thumbnail","6":"product_cat-activities-in-abu-dhabi","7":"product_cat-city-pass-en","8":"product_cat-entrance-tickets","9":"product_cat-family-activities","11":"first","12":"instock","13":"shipping-taxable","14":"purchasable","15":"product-type-simple"},"acf":[],"_links":{"self":[{"href":"https:\/\/bleudubai.com\/en\/wp-json\/wp\/v2\/product\/7626","targetHints":{"allow":["GET"]}}],"collection":[{"href":"https:\/\/bleudubai.com\/en\/wp-json\/wp\/v2\/product"}],"about":[{"href":"https:\/\/bleudubai.com\/en\/wp-json\/wp\/v2\/types\/product"}],"replies":[{"embeddable":true,"href":"https:\/\/bleudubai.com\/en\/wp-json\/wp\/v2\/comments?post=7626"}],"wp:featuredmedia":[{"embeddable":true,"href":"https:\/\/bleudubai.com\/en\/wp-json\/wp\/v2\/media\/4676"}],"wp:attachment":[{"href":"https:\/\/bleudubai.com\/en\/wp-json\/wp\/v2\/media?parent=7626"}],"wp:term":[{"taxonomy":"product_brand","embeddable":true,"href":"https:\/\/bleudubai.com\/en\/wp-json\/wp\/v2\/product_brand?post=7626"},{"taxonomy":"product_cat","embeddable":true,"href":"https:\/\/bleudubai.com\/en\/wp-json\/wp\/v2\/product_cat?post=7626"},{"taxonomy":"product_tag","embeddable":true,"href":"https:\/\/bleudubai.com\/en\/wp-json\/wp\/v2\/product_tag?post=7626"}],"curies":[{"name":"wp","href":"https:\/\/api.w.org\/{rel}","templated":true}]}}