{"id":7627,"date":"2024-09-01T19:38:56","date_gmt":"2024-09-01T19:38:56","guid":{"rendered":"https:\/\/bleudubai.com\/product\/dubai-visit-grand-mosque-louvre-abu-dhabi\/"},"modified":"2025-10-08T02:38:24","modified_gmt":"2025-10-07T22:38:24","slug":"dubai-visit-grand-mosque-louvre-abu-dhabi","status":"publish","type":"product","link":"https:\/\/bleudubai.com\/en\/product\/dubai-visit-grand-mosque-louvre-abu-dhabi\/","title":{"rendered":"From Dubai: Visit the Grand Mosque and the Louvre Abu Dhabi"},"content":{"rendered":"<p>Take a day trip from Dubai to discover two of the United Arab Emirates&#8217; must-see sites. Admire the architectural and artistic wonders, ancient and modern, on this exciting tour. After being picked up from your accommodation, make yourself comfortable and enjoy the ride to the mosque. On arrival, marvel at its gleaming exterior covered in white Greek and Macedonian tiles. Once inside, discover the world&#8217;s largest hand-woven carpet, impressive crystal chandeliers and glass panels encrusted with thousands of Swarovski crystals, during a guided tour. Next, head to Saadiyat Island to visit the Louvre Abu Dhabi Museum. Explore this largest museum in the Gulf region, home to classical and modern works of global cultural and sociological significance. Admire masterpieces from prestigious French museums such as the Louvre, Centre Pompidou and Mus\u00e9e d&#8217;Orsay. Take time to visit the Mus\u00e9e des Enfants, relax in a caf\u00e9 or browse in the boutique. Once the tour is over, enjoy the drive back to your hotel in Dubai.<\/p>\n","protected":false},"excerpt":{"rendered":"<p>Discover two jewels of the United Arab Emirates on an unforgettable excursion: the Louvre Abu Dhabi Museum and the magnificent Sheikh Zayed Mosque. Book now and immerse yourself in the fascinating art and architecture of this region. <\/p>\n","protected":false},"featured_media":4661,"comment_status":"open","ping_status":"closed","template":"","meta":{"_acf_changed":false},"product_brand":[],"product_cat":[136,134,135,140],"product_tag":[],"class_list":{"0":"post-7627","1":"product","2":"type-product","3":"status-publish","4":"has-post-thumbnail","6":"product_cat-activities-in-abu-dhabi","7":"product_cat-family-activities","8":"product_cat-must-do-activities","9":"product_cat-must-haves","11":"first","12":"instock","13":"featured","14":"shipping-taxable","15":"purchasable","16":"product-type-simple"},"acf":[],"_links":{"self":[{"href":"https:\/\/bleudubai.com\/en\/wp-json\/wp\/v2\/product\/7627","targetHints":{"allow":["GET"]}}],"collection":[{"href":"https:\/\/bleudubai.com\/en\/wp-json\/wp\/v2\/product"}],"about":[{"href":"https:\/\/bleudubai.com\/en\/wp-json\/wp\/v2\/types\/product"}],"replies":[{"embeddable":true,"href":"https:\/\/bleudubai.com\/en\/wp-json\/wp\/v2\/comments?post=7627"}],"wp:featuredmedia":[{"embeddable":true,"href":"https:\/\/bleudubai.com\/en\/wp-json\/wp\/v2\/media\/4661"}],"wp:attachment":[{"href":"https:\/\/bleudubai.com\/en\/wp-json\/wp\/v2\/media?parent=7627"}],"wp:term":[{"taxonomy":"product_brand","embeddable":true,"href":"https:\/\/bleudubai.com\/en\/wp-json\/wp\/v2\/product_brand?post=7627"},{"taxonomy":"product_cat","embeddable":true,"href":"https:\/\/bleudubai.com\/en\/wp-json\/wp\/v2\/product_cat?post=7627"},{"taxonomy":"product_tag","embeddable":true,"href":"https:\/\/bleudubai.com\/en\/wp-json\/wp\/v2\/product_tag?post=7627"}],"curies":[{"name":"wp","href":"https:\/\/api.w.org\/{rel}","templated":true}]}}