{"id":7820,"date":"2024-09-01T19:37:52","date_gmt":"2024-09-01T19:37:52","guid":{"rendered":"https:\/\/bleudubai.com\/product\/experience-de-flyboard-de-30-minutes-a-dubai\/"},"modified":"2026-04-18T11:35:06","modified_gmt":"2026-04-18T07:35:06","slug":"experience-de-flyboard-de-30-minutes-a-dubai","status":"publish","type":"product","link":"https:\/\/bleudubai.com\/en\/product\/experience-de-flyboard-de-30-minutes-a-dubai\/","title":{"rendered":"30-minute flyboarding experience in Dubai"},"content":{"rendered":"<p>D\u00e9couvrez les sensations uniques du flyboard, que vous soyez novice ou exp\u00e9riment\u00e9. Laissez-vous guider en toute s\u00e9curit\u00e9 par un moniteur professionnel et exp\u00e9riment\u00e9 tout au long de cette activit\u00e9 de 30 minutes \u00e0 Duba\u00ef. Comptez sur leur expertise pour vous aider en cas de besoin et pour ajuster la puissance de l&#8217;appareil selon votre niveau. Tentez de monter aussi haut que possible et profitez de la vue panoramique qui s&#8217;offre \u00e0 vous. Vous avez \u00e9galement la possibilit\u00e9 de combiner votre session de flyboard avec 30 minutes de jet ski pour vivre une exp\u00e9rience encore plus intense.<\/p>\n","protected":false},"excerpt":{"rendered":"<p>Experience new sensations on this 30-minute flyboarding activity in Dubai. You can also combine 30 minutes of flyboarding with 30 minutes of jet skiing. <\/p>\n","protected":false},"featured_media":4361,"comment_status":"open","ping_status":"closed","template":"","meta":{"_acf_changed":false},"product_brand":[],"product_cat":[142,130],"product_tag":[],"class_list":{"0":"post-7820","1":"product","2":"type-product","3":"status-publish","4":"has-post-thumbnail","6":"product_cat-sport-adrenaline-en","7":"product_cat-water-activities","9":"first","10":"instock","11":"shipping-taxable","12":"purchasable","13":"product-type-simple"},"acf":[],"_links":{"self":[{"href":"https:\/\/bleudubai.com\/en\/wp-json\/wp\/v2\/product\/7820","targetHints":{"allow":["GET"]}}],"collection":[{"href":"https:\/\/bleudubai.com\/en\/wp-json\/wp\/v2\/product"}],"about":[{"href":"https:\/\/bleudubai.com\/en\/wp-json\/wp\/v2\/types\/product"}],"replies":[{"embeddable":true,"href":"https:\/\/bleudubai.com\/en\/wp-json\/wp\/v2\/comments?post=7820"}],"wp:featuredmedia":[{"embeddable":true,"href":"https:\/\/bleudubai.com\/en\/wp-json\/wp\/v2\/media\/4361"}],"wp:attachment":[{"href":"https:\/\/bleudubai.com\/en\/wp-json\/wp\/v2\/media?parent=7820"}],"wp:term":[{"taxonomy":"product_brand","embeddable":true,"href":"https:\/\/bleudubai.com\/en\/wp-json\/wp\/v2\/product_brand?post=7820"},{"taxonomy":"product_cat","embeddable":true,"href":"https:\/\/bleudubai.com\/en\/wp-json\/wp\/v2\/product_cat?post=7820"},{"taxonomy":"product_tag","embeddable":true,"href":"https:\/\/bleudubai.com\/en\/wp-json\/wp\/v2\/product_tag?post=7820"}],"curies":[{"name":"wp","href":"https:\/\/api.w.org\/{rel}","templated":true}]}}