{"id":7632,"date":"2024-09-01T19:38:56","date_gmt":"2024-09-01T15:38:56","guid":{"rendered":"https:\/\/bleudubai.com\/product\/ticket-dentree-en-el-museo-del-futuro-descubre-el-futuro\/"},"modified":"2026-02-05T09:20:00","modified_gmt":"2026-02-05T05:20:00","slug":"ticket-dentree-en-el-museo-del-futuro-descubre-el-futuro","status":"publish","type":"product","link":"https:\/\/bleudubai.com\/es\/producto\/ticket-dentree-en-el-museo-del-futuro-descubre-el-futuro\/","title":{"rendered":"Entrada al Museo del Futuro: Descubre el Futuro"},"content":{"rendered":"<p>Descubre el Museo del Futuro de Dubai, un lugar que pretende transformar el mundo ofreciendo una visi\u00f3n de futuro. Explora esta ic\u00f3nica estructura arquitect\u00f3nica, una de las m\u00e1s complejas del mundo. Sum\u00e9rgete en entornos futuristas inmersivos dise\u00f1ados para proyectarte en un futuro inspirador y potenciador. Explora los avances en los viajes espaciales, el reto del cambio clim\u00e1tico y los avances en salud, bienestar y espiritualidad.<br \/>\nDescubre el potencial que ofrecen la rob\u00f3tica, la inteligencia artificial y conceptos como el aumento humano. Por \u00faltimo, explora las posibles transformaciones en la educaci\u00f3n, las ciudades inteligentes, la energ\u00eda y el transporte.<\/p>\n","protected":false},"excerpt":{"rendered":"<p>Sum\u00e9rgete en una impactante visi\u00f3n del futuro con esta entrada al Museo del Futuro de Dubai. Viaja 50 a\u00f1os hacia adelante y explora un mundo imaginativo con esta experiencia \u00fanica. <\/p>\n","protected":false},"featured_media":6804,"comment_status":"open","ping_status":"closed","template":"","meta":{"_acf_changed":false},"product_brand":[],"product_cat":[167,172,192,187],"product_tag":[],"class_list":{"0":"post-7632","1":"product","2":"type-product","3":"status-publish","4":"has-post-thumbnail","6":"product_cat-actividades-familiares","7":"product_cat-actividades-imprescindibles","8":"product_cat-city-pass-es","9":"product_cat-entradas","11":"first","12":"instock","13":"shipping-taxable","14":"purchasable","15":"product-type-simple"},"acf":[],"_links":{"self":[{"href":"https:\/\/bleudubai.com\/es\/wp-json\/wp\/v2\/product\/7632","targetHints":{"allow":["GET"]}}],"collection":[{"href":"https:\/\/bleudubai.com\/es\/wp-json\/wp\/v2\/product"}],"about":[{"href":"https:\/\/bleudubai.com\/es\/wp-json\/wp\/v2\/types\/product"}],"replies":[{"embeddable":true,"href":"https:\/\/bleudubai.com\/es\/wp-json\/wp\/v2\/comments?post=7632"}],"wp:featuredmedia":[{"embeddable":true,"href":"https:\/\/bleudubai.com\/es\/wp-json\/wp\/v2\/media\/6804"}],"wp:attachment":[{"href":"https:\/\/bleudubai.com\/es\/wp-json\/wp\/v2\/media?parent=7632"}],"wp:term":[{"taxonomy":"product_brand","embeddable":true,"href":"https:\/\/bleudubai.com\/es\/wp-json\/wp\/v2\/product_brand?post=7632"},{"taxonomy":"product_cat","embeddable":true,"href":"https:\/\/bleudubai.com\/es\/wp-json\/wp\/v2\/product_cat?post=7632"},{"taxonomy":"product_tag","embeddable":true,"href":"https:\/\/bleudubai.com\/es\/wp-json\/wp\/v2\/product_tag?post=7632"}],"curies":[{"name":"wp","href":"https:\/\/api.w.org\/{rel}","templated":true}]}}