{"id":7642,"date":"2024-09-01T19:38:13","date_gmt":"2024-09-01T19:38:13","guid":{"rendered":"https:\/\/bleudubai.com\/product\/descubre-la-emocion-del-wakeboard-el-esqui-acuatico-y-el-surf-en-palm-jumeirah\/"},"modified":"2024-11-11T20:35:02","modified_gmt":"2024-11-11T20:35:02","slug":"descubre-la-emocion-del-wakeboard-el-esqui-acuatico-y-el-surf-en-palm-jumeirah","status":"publish","type":"product","link":"https:\/\/bleudubai.com\/es\/producto\/descubre-la-emocion-del-wakeboard-el-esqui-acuatico-y-el-surf-en-palm-jumeirah\/","title":{"rendered":"Descubre las emociones del wakeboard, el esqu\u00ed acu\u00e1tico y el surf en Palm Jumeirah"},"content":{"rendered":"<p>\u00a1Prep\u00e1rate para cabalgar las olas de la famosa isla Palm Jumeirah! Un instructor profesional estar\u00e1 a tu disposici\u00f3n para guiarte y darte consejos adaptados a tu nivel. Encuentra tu equilibrio y velocidad mientras pones a prueba tus habilidades. Sea cual sea tu experiencia previa, esta aventura te dejar\u00e1 con una gran sonrisa en la cara.<\/p>\n","protected":false},"excerpt":{"rendered":"<p>Elige una de las 3 experiencias de surf, cada una de 20 minutos de duraci\u00f3n. Disfruta de un momento de puro placer sobre las olas de Palm Jumeirah. <\/p>\n","protected":false},"featured_media":6684,"comment_status":"open","ping_status":"closed","template":"","meta":{"_acf_changed":false},"product_brand":[],"product_cat":[147,167,207,182],"product_tag":[],"class_list":{"0":"post-7642","1":"product","2":"type-product","3":"status-publish","4":"has-post-thumbnail","6":"product_cat-actividades-acuaticas","7":"product_cat-actividades-familiares","8":"product_cat-deporte-y-adrenalina","9":"product_cat-paseo-en-barco","11":"first","12":"instock","13":"shipping-taxable","14":"purchasable","15":"product-type-simple"},"acf":[],"_links":{"self":[{"href":"https:\/\/bleudubai.com\/es\/wp-json\/wp\/v2\/product\/7642","targetHints":{"allow":["GET"]}}],"collection":[{"href":"https:\/\/bleudubai.com\/es\/wp-json\/wp\/v2\/product"}],"about":[{"href":"https:\/\/bleudubai.com\/es\/wp-json\/wp\/v2\/types\/product"}],"replies":[{"embeddable":true,"href":"https:\/\/bleudubai.com\/es\/wp-json\/wp\/v2\/comments?post=7642"}],"wp:featuredmedia":[{"embeddable":true,"href":"https:\/\/bleudubai.com\/es\/wp-json\/wp\/v2\/media\/6684"}],"wp:attachment":[{"href":"https:\/\/bleudubai.com\/es\/wp-json\/wp\/v2\/media?parent=7642"}],"wp:term":[{"taxonomy":"product_brand","embeddable":true,"href":"https:\/\/bleudubai.com\/es\/wp-json\/wp\/v2\/product_brand?post=7642"},{"taxonomy":"product_cat","embeddable":true,"href":"https:\/\/bleudubai.com\/es\/wp-json\/wp\/v2\/product_cat?post=7642"},{"taxonomy":"product_tag","embeddable":true,"href":"https:\/\/bleudubai.com\/es\/wp-json\/wp\/v2\/product_tag?post=7642"}],"curies":[{"name":"wp","href":"https:\/\/api.w.org\/{rel}","templated":true}]}}