{"id":7643,"date":"2024-09-01T19:38:13","date_gmt":"2024-09-01T19:38:13","guid":{"rendered":"https:\/\/bleudubai.com\/product\/explore-les-fonds-marins-lors-de-2-plives-enjoy-a-barbecue-lunch\/"},"modified":"2024-11-11T20:35:00","modified_gmt":"2024-11-11T20:35:00","slug":"explore-les-fonds-marins-lors-de-2-plives-enjoy-a-barbecue-lunch","status":"publish","type":"product","link":"https:\/\/bleudubai.com\/es\/producto\/explore-les-fonds-marins-lors-de-2-plives-enjoy-a-barbecue-lunch\/","title":{"rendered":"Explora el fondo marino en 2 inmersiones disfruta de un almuerzo a la barbacoa"},"content":{"rendered":"<p>Tanto si eres un buceador experimentado como un principiante, nuestras inmersiones en Fujairah est\u00e1n dise\u00f1adas pensando en ti. Nuestras inmersiones est\u00e1n supervisadas por instructores titulados que ponen gran \u00e9nfasis en la seguridad, la diversi\u00f3n y el descubrimiento de lo m\u00e1s destacado. Tanto si se trata de tu primera inmersi\u00f3n despu\u00e9s de la formaci\u00f3n como de tu cent\u00e9sima inmersi\u00f3n, nos aseguraremos de que tu viaje submarino transcurra sin contratiempos. La costa oriental de Fujairah rebosa de vida marina tropical. Te esperan corales sanos, arrecifes naturales y artificiales y macrotesoros. Mant\u00e9n los ojos bien abiertos para ver la diversidad de vida marina oculta entre los magn\u00edficos corales y pecios de Fujairah. No te pierdas las fascinantes especies macro, como gambas y nudibranquios, que te sorprender\u00e1n en cada inmersi\u00f3n. Tras tu aventura submarina, disfruta de un delicioso almuerzo a la barbacoa preparado especialmente para ti. De regreso, haremos dos paradas: primero, tendr\u00e1s la oportunidad de admirar la famosa cascada de Khor Fakkan, y despu\u00e9s podr\u00e1s disfrutar de una impresionante vista del anfiteatro de Khor Fakkan.<\/p>\n","protected":false},"excerpt":{"rendered":"<p>Descubre la vida marina tropical de Fujairah en 2 inmersiones certificadas. Reserva ahora y disfruta de un almuerzo a la barbacoa en la costa este. <\/p>\n","protected":false},"featured_media":6699,"comment_status":"open","ping_status":"closed","template":"","meta":{"_acf_changed":false},"product_brand":[],"product_cat":[147,152],"product_tag":[],"class_list":{"0":"post-7643","1":"product","2":"type-product","3":"status-publish","4":"has-post-thumbnail","6":"product_cat-actividades-acuaticas","7":"product_cat-actividades-combinadas","9":"first","10":"instock","11":"shipping-taxable","12":"purchasable","13":"product-type-simple"},"acf":[],"_links":{"self":[{"href":"https:\/\/bleudubai.com\/es\/wp-json\/wp\/v2\/product\/7643","targetHints":{"allow":["GET"]}}],"collection":[{"href":"https:\/\/bleudubai.com\/es\/wp-json\/wp\/v2\/product"}],"about":[{"href":"https:\/\/bleudubai.com\/es\/wp-json\/wp\/v2\/types\/product"}],"replies":[{"embeddable":true,"href":"https:\/\/bleudubai.com\/es\/wp-json\/wp\/v2\/comments?post=7643"}],"wp:featuredmedia":[{"embeddable":true,"href":"https:\/\/bleudubai.com\/es\/wp-json\/wp\/v2\/media\/6699"}],"wp:attachment":[{"href":"https:\/\/bleudubai.com\/es\/wp-json\/wp\/v2\/media?parent=7643"}],"wp:term":[{"taxonomy":"product_brand","embeddable":true,"href":"https:\/\/bleudubai.com\/es\/wp-json\/wp\/v2\/product_brand?post=7643"},{"taxonomy":"product_cat","embeddable":true,"href":"https:\/\/bleudubai.com\/es\/wp-json\/wp\/v2\/product_cat?post=7643"},{"taxonomy":"product_tag","embeddable":true,"href":"https:\/\/bleudubai.com\/es\/wp-json\/wp\/v2\/product_tag?post=7643"}],"curies":[{"name":"wp","href":"https:\/\/api.w.org\/{rel}","templated":true}]}}