{"id":7652,"date":"2024-09-01T19:38:13","date_gmt":"2024-09-01T19:38:13","guid":{"rendered":"https:\/\/bleudubai.com\/product\/explora-palm-jumeirah-en-stand-up-paddle-duracion-60-minutos\/"},"modified":"2025-10-01T18:29:21","modified_gmt":"2025-10-01T14:29:21","slug":"explora-palm-jumeirah-en-stand-up-paddle-duracion-60-minutos","status":"publish","type":"product","link":"https:\/\/bleudubai.com\/es\/producto\/explora-palm-jumeirah-en-stand-up-paddle-duracion-60-minutos\/","title":{"rendered":"Explora Palm Jumeirah en Stand Up Paddle &#8211; Duraci\u00f3n 60 minutos"},"content":{"rendered":"<p>Emb\u00e1rcate en una aventura de Stand Up Paddle en las centelleantes aguas de Palm Jumeirah. Encuentra el equilibrio sobre la tabla y disfruta de la libertad de deslizarte por esta emblem\u00e1tica isla. Escapa del ritmo fren\u00e9tico de la ciudad, toma el sol en la cara y d\u00e9jate llevar por la brisa marina. Esta actividad es apta para todos los niveles y ofrecemos una sesi\u00f3n de entrenamiento gratuita de 15 minutos para principiantes. Invita a tus amigos y familiares a compartir contigo esta experiencia inolvidable.<\/p>\n","protected":false},"excerpt":{"rendered":"<p>Descubre Palm Jumeirah desde el agua en una experiencia de Stand Up Paddle. Alquila una tabla y admira las impresionantes vistas de Dubai. Disfruta de la puesta o la salida del sol sobre el magn\u00edfico horizonte.  <\/p>\n","protected":false},"featured_media":6654,"comment_status":"open","ping_status":"closed","template":"","meta":{"_acf_changed":false},"product_brand":[],"product_cat":[147,167],"product_tag":[],"class_list":{"0":"post-7652","1":"product","2":"type-product","3":"status-publish","4":"has-post-thumbnail","6":"product_cat-actividades-acuaticas","7":"product_cat-actividades-familiares","9":"first","10":"instock","11":"shipping-taxable","12":"purchasable","13":"product-type-simple"},"acf":[],"_links":{"self":[{"href":"https:\/\/bleudubai.com\/es\/wp-json\/wp\/v2\/product\/7652","targetHints":{"allow":["GET"]}}],"collection":[{"href":"https:\/\/bleudubai.com\/es\/wp-json\/wp\/v2\/product"}],"about":[{"href":"https:\/\/bleudubai.com\/es\/wp-json\/wp\/v2\/types\/product"}],"replies":[{"embeddable":true,"href":"https:\/\/bleudubai.com\/es\/wp-json\/wp\/v2\/comments?post=7652"}],"wp:featuredmedia":[{"embeddable":true,"href":"https:\/\/bleudubai.com\/es\/wp-json\/wp\/v2\/media\/6654"}],"wp:attachment":[{"href":"https:\/\/bleudubai.com\/es\/wp-json\/wp\/v2\/media?parent=7652"}],"wp:term":[{"taxonomy":"product_brand","embeddable":true,"href":"https:\/\/bleudubai.com\/es\/wp-json\/wp\/v2\/product_brand?post=7652"},{"taxonomy":"product_cat","embeddable":true,"href":"https:\/\/bleudubai.com\/es\/wp-json\/wp\/v2\/product_cat?post=7652"},{"taxonomy":"product_tag","embeddable":true,"href":"https:\/\/bleudubai.com\/es\/wp-json\/wp\/v2\/product_tag?post=7652"}],"curies":[{"name":"wp","href":"https:\/\/api.w.org\/{rel}","templated":true}]}}