{"id":7653,"date":"2024-09-01T19:38:13","date_gmt":"2024-09-01T15:38:13","guid":{"rendered":"https:\/\/bleudubai.com\/product\/explora-las-maravillas-del-arrecife-submarino-burj-al-arab-a-dubai\/"},"modified":"2024-09-01T19:38:13","modified_gmt":"2024-09-01T19:38:13","slug":"explora-las-maravillas-del-arrecife-submarino-burj-al-arab-a-dubai","status":"publish","type":"product","link":"https:\/\/bleudubai.com\/es\/producto\/explora-las-maravillas-del-arrecife-submarino-burj-al-arab-a-dubai\/","title":{"rendered":"Explora las maravillas del arrecife submarino del Burj Al Arab en Dubai"},"content":{"rendered":"<p>El programa de Buceo Discovery te ofrece la oportunidad de sumergirte en el mundo submarino sin experiencia previa. Es la oportunidad perfecta para que buceadores no certificados descubran las maravillas de este fascinante entorno bajo la direcci\u00f3n de nuestros experimentados instructores. Se te presentar\u00e1n los fundamentos del buceo, incluidos el equipo y las normas de seguridad, y practicar\u00e1s habilidades b\u00e1sicas en aguas confinadas antes de aventurarte en barco a uno de los arrecifes de coral del Burj Al Arab de Dubai. Tu instructor estar\u00e1 a tu lado en todo momento, permiti\u00e9ndote relajarte y disfrutar de los coloridos corales y la vida marina. Tanto si viajas solo como en grupo, esta actividad familiar te dar\u00e1 la oportunidad de hacer nuevos amigos mientras exploras el fondo marino. Tu instructor tambi\u00e9n capturar\u00e1 fotos de tus momentos memorables, para que puedas relajarte y disfrutar de esta prueba de submarinismo.<\/p>\n","protected":false},"excerpt":{"rendered":"<p>Descubre una experiencia \u00fanica explorando el mundo submarino del arrecife del Burj Al Arab en Dubai.<\/p>\n","protected":false},"featured_media":6669,"comment_status":"open","ping_status":"closed","template":"","meta":{"_acf_changed":false},"product_brand":[],"product_cat":[147,152],"product_tag":[],"class_list":{"0":"post-7653","1":"product","2":"type-product","3":"status-publish","4":"has-post-thumbnail","6":"product_cat-actividades-acuaticas","7":"product_cat-actividades-combinadas","9":"first","10":"instock","11":"shipping-taxable","12":"purchasable","13":"product-type-simple"},"acf":[],"_links":{"self":[{"href":"https:\/\/bleudubai.com\/es\/wp-json\/wp\/v2\/product\/7653","targetHints":{"allow":["GET"]}}],"collection":[{"href":"https:\/\/bleudubai.com\/es\/wp-json\/wp\/v2\/product"}],"about":[{"href":"https:\/\/bleudubai.com\/es\/wp-json\/wp\/v2\/types\/product"}],"replies":[{"embeddable":true,"href":"https:\/\/bleudubai.com\/es\/wp-json\/wp\/v2\/comments?post=7653"}],"wp:featuredmedia":[{"embeddable":true,"href":"https:\/\/bleudubai.com\/es\/wp-json\/wp\/v2\/media\/6669"}],"wp:attachment":[{"href":"https:\/\/bleudubai.com\/es\/wp-json\/wp\/v2\/media?parent=7653"}],"wp:term":[{"taxonomy":"product_brand","embeddable":true,"href":"https:\/\/bleudubai.com\/es\/wp-json\/wp\/v2\/product_brand?post=7653"},{"taxonomy":"product_cat","embeddable":true,"href":"https:\/\/bleudubai.com\/es\/wp-json\/wp\/v2\/product_cat?post=7653"},{"taxonomy":"product_tag","embeddable":true,"href":"https:\/\/bleudubai.com\/es\/wp-json\/wp\/v2\/product_tag?post=7653"}],"curies":[{"name":"wp","href":"https:\/\/api.w.org\/{rel}","templated":true}]}}