{"id":7666,"date":"2024-09-01T19:38:13","date_gmt":"2024-09-01T15:38:13","guid":{"rendered":"https:\/\/bleudubai.com\/product\/kayak-guiado-para-descubrir-el-parque-nacional-dabu-dhabi-oriental-manglar\/"},"modified":"2024-11-11T20:33:21","modified_gmt":"2024-11-11T20:33:21","slug":"kayak-guiado-para-descubrir-el-parque-nacional-dabu-dhabi-oriental-manglar","status":"publish","type":"product","link":"https:\/\/bleudubai.com\/es\/producto\/kayak-guiado-para-descubrir-el-parque-nacional-dabu-dhabi-oriental-manglar\/","title":{"rendered":"Excursi\u00f3n guiada en kayak por el Parque Nacional de los Manglares Orientales de Abu Dhabi"},"content":{"rendered":"<p>Explora el singular Parque Nacional de los Manglares Orientales en una excursi\u00f3n guiada en kayak en Abu Dhabi. Descubre un pr\u00f3spero h\u00e1bitat que alberga m\u00e1s de 60 especies de aves, tortugas y mam\u00edferos marinos, as\u00ed como una gran variedad de mariscos, peces y cangrejos.<br \/>\nDisfruta de tiempo libre para ba\u00f1arte en la playa. Empieza el d\u00eda poni\u00e9ndote el chaleco salvavidas y cogiendo tu remo, seguido de una sesi\u00f3n informativa de seguridad en kayak de 10 minutos. A continuaci\u00f3n, emb\u00e1rcate en una excursi\u00f3n de 2 horas por los magn\u00edficos manglares, descubriendo su belleza e importancia. T\u00f3mate un descanso de 15 minutos para descansar, hacer fotos o nadar en una pintoresca playa. Este lugar es ideal para familias, observadores de aves y fot\u00f3grafos que buscan alejarse de la ciudad durante unas horas.<\/p>\n","protected":false},"excerpt":{"rendered":"<p>Sum\u00e9rgete en un lado diferente de Abu Dhabi con una relajante excursi\u00f3n en kayak por manglares salados y humedales. Descubre este tesoro natural con un gu\u00eda local. <\/p>\n","protected":false},"featured_media":6639,"comment_status":"open","ping_status":"closed","template":"","meta":{"_acf_changed":false},"product_brand":[],"product_cat":[147,177,167],"product_tag":[],"class_list":{"0":"post-7666","1":"product","2":"type-product","3":"status-publish","4":"has-post-thumbnail","6":"product_cat-actividades-acuaticas","7":"product_cat-actividades-en-abu-dhabi","8":"product_cat-actividades-familiares","10":"first","11":"instock","12":"shipping-taxable","13":"purchasable","14":"product-type-simple"},"acf":[],"_links":{"self":[{"href":"https:\/\/bleudubai.com\/es\/wp-json\/wp\/v2\/product\/7666","targetHints":{"allow":["GET"]}}],"collection":[{"href":"https:\/\/bleudubai.com\/es\/wp-json\/wp\/v2\/product"}],"about":[{"href":"https:\/\/bleudubai.com\/es\/wp-json\/wp\/v2\/types\/product"}],"replies":[{"embeddable":true,"href":"https:\/\/bleudubai.com\/es\/wp-json\/wp\/v2\/comments?post=7666"}],"wp:featuredmedia":[{"embeddable":true,"href":"https:\/\/bleudubai.com\/es\/wp-json\/wp\/v2\/media\/6639"}],"wp:attachment":[{"href":"https:\/\/bleudubai.com\/es\/wp-json\/wp\/v2\/media?parent=7666"}],"wp:term":[{"taxonomy":"product_brand","embeddable":true,"href":"https:\/\/bleudubai.com\/es\/wp-json\/wp\/v2\/product_brand?post=7666"},{"taxonomy":"product_cat","embeddable":true,"href":"https:\/\/bleudubai.com\/es\/wp-json\/wp\/v2\/product_cat?post=7666"},{"taxonomy":"product_tag","embeddable":true,"href":"https:\/\/bleudubai.com\/es\/wp-json\/wp\/v2\/product_tag?post=7666"}],"curies":[{"name":"wp","href":"https:\/\/api.w.org\/{rel}","templated":true}]}}