{"id":7667,"date":"2024-09-01T19:38:35","date_gmt":"2024-09-01T19:38:35","guid":{"rendered":"https:\/\/bleudubai.com\/product\/yate-crucero-con-desayuno-o-barbacoa-desde-la-marina-parte-de-dubai\/"},"modified":"2025-10-09T17:17:38","modified_gmt":"2025-10-09T13:17:38","slug":"yate-crucero-con-desayuno-o-barbacoa-desde-la-marina-parte-de-dubai","status":"publish","type":"product","link":"https:\/\/bleudubai.com\/es\/producto\/yate-crucero-con-desayuno-o-barbacoa-desde-la-marina-parte-de-dubai\/","title":{"rendered":"Crucero en yate con desayuno o barbacoa saliendo del puerto deportivo de Dubai"},"content":{"rendered":"<p>Descubre Dubai desde el agua en un crucero inolvidable. Navega por el puerto deportivo de Dubai hasta la isla Blue Water, pasando por el Dubai Eye, la playa de Jumeirah, la Palmera y el famoso Burj Al Arab. Disfruta de una c\u00e1lida bienvenida a bordo de tu yate, donde degustar\u00e1s un delicioso desayuno o una barbacoa, como prefieras.<\/p>\n<p>El yate, de 20 metros de eslora, ofrece excelentes instalaciones, como un comedor y tres magn\u00edficos camarotes ba\u00f1ados por la luz natural. T\u00fambate al sol o a la sombra, como prefieras.<\/p>\n","protected":false},"excerpt":{"rendered":"<p>Explora los lugares emblem\u00e1ticos de Dubai en un crucero en yate que sale del puerto deportivo. Disfruta de una visita guiada y de un delicioso desayuno o barbacoa reci\u00e9n preparados a bordo. <\/p>\n","protected":false},"featured_media":6789,"comment_status":"open","ping_status":"closed","template":"","meta":{"_acf_changed":false},"product_brand":[],"product_cat":[167,192,182],"product_tag":[],"class_list":{"0":"post-7667","1":"product","2":"type-product","3":"status-publish","4":"has-post-thumbnail","6":"product_cat-actividades-familiares","7":"product_cat-city-pass-es","8":"product_cat-paseo-en-barco","10":"first","11":"instock","12":"featured","13":"shipping-taxable","14":"purchasable","15":"product-type-simple"},"acf":[],"_links":{"self":[{"href":"https:\/\/bleudubai.com\/es\/wp-json\/wp\/v2\/product\/7667","targetHints":{"allow":["GET"]}}],"collection":[{"href":"https:\/\/bleudubai.com\/es\/wp-json\/wp\/v2\/product"}],"about":[{"href":"https:\/\/bleudubai.com\/es\/wp-json\/wp\/v2\/types\/product"}],"replies":[{"embeddable":true,"href":"https:\/\/bleudubai.com\/es\/wp-json\/wp\/v2\/comments?post=7667"}],"wp:featuredmedia":[{"embeddable":true,"href":"https:\/\/bleudubai.com\/es\/wp-json\/wp\/v2\/media\/6789"}],"wp:attachment":[{"href":"https:\/\/bleudubai.com\/es\/wp-json\/wp\/v2\/media?parent=7667"}],"wp:term":[{"taxonomy":"product_brand","embeddable":true,"href":"https:\/\/bleudubai.com\/es\/wp-json\/wp\/v2\/product_brand?post=7667"},{"taxonomy":"product_cat","embeddable":true,"href":"https:\/\/bleudubai.com\/es\/wp-json\/wp\/v2\/product_cat?post=7667"},{"taxonomy":"product_tag","embeddable":true,"href":"https:\/\/bleudubai.com\/es\/wp-json\/wp\/v2\/product_tag?post=7667"}],"curies":[{"name":"wp","href":"https:\/\/api.w.org\/{rel}","templated":true}]}}