{"id":7669,"date":"2024-09-01T19:38:35","date_gmt":"2024-09-01T19:38:35","guid":{"rendered":"https:\/\/bleudubai.com\/product\/descubre-el-desierto-conduciendo-un-quad-una-experiencia-inolvidable\/"},"modified":"2024-11-11T20:33:38","modified_gmt":"2024-11-11T20:33:38","slug":"descubre-el-desierto-conduciendo-un-quad-una-experiencia-inolvidable","status":"publish","type":"product","link":"https:\/\/bleudubai.com\/es\/producto\/descubre-el-desierto-conduciendo-un-quad-una-experiencia-inolvidable\/","title":{"rendered":"Descubre el desierto en quad: una experiencia inolvidable"},"content":{"rendered":"<p>Vive una aventura \u00e9pica en el desierto de Dubai a bordo de un quad de \u00faltima generaci\u00f3n. Disfruta de un veh\u00edculo f\u00e1cil de conducir gracias a su caja de cambios autom\u00e1tica y a su tracci\u00f3n a las 4 ruedas. Esc\u00e1pate con seguridad en esta excursi\u00f3n guiada y experimenta la emoci\u00f3n de este veh\u00edculo r\u00e1pido y maniobrable. Contempla la belleza del desierto en esta aventura \u00fanica. Elige entre un Recorrido de Descubrimiento o un Recorrido de Exploraci\u00f3n de 1 \u00f3 2 horas y descubre impresionantes dunas como las de Big Red o Pink Rock.<\/p>\n","protected":false},"excerpt":{"rendered":"<p>Descubre el desierto en una aventura en quad desde Dubai. Cabalga sobre dunas famosas como Big Red, Pink Rock y Fossil Rock. <\/p>\n","protected":false},"featured_media":6774,"comment_status":"open","ping_status":"closed","template":"","meta":{"_acf_changed":false},"product_brand":[],"product_cat":[162,172,207,197],"product_tag":[],"class_list":{"0":"post-7669","1":"product","2":"type-product","3":"status-publish","4":"has-post-thumbnail","6":"product_cat-actividades-en-el-desierto","7":"product_cat-actividades-imprescindibles","8":"product_cat-deporte-y-adrenalina","9":"product_cat-los-imprescindibles","11":"first","12":"instock","13":"shipping-taxable","14":"purchasable","15":"product-type-simple"},"acf":[],"_links":{"self":[{"href":"https:\/\/bleudubai.com\/es\/wp-json\/wp\/v2\/product\/7669","targetHints":{"allow":["GET"]}}],"collection":[{"href":"https:\/\/bleudubai.com\/es\/wp-json\/wp\/v2\/product"}],"about":[{"href":"https:\/\/bleudubai.com\/es\/wp-json\/wp\/v2\/types\/product"}],"replies":[{"embeddable":true,"href":"https:\/\/bleudubai.com\/es\/wp-json\/wp\/v2\/comments?post=7669"}],"wp:featuredmedia":[{"embeddable":true,"href":"https:\/\/bleudubai.com\/es\/wp-json\/wp\/v2\/media\/6774"}],"wp:attachment":[{"href":"https:\/\/bleudubai.com\/es\/wp-json\/wp\/v2\/media?parent=7669"}],"wp:term":[{"taxonomy":"product_brand","embeddable":true,"href":"https:\/\/bleudubai.com\/es\/wp-json\/wp\/v2\/product_brand?post=7669"},{"taxonomy":"product_cat","embeddable":true,"href":"https:\/\/bleudubai.com\/es\/wp-json\/wp\/v2\/product_cat?post=7669"},{"taxonomy":"product_tag","embeddable":true,"href":"https:\/\/bleudubai.com\/es\/wp-json\/wp\/v2\/product_tag?post=7669"}],"curies":[{"name":"wp","href":"https:\/\/api.w.org\/{rel}","templated":true}]}}