{"id":7682,"date":"2024-09-01T19:38:35","date_gmt":"2024-09-01T19:38:35","guid":{"rendered":"https:\/\/bleudubai.com\/product\/explora-el-desierto-reda-una-moto-cruz-para-una-aventura-inolvidable\/"},"modified":"2024-11-11T20:33:44","modified_gmt":"2024-11-11T20:33:44","slug":"explora-el-desierto-reda-una-moto-cruz-para-una-aventura-inolvidable","status":"publish","type":"product","link":"https:\/\/bleudubai.com\/es\/producto\/explora-el-desierto-reda-una-moto-cruz-para-una-aventura-inolvidable\/","title":{"rendered":"Explora el Desierto Rojo en moto de motocross para vivir una aventura inolvidable"},"content":{"rendered":"<p>\u00bfEres un entusiasta del motocross en busca de aventuras extraordinarias? \u00danete a nosotros para vivir una experiencia \u00fanica en el desierto. Nuestra actividad re\u00fane a entusiastas de las dos ruedas de todo el mundo, movidos por la misma pasi\u00f3n. D\u00e9jate llevar por el placer de conducir mientras descubres nuevas sensaciones sobre las arenas doradas del desierto.<br \/>\nPon a prueba tus habilidades en un emocionante recorrido de enduro, poniendo a prueba el rendimiento de tu moto en un entorno impresionante. Nuestros experimentados gu\u00edas estar\u00e1n contigo en cada paso del camino, permiti\u00e9ndote aprovechar al m\u00e1ximo cada momento. Tanto si eres principiante como experto, puedes estar seguro de que te esperan momentos intensos y emociones fuertes. <\/p>\n","protected":false},"excerpt":{"rendered":"<p>Explora el desierto rojo de los Emiratos \u00c1rabes Unidos en una emocionante aventura de moto cross. Descubre la sensaci\u00f3n de libertad absoluta y crea recuerdos inolvidables en el coraz\u00f3n de las dunas. <\/p>\n","protected":false},"featured_media":6759,"comment_status":"open","ping_status":"closed","template":"","meta":{"_acf_changed":false},"product_brand":[],"product_cat":[162,207],"product_tag":[],"class_list":{"0":"post-7682","1":"product","2":"type-product","3":"status-publish","4":"has-post-thumbnail","6":"product_cat-actividades-en-el-desierto","7":"product_cat-deporte-y-adrenalina","9":"first","10":"instock","11":"shipping-taxable","12":"purchasable","13":"product-type-simple"},"acf":[],"_links":{"self":[{"href":"https:\/\/bleudubai.com\/es\/wp-json\/wp\/v2\/product\/7682","targetHints":{"allow":["GET"]}}],"collection":[{"href":"https:\/\/bleudubai.com\/es\/wp-json\/wp\/v2\/product"}],"about":[{"href":"https:\/\/bleudubai.com\/es\/wp-json\/wp\/v2\/types\/product"}],"replies":[{"embeddable":true,"href":"https:\/\/bleudubai.com\/es\/wp-json\/wp\/v2\/comments?post=7682"}],"wp:featuredmedia":[{"embeddable":true,"href":"https:\/\/bleudubai.com\/es\/wp-json\/wp\/v2\/media\/6759"}],"wp:attachment":[{"href":"https:\/\/bleudubai.com\/es\/wp-json\/wp\/v2\/media?parent=7682"}],"wp:term":[{"taxonomy":"product_brand","embeddable":true,"href":"https:\/\/bleudubai.com\/es\/wp-json\/wp\/v2\/product_brand?post=7682"},{"taxonomy":"product_cat","embeddable":true,"href":"https:\/\/bleudubai.com\/es\/wp-json\/wp\/v2\/product_cat?post=7682"},{"taxonomy":"product_tag","embeddable":true,"href":"https:\/\/bleudubai.com\/es\/wp-json\/wp\/v2\/product_tag?post=7682"}],"curies":[{"name":"wp","href":"https:\/\/api.w.org\/{rel}","templated":true}]}}