{"id":7683,"date":"2024-09-01T19:38:35","date_gmt":"2024-09-01T15:38:35","guid":{"rendered":"https:\/\/bleudubai.com\/product\/descubre-el-desierto-volando-dun-buggy-una-experiencia-inolvidable\/"},"modified":"2025-10-01T18:30:10","modified_gmt":"2025-10-01T14:30:10","slug":"descubre-el-desierto-volando-dun-buggy-una-experiencia-inolvidable","status":"publish","type":"product","link":"https:\/\/bleudubai.com\/es\/producto\/descubre-el-desierto-volando-dun-buggy-una-experiencia-inolvidable\/","title":{"rendered":"Descubre el desierto en buggy: una experiencia inolvidable"},"content":{"rendered":"<p>Sum\u00e9rjase en una aventura \u00e9pica en el desierto de Dubai a bordo de un buggy de \u00faltima generaci\u00f3n.<br \/>\nAprovecha la facilidad de conducci\u00f3n que ofrece su caja de cambios autom\u00e1tica y su tracci\u00f3n a las 4 ruedas.<\/p>\n<p>En esta visita guiada, podr\u00e1 viajar con total seguridad y experimentar las emociones de este veh\u00edculo r\u00e1pido y maniobrable. Admire la belleza del desierto a lo largo de esta aventura \u00fanica. <\/p>\n<p>Elija una de nuestras excursiones de descubrimiento o exploraci\u00f3n de 1-2 horas y conquiste impresionantes dunas como Big Red o Pink Rock.<\/p>\n","protected":false},"excerpt":{"rendered":"<p>Descubre el desierto en una aventura en buggy desde Dubai. Cabalga sobre dunas famosas como Big Red, Pink Rock y Fossil Rock. <\/p>\n","protected":false},"featured_media":8787,"comment_status":"open","ping_status":"closed","template":"","meta":{"_acf_changed":false},"product_brand":[],"product_cat":[162,172,207,197],"product_tag":[],"class_list":{"0":"post-7683","1":"product","2":"type-product","3":"status-publish","4":"has-post-thumbnail","6":"product_cat-actividades-en-el-desierto","7":"product_cat-actividades-imprescindibles","8":"product_cat-deporte-y-adrenalina","9":"product_cat-los-imprescindibles","11":"first","12":"instock","13":"featured","14":"shipping-taxable","15":"purchasable","16":"product-type-simple"},"acf":[],"_links":{"self":[{"href":"https:\/\/bleudubai.com\/es\/wp-json\/wp\/v2\/product\/7683","targetHints":{"allow":["GET"]}}],"collection":[{"href":"https:\/\/bleudubai.com\/es\/wp-json\/wp\/v2\/product"}],"about":[{"href":"https:\/\/bleudubai.com\/es\/wp-json\/wp\/v2\/types\/product"}],"replies":[{"embeddable":true,"href":"https:\/\/bleudubai.com\/es\/wp-json\/wp\/v2\/comments?post=7683"}],"wp:featuredmedia":[{"embeddable":true,"href":"https:\/\/bleudubai.com\/es\/wp-json\/wp\/v2\/media\/8787"}],"wp:attachment":[{"href":"https:\/\/bleudubai.com\/es\/wp-json\/wp\/v2\/media?parent=7683"}],"wp:term":[{"taxonomy":"product_brand","embeddable":true,"href":"https:\/\/bleudubai.com\/es\/wp-json\/wp\/v2\/product_brand?post=7683"},{"taxonomy":"product_cat","embeddable":true,"href":"https:\/\/bleudubai.com\/es\/wp-json\/wp\/v2\/product_cat?post=7683"},{"taxonomy":"product_tag","embeddable":true,"href":"https:\/\/bleudubai.com\/es\/wp-json\/wp\/v2\/product_tag?post=7683"}],"curies":[{"name":"wp","href":"https:\/\/api.w.org\/{rel}","templated":true}]}}