{"id":7696,"date":"2024-09-01T19:38:35","date_gmt":"2024-09-01T19:38:35","guid":{"rendered":"https:\/\/bleudubai.com\/product\/excursion-guiada-de-buceo-en-fujairah-con-almuerzo-barbacoa\/"},"modified":"2024-11-11T20:33:55","modified_gmt":"2024-11-11T20:33:55","slug":"excursion-guiada-de-buceo-en-fujairah-con-almuerzo-barbacoa","status":"publish","type":"product","link":"https:\/\/bleudubai.com\/es\/producto\/excursion-guiada-de-buceo-en-fujairah-con-almuerzo-barbacoa\/","title":{"rendered":"Excursi\u00f3n guiada de snorkel por Fujairah con almuerzo a la barbacoa"},"content":{"rendered":"<p>Descubre la fascinante vida de los peces ex\u00f3ticos que habitan las aguas de Fujairah simplemente poni\u00e9ndote una m\u00e1scara y un tubo. Esta actividad segura y divertida, apta para todas las edades, te permitir\u00e1 explorar los magn\u00edficos corales y bancos de peces de colores que habitan esta regi\u00f3n. Se te proporcionar\u00e1 todo el equipo necesario, incluida la m\u00e1scara, el tubo y las aletas. Tambi\u00e9n hay chalecos salvavidas disponibles para los que prefieran apoyo en la superficie, y nuestro equipo de gu\u00edas profesionales de snorkel est\u00e1 a tu disposici\u00f3n si lo solicitas. Una vez en el lugar de buceo, s\u00f3lo tienes que ponerte el equipo y sumergirte para comenzar tu aventura. Explora el asombroso mundo submarino, observa la belleza bajo la superficie del agua y encuentra una gran variedad de criaturas marinas, como tortugas, rayas e incluso tiburones. Nuestro lujoso barco de buceo te acompa\u00f1ar\u00e1 durante todo el d\u00eda, ofreci\u00e9ndote aseos a bordo, tumbonas y bebidas para mantenerte hidratado durante tu experiencia de snorkel. Tu experimentado gu\u00eda seleccionar\u00e1 los mejores lugares para practicar snorkel en funci\u00f3n de las condiciones meteorol\u00f3gicas y del mar. Cada viaje incluir\u00e1 visitas a dos lugares diferentes, ofreciendo una exploraci\u00f3n submarina variada. Al final del d\u00eda, te espera un delicioso almuerzo a la barbacoa. De camino, haremos dos paradas para admirar la famosa cascada de Khorfakkan y disfrutar de la vista panor\u00e1mica del anfiteatro de Khorfakkan.<\/p>\n","protected":false},"excerpt":{"rendered":"<p>Descubre la impresionante vida acu\u00e1tica de Fujairah en una excursi\u00f3n de snorkel. No hace falta ser buceador para explorar los espectaculares parajes de Fujairah y disfrutar de un delicioso almuerzo a la barbacoa. <\/p>\n","protected":false},"featured_media":6729,"comment_status":"open","ping_status":"closed","template":"","meta":{"_acf_changed":false},"product_brand":[],"product_cat":[147,152,167,172],"product_tag":[],"class_list":{"0":"post-7696","1":"product","2":"type-product","3":"status-publish","4":"has-post-thumbnail","6":"product_cat-actividades-acuaticas","7":"product_cat-actividades-combinadas","8":"product_cat-actividades-familiares","9":"product_cat-actividades-imprescindibles","11":"first","12":"instock","13":"shipping-taxable","14":"purchasable","15":"product-type-simple"},"acf":[],"_links":{"self":[{"href":"https:\/\/bleudubai.com\/es\/wp-json\/wp\/v2\/product\/7696","targetHints":{"allow":["GET"]}}],"collection":[{"href":"https:\/\/bleudubai.com\/es\/wp-json\/wp\/v2\/product"}],"about":[{"href":"https:\/\/bleudubai.com\/es\/wp-json\/wp\/v2\/types\/product"}],"replies":[{"embeddable":true,"href":"https:\/\/bleudubai.com\/es\/wp-json\/wp\/v2\/comments?post=7696"}],"wp:featuredmedia":[{"embeddable":true,"href":"https:\/\/bleudubai.com\/es\/wp-json\/wp\/v2\/media\/6729"}],"wp:attachment":[{"href":"https:\/\/bleudubai.com\/es\/wp-json\/wp\/v2\/media?parent=7696"}],"wp:term":[{"taxonomy":"product_brand","embeddable":true,"href":"https:\/\/bleudubai.com\/es\/wp-json\/wp\/v2\/product_brand?post=7696"},{"taxonomy":"product_cat","embeddable":true,"href":"https:\/\/bleudubai.com\/es\/wp-json\/wp\/v2\/product_cat?post=7696"},{"taxonomy":"product_tag","embeddable":true,"href":"https:\/\/bleudubai.com\/es\/wp-json\/wp\/v2\/product_tag?post=7696"}],"curies":[{"name":"wp","href":"https:\/\/api.w.org\/{rel}","templated":true}]}}