{"id":7697,"date":"2024-09-01T19:38:35","date_gmt":"2024-09-01T19:38:35","guid":{"rendered":"https:\/\/bleudubai.com\/product\/submarinismo-padi-y-snorkel-para-principiantes-con-almuerzo-barbacoa\/"},"modified":"2024-09-01T19:38:35","modified_gmt":"2024-09-01T19:38:35","slug":"submarinismo-padi-y-snorkel-para-principiantes-con-almuerzo-barbacoa","status":"publish","type":"product","link":"https:\/\/bleudubai.com\/es\/producto\/submarinismo-padi-y-snorkel-para-principiantes-con-almuerzo-barbacoa\/","title":{"rendered":"Buceo y snorkel PADI para principiantes con almuerzo barbacoa"},"content":{"rendered":"<p>\u00bfHas so\u00f1ado alguna vez con respirar bajo el agua? El programa Discovery Scuba Diving te ofrece esta incre\u00edble oportunidad. Tanto si eres principiante como si no, nuestros instructores te guiar\u00e1n en cada paso del camino. Descubrir\u00e1s los fundamentos del buceo, conocer\u00e1s el equipo y las normas de seguridad, y luego har\u00e1s una inmersi\u00f3n en los magn\u00edficos arrecifes de coral de Fujairah. Disfruta de la compa\u00f1\u00eda de tu instructor, haz fotos de tus momentos inolvidables y rel\u00e1jate mientras admiras los coloridos corales y la vida marina. Esta agradable actividad es perfecta para grupos de amigos o viajeros en solitario. Al final del d\u00eda, te espera un delicioso almuerzo a la barbacoa. En el camino de vuelta, tendr\u00e1s la oportunidad de descubrir la famosa cascada de Khor Fakkan y disfrutar de la vista del anfiteatro de Khor Fakkan.<\/p>\n","protected":false},"excerpt":{"rendered":"<p>\u00a1Prep\u00e1rate para una incre\u00edble aventura en Dubai! Explora la vida marina, descubre ecosistemas fascinantes y vive momentos inolvidables bajo el agua. <\/p>\n","protected":false},"featured_media":6714,"comment_status":"open","ping_status":"closed","template":"","meta":{"_acf_changed":false},"product_brand":[],"product_cat":[147,152],"product_tag":[],"class_list":{"0":"post-7697","1":"product","2":"type-product","3":"status-publish","4":"has-post-thumbnail","6":"product_cat-actividades-acuaticas","7":"product_cat-actividades-combinadas","9":"first","10":"instock","11":"shipping-taxable","12":"purchasable","13":"product-type-simple"},"acf":[],"_links":{"self":[{"href":"https:\/\/bleudubai.com\/es\/wp-json\/wp\/v2\/product\/7697","targetHints":{"allow":["GET"]}}],"collection":[{"href":"https:\/\/bleudubai.com\/es\/wp-json\/wp\/v2\/product"}],"about":[{"href":"https:\/\/bleudubai.com\/es\/wp-json\/wp\/v2\/types\/product"}],"replies":[{"embeddable":true,"href":"https:\/\/bleudubai.com\/es\/wp-json\/wp\/v2\/comments?post=7697"}],"wp:featuredmedia":[{"embeddable":true,"href":"https:\/\/bleudubai.com\/es\/wp-json\/wp\/v2\/media\/6714"}],"wp:attachment":[{"href":"https:\/\/bleudubai.com\/es\/wp-json\/wp\/v2\/media?parent=7697"}],"wp:term":[{"taxonomy":"product_brand","embeddable":true,"href":"https:\/\/bleudubai.com\/es\/wp-json\/wp\/v2\/product_brand?post=7697"},{"taxonomy":"product_cat","embeddable":true,"href":"https:\/\/bleudubai.com\/es\/wp-json\/wp\/v2\/product_cat?post=7697"},{"taxonomy":"product_tag","embeddable":true,"href":"https:\/\/bleudubai.com\/es\/wp-json\/wp\/v2\/product_tag?post=7697"}],"curies":[{"name":"wp","href":"https:\/\/api.w.org\/{rel}","templated":true}]}}