{"id":7700,"date":"2024-09-01T19:38:56","date_gmt":"2024-09-01T15:38:56","guid":{"rendered":"https:\/\/bleudubai.com\/product\/safari-en-el-desierto-de-dubai-chameau-sandboard-quad-o-buggy-y-cena-bbq\/"},"modified":"2026-04-10T00:48:40","modified_gmt":"2026-04-09T20:48:40","slug":"safari-en-el-desierto-de-dubai-chameau-sandboard-quad-o-buggy-y-cena-bbq","status":"publish","type":"product","link":"https:\/\/bleudubai.com\/es\/producto\/safari-en-el-desierto-de-dubai-chameau-sandboard-quad-o-buggy-y-cena-bbq\/","title":{"rendered":"Safari por el desierto de Dubai: camello, quad o buggy y cena buffet"},"content":{"rendered":"<p>Descubra el desierto de Dubai en una aventura inolvidable, que comienza con la recogida en su hotel en un veh\u00edculo todo terreno.<\/p>\n<p>Acompa\u00f1ado por un experimentado gu\u00eda local, viajar\u00e1 al desierto, a s\u00f3lo 45 minutos de Dubai. A su llegada al Lahbab Desert Camp, le dar\u00e1n una c\u00e1lida bienvenida en una tienda con aire acondicionado donde podr\u00e1 relajarse y disfrutar de un refrigerio. <\/p>\n<p>A continuaci\u00f3n, prep\u00e1rese para la emoci\u00f3n de conducir un todoterreno por las dunas. Tambi\u00e9n tendr\u00e1 la oportunidad de visitar una granja de camellos enclavada en el coraz\u00f3n del desierto. Suba la adrenalina mientras domina las dunas rojas, admirando la forma en que su veh\u00edculo se abre paso por el escarpado paisaje y rueda por las empinadas laderas.  <\/p>\n<p>Una vez finalizado el rally de dunas, tendr\u00e1 la oportunidad de probar el sandboard o simplemente disfrutar de los paisajes des\u00e9rticos que le rodean. No olvide inmortalizar este horizonte \u00fanico e infinito sacando unas fotos inolvidables. Despu\u00e9s, t\u00f3mese un descanso en las dunas rojas y disfrute de un tranquilo paseo en camello por el coraz\u00f3n del desierto.  <\/p>\n<p>Como colof\u00f3n a este memorable d\u00eda, rel\u00e1jese en un campamento tradicional donde disfrutar\u00e1 de una deliciosa cena internacional a la barbacoa y de una serie de emocionantes espect\u00e1culos emirat\u00edes. Por \u00faltimo, su gu\u00eda le llevar\u00e1 de vuelta a su hotel en Dubai, dej\u00e1ndole recuerdos imborrables de esta emocionante experiencia. <\/p>\n","protected":false},"excerpt":{"rendered":"<p>Explora el desierto de Dubai en un incre\u00edble safari que incluye un paseo en camello al atardecer. Descubre sensacionales deportes como el sandboard y el rally de dunas. <\/p>\n","protected":false},"featured_media":6879,"comment_status":"open","ping_status":"closed","template":"","meta":{"_acf_changed":false},"product_brand":[],"product_cat":[152,162,167,172,207,197],"product_tag":[],"class_list":{"0":"post-7700","1":"product","2":"type-product","3":"status-publish","4":"has-post-thumbnail","6":"product_cat-actividades-combinadas","7":"product_cat-actividades-en-el-desierto","8":"product_cat-actividades-familiares","9":"product_cat-actividades-imprescindibles","10":"product_cat-deporte-y-adrenalina","11":"product_cat-los-imprescindibles","13":"first","14":"instock","15":"featured","16":"shipping-taxable","17":"purchasable","18":"product-type-simple"},"acf":[],"_links":{"self":[{"href":"https:\/\/bleudubai.com\/es\/wp-json\/wp\/v2\/product\/7700","targetHints":{"allow":["GET"]}}],"collection":[{"href":"https:\/\/bleudubai.com\/es\/wp-json\/wp\/v2\/product"}],"about":[{"href":"https:\/\/bleudubai.com\/es\/wp-json\/wp\/v2\/types\/product"}],"replies":[{"embeddable":true,"href":"https:\/\/bleudubai.com\/es\/wp-json\/wp\/v2\/comments?post=7700"}],"wp:featuredmedia":[{"embeddable":true,"href":"https:\/\/bleudubai.com\/es\/wp-json\/wp\/v2\/media\/6879"}],"wp:attachment":[{"href":"https:\/\/bleudubai.com\/es\/wp-json\/wp\/v2\/media?parent=7700"}],"wp:term":[{"taxonomy":"product_brand","embeddable":true,"href":"https:\/\/bleudubai.com\/es\/wp-json\/wp\/v2\/product_brand?post=7700"},{"taxonomy":"product_cat","embeddable":true,"href":"https:\/\/bleudubai.com\/es\/wp-json\/wp\/v2\/product_cat?post=7700"},{"taxonomy":"product_tag","embeddable":true,"href":"https:\/\/bleudubai.com\/es\/wp-json\/wp\/v2\/product_tag?post=7700"}],"curies":[{"name":"wp","href":"https:\/\/api.w.org\/{rel}","templated":true}]}}