{"id":7712,"date":"2024-09-01T19:38:56","date_gmt":"2024-09-01T19:38:56","guid":{"rendered":"https:\/\/bleudubai.com\/product\/excursion-al-desierto-de-dubai-en-land-rover-cena-vintage-en-un-campamento-beduino\/"},"modified":"2025-10-07T08:51:39","modified_gmt":"2025-10-07T04:51:39","slug":"excursion-al-desierto-de-dubai-en-land-rover-cena-vintage-en-un-campamento-beduino","status":"publish","type":"product","link":"https:\/\/bleudubai.com\/es\/producto\/excursion-al-desierto-de-dubai-en-land-rover-cena-vintage-en-un-campamento-beduino\/","title":{"rendered":"Excursi\u00f3n al desierto de Dubai en un Land Rover de \u00e9poca &#8211; Cena en un campamento beduino"},"content":{"rendered":"<p>Retrocede en el tiempo en este recorrido en un Land Rover de \u00e9poca y descubre el Dubai de hace 50 a\u00f1os. Observa la flora y fauna locales y vive la experiencia de un campamento beduino. Sum\u00e9rgete en la cultura local con actividades como tatuajes de henna, cetrer\u00eda, shisha y m\u00fasica \u00e1rabe, seguidas de una deliciosa cena tradicional. Disfruta de la recogida en tu alojamiento de Dubai y s\u00e9 recibido con caf\u00e9 \u00e1rabe y d\u00e1tiles. Viaja a trav\u00e9s de la historia de los EAU en un emblem\u00e1tico veh\u00edculo de los a\u00f1os 50. Atraviesa el desierto y observa la fauna local en la Reserva Natural de Dubai. Termina el d\u00eda con una cena de 4 platos bajo el cielo estrellado en el Campamento Beduino, donde la historia cobra vida a trav\u00e9s de espect\u00e1culos interactivos.<\/p>\n","protected":false},"excerpt":{"rendered":"<p>Descubre la vida salvaje del desierto de Dubai mientras exploras en un Land Rover de los a\u00f1os 50. Disfruta de un espect\u00e1culo de adiestramiento de halcones y cena en un aut\u00e9ntico campamento beduino, situado en un retiro privado de la familia real. <\/p>\n","protected":false},"featured_media":6849,"comment_status":"open","ping_status":"closed","template":"","meta":{"_acf_changed":false},"product_brand":[],"product_cat":[152,162,167,172,197],"product_tag":[],"class_list":{"0":"post-7712","1":"product","2":"type-product","3":"status-publish","4":"has-post-thumbnail","6":"product_cat-actividades-combinadas","7":"product_cat-actividades-en-el-desierto","8":"product_cat-actividades-familiares","9":"product_cat-actividades-imprescindibles","10":"product_cat-los-imprescindibles","12":"first","13":"instock","14":"featured","15":"shipping-taxable","16":"purchasable","17":"product-type-simple"},"acf":[],"_links":{"self":[{"href":"https:\/\/bleudubai.com\/es\/wp-json\/wp\/v2\/product\/7712","targetHints":{"allow":["GET"]}}],"collection":[{"href":"https:\/\/bleudubai.com\/es\/wp-json\/wp\/v2\/product"}],"about":[{"href":"https:\/\/bleudubai.com\/es\/wp-json\/wp\/v2\/types\/product"}],"replies":[{"embeddable":true,"href":"https:\/\/bleudubai.com\/es\/wp-json\/wp\/v2\/comments?post=7712"}],"wp:featuredmedia":[{"embeddable":true,"href":"https:\/\/bleudubai.com\/es\/wp-json\/wp\/v2\/media\/6849"}],"wp:attachment":[{"href":"https:\/\/bleudubai.com\/es\/wp-json\/wp\/v2\/media?parent=7712"}],"wp:term":[{"taxonomy":"product_brand","embeddable":true,"href":"https:\/\/bleudubai.com\/es\/wp-json\/wp\/v2\/product_brand?post=7712"},{"taxonomy":"product_cat","embeddable":true,"href":"https:\/\/bleudubai.com\/es\/wp-json\/wp\/v2\/product_cat?post=7712"},{"taxonomy":"product_tag","embeddable":true,"href":"https:\/\/bleudubai.com\/es\/wp-json\/wp\/v2\/product_tag?post=7712"}],"curies":[{"name":"wp","href":"https:\/\/api.w.org\/{rel}","templated":true}]}}