{"id":7713,"date":"2024-09-01T19:38:56","date_gmt":"2024-09-01T19:38:56","guid":{"rendered":"https:\/\/bleudubai.com\/product\/billet-pour-les-124e-et-125e-etages-du-burj-khalifa\/"},"modified":"2025-08-20T21:00:10","modified_gmt":"2025-08-20T17:00:10","slug":"billet-pour-les-124e-et-125e-etages-du-burj-khalifa","status":"publish","type":"product","link":"https:\/\/bleudubai.com\/es\/producto\/billet-pour-les-124e-et-125e-etages-du-burj-khalifa\/","title":{"rendered":"Entradas para las plantas 124 y 125 del Burj Khalifa"},"content":{"rendered":"<p>Emb\u00e1rcate en una aventura vertical subiendo en el ascensor m\u00e1s r\u00e1pido del mundo a las plantas 124 y 125 del Burj Khalifa de Dubai. A 829 metros de altura, el Burj Khalifa se eleva sobre el centro de Dubai, ofreciendo impresionantes vistas a\u00e9reas del emirato y sus alrededores. Desde la plataforma de observaci\u00f3n, admira las panor\u00e1micas de 360 grados y descubre los detalles arquitect\u00f3nicos y tecnol\u00f3gicos que hacen del Burj Khalifa una aut\u00e9ntica maravilla de Oriente Medio. Utiliza los telescopios para explorar la ciudad desde la distancia, y no dejes de regalarte una foto de recuerdo tomada a la entrada del piso 125. Tambi\u00e9n puedes contemplar el espect\u00e1culo fascinante de la Fuente de Dubai desde las plataformas de observaci\u00f3n del Burj Khalifa. Con m\u00fasica sincronizada, esta fuente danzante m\u00e1s grande del mundo ofrece una experiencia visual y auditiva inolvidable.<\/p>\n","protected":false},"excerpt":{"rendered":"<p>Experimenta un viaje \u00fanico en el ascensor m\u00e1s r\u00e1pido del mundo hasta la cima del Burj Khalifa, el rascacielos m\u00e1s alto del mundo. Disfruta de vistas panor\u00e1micas desde los pisos 124 y 125 de este icono de Dubai. <\/p>\n","protected":false},"featured_media":6834,"comment_status":"open","ping_status":"closed","template":"","meta":{"_acf_changed":false},"product_brand":[],"product_cat":[167,172,192,187,197],"product_tag":[],"class_list":{"0":"post-7713","1":"product","2":"type-product","3":"status-publish","4":"has-post-thumbnail","6":"product_cat-actividades-familiares","7":"product_cat-actividades-imprescindibles","8":"product_cat-city-pass-es","9":"product_cat-entradas","10":"product_cat-los-imprescindibles","12":"first","13":"instock","14":"featured","15":"shipping-taxable","16":"purchasable","17":"product-type-simple"},"acf":[],"_links":{"self":[{"href":"https:\/\/bleudubai.com\/es\/wp-json\/wp\/v2\/product\/7713","targetHints":{"allow":["GET"]}}],"collection":[{"href":"https:\/\/bleudubai.com\/es\/wp-json\/wp\/v2\/product"}],"about":[{"href":"https:\/\/bleudubai.com\/es\/wp-json\/wp\/v2\/types\/product"}],"replies":[{"embeddable":true,"href":"https:\/\/bleudubai.com\/es\/wp-json\/wp\/v2\/comments?post=7713"}],"wp:featuredmedia":[{"embeddable":true,"href":"https:\/\/bleudubai.com\/es\/wp-json\/wp\/v2\/media\/6834"}],"wp:attachment":[{"href":"https:\/\/bleudubai.com\/es\/wp-json\/wp\/v2\/media?parent=7713"}],"wp:term":[{"taxonomy":"product_brand","embeddable":true,"href":"https:\/\/bleudubai.com\/es\/wp-json\/wp\/v2\/product_brand?post=7713"},{"taxonomy":"product_cat","embeddable":true,"href":"https:\/\/bleudubai.com\/es\/wp-json\/wp\/v2\/product_cat?post=7713"},{"taxonomy":"product_tag","embeddable":true,"href":"https:\/\/bleudubai.com\/es\/wp-json\/wp\/v2\/product_tag?post=7713"}],"curies":[{"name":"wp","href":"https:\/\/api.w.org\/{rel}","templated":true}]}}