{"id":7726,"date":"2024-09-01T19:38:56","date_gmt":"2024-09-01T19:38:56","guid":{"rendered":"https:\/\/bleudubai.com\/product\/cena-crucero-en-la-marina-con-musica-en-vivo-una-experiencia-inolvidable-un-dubai\/"},"modified":"2025-10-01T18:28:10","modified_gmt":"2025-10-01T14:28:10","slug":"cena-crucero-en-la-marina-con-musica-en-vivo-una-experiencia-inolvidable-un-dubai","status":"publish","type":"product","link":"https:\/\/bleudubai.com\/es\/producto\/cena-crucero-en-la-marina-con-musica-en-vivo-una-experiencia-inolvidable-un-dubai\/","title":{"rendered":"Cena crucero en el puerto deportivo con m\u00fasica en directo: Una experiencia inolvidable en Dubai"},"content":{"rendered":"<p>Sube a bordo de un suntuoso barco con techo de cristal y disfruta de un crucero con cena por el puerto deportivo de Dubai, Ain Wheel y JBR.<br \/>\nD\u00e9jate seducir por una experiencia exclusiva. Disfruta de una bebida de cortes\u00eda mientras paseas por las dos cubiertas del barco: la cubierta inferior acristalada para disfrutar de unas vistas \u00f3ptimas y la cubierta superior al aire libre para disfrutar de la brisa del Golfo P\u00e9rsico.<br \/>\nSaborea un delicioso buf\u00e9 de platos continentales y orientales, acompa\u00f1ado de una refinada selecci\u00f3n de zumos de fruta y bebidas refrescantes. D\u00e9jate llevar por la rom\u00e1ntica atm\u00f3sfera creada por una suave melod\u00eda. Despu\u00e9s de cenar, admira las impresionantes vistas desde las terrazas al aire libre mientras el crucero te lleva de vuelta al muelle hacia las 22:00. Ejemplo de men\u00fa: Ensaladas :<\/p>\n<ul>\n<li>Ensalada asi\u00e1tica de at\u00fan<\/li>\n<li>Patatas ratte con mayonesa de miel y reducci\u00f3n de vinagre<\/li>\n<li>Ensalada libanesa fattoush con pepino y tomate<\/li>\n<li>Hummus<\/li>\n<li>Fasolia<\/li>\n<li>Pasta con pesto de albahaca<\/li>\n<li>Aderezo franc\u00e9s<\/li>\n<li>Aceite de oliva y vinagre bals\u00e1mico<\/li>\n<\/ul>\n<p>Sopa :<\/p>\n<ul>\n<li>Sopa egipcia de lentejas con especias y aceite de oliva<\/li>\n<\/ul>\n<p>Selecci\u00f3n de panes:<\/p>\n<ul>\n<li>Panecillos artesanos<\/li>\n<li>Pan \u00e1rabe<\/li>\n<\/ul>\n<p>Platos principales :<\/p>\n<ul>\n<li>Pastel de pastor con cordero<\/li>\n<li>Pollo con salsa de champi\u00f1ones<\/li>\n<li>Pescado a la plancha con costra de especias y salsa cremosa de lim\u00f3n<\/li>\n<li>Verduras kadai<\/li>\n<li>Patatas asadas al romero con dientes de ajo confitados<\/li>\n<li>Fideos de verduras de Singapur con combava<\/li>\n<li>Arroz basmati al vapor<\/li>\n<li>Estaci\u00f3n de fideos vivos<\/li>\n<li>Estaci\u00f3n de cocci\u00f3n de pasta en vivo<\/li>\n<\/ul>\n<p>Postres :<\/p>\n<ul>\n<li>Pudin de coco<\/li>\n<li>Magdalenas variadas<\/li>\n<li>Umm Ali<\/li>\n<li>Ensalada de frutas de temporada<\/li>\n<li>Selva negra con chocolate blanco<\/li>\n<\/ul>\n<p>T\u00e9 y caf\u00e9<\/p>\n","protected":false},"excerpt":{"rendered":"<p>Descubre la magia del puerto deportivo iluminado de Dubai en un crucero nocturno con cena buffet y refrescos. Sum\u00e9rgete en la atm\u00f3sfera el\u00e9ctrica de la ciudad y disfruta de unas vistas impresionantes. <\/p>\n","protected":false},"featured_media":6819,"comment_status":"open","ping_status":"closed","template":"","meta":{"_acf_changed":false},"product_brand":[],"product_cat":[167,172,192,197,182],"product_tag":[],"class_list":{"0":"post-7726","1":"product","2":"type-product","3":"status-publish","4":"has-post-thumbnail","6":"product_cat-actividades-familiares","7":"product_cat-actividades-imprescindibles","8":"product_cat-city-pass-es","9":"product_cat-los-imprescindibles","10":"product_cat-paseo-en-barco","12":"first","13":"instock","14":"shipping-taxable","15":"purchasable","16":"product-type-simple"},"acf":[],"_links":{"self":[{"href":"https:\/\/bleudubai.com\/es\/wp-json\/wp\/v2\/product\/7726","targetHints":{"allow":["GET"]}}],"collection":[{"href":"https:\/\/bleudubai.com\/es\/wp-json\/wp\/v2\/product"}],"about":[{"href":"https:\/\/bleudubai.com\/es\/wp-json\/wp\/v2\/types\/product"}],"replies":[{"embeddable":true,"href":"https:\/\/bleudubai.com\/es\/wp-json\/wp\/v2\/comments?post=7726"}],"wp:featuredmedia":[{"embeddable":true,"href":"https:\/\/bleudubai.com\/es\/wp-json\/wp\/v2\/media\/6819"}],"wp:attachment":[{"href":"https:\/\/bleudubai.com\/es\/wp-json\/wp\/v2\/media?parent=7726"}],"wp:term":[{"taxonomy":"product_brand","embeddable":true,"href":"https:\/\/bleudubai.com\/es\/wp-json\/wp\/v2\/product_brand?post=7726"},{"taxonomy":"product_cat","embeddable":true,"href":"https:\/\/bleudubai.com\/es\/wp-json\/wp\/v2\/product_cat?post=7726"},{"taxonomy":"product_tag","embeddable":true,"href":"https:\/\/bleudubai.com\/es\/wp-json\/wp\/v2\/product_tag?post=7726"}],"curies":[{"name":"wp","href":"https:\/\/api.w.org\/{rel}","templated":true}]}}