{"id":7738,"date":"2024-09-01T19:38:12","date_gmt":"2024-09-01T15:38:12","guid":{"rendered":"https:\/\/bleudubai.com\/product\/excursion-en-jet-ski-offrant-les-belles-vues-de-dubai\/"},"modified":"2025-11-30T14:01:25","modified_gmt":"2025-11-30T10:01:25","slug":"excursion-en-jet-ski-offrant-les-belles-vues-de-dubai","status":"publish","type":"product","link":"https:\/\/bleudubai.com\/es\/producto\/excursion-en-jet-ski-offrant-les-belles-vues-de-dubai\/","title":{"rendered":"Excursi\u00f3n en moto acu\u00e1tica que ofrece las mejores vistas de Dubai"},"content":{"rendered":"<p>Descubra la impresionante costa de Dubai y sus alt\u00edsimos rascacielos en un divertido crucero y una emocionante aventura en moto acu\u00e1tica.<\/p>\n<p>Puede elegir entre tres itinerarios y compartir una moto acu\u00e1tica con dos personas:<\/p>\n<p>Tour de 20 minutos por el skyline de Dubai :<br \/>\nD\u00e9 un paseo por la playa con la famosa torre Burj Khalifa de fondo.Balade 20 minutes skyline Dubai :<br \/>Faite une balade au bord de plage avec en arri\u00e8re-plan la celebre tour du Burj Khalifa.<\/p>\n<p>A 30 minutos a pie del Burj Al Arab :<\/p>\n<p>Disfrute de un paseo en moto acu\u00e1tica de 30 minutos para descargar adrenalina. Admire el perfil de la ciudad desde el mar y pase por delante del emblem\u00e1tico Burj Al Arab para sacar fotos y v\u00eddeos incre\u00edbles. <\/p>\n<p>Excursi\u00f3n de 60 minutos al Burj Al Arab y al superventas Royal Atlantis:<\/p>\n<p>Haga su primera parada frente al nuevo y lujoso hotel Royal Atlantis, seguida de una segunda frente al famoso Burj Al Arab.<\/p>\n<p>Recorrido de 90 minutos por Palm Jumeirah :<\/p>\n<p>Descubra los lugares m\u00e1s emblem\u00e1ticos de Dubai, como JBR, la noria de Ain Dubai, Atlantis y el Burj Al Arab. Este tour es perfecto para aquellos con experiencia previa en motos acu\u00e1ticas que buscan una nueva emoci\u00f3n. <\/p>\n<p>Nuestros instructores estar\u00e1n contigo en todo momento, adaptando su velocidad a tu nivel y a tus deseos. Todas nuestras m\u00e1quinas son de 2022 a 2023. <\/p>\n","protected":false},"excerpt":{"rendered":"<p>Disfruta de un paseo en moto acu\u00e1tica por la costa de Dubai. Admira el Burj Khalifa, el Burj Al Arab y otros rascacielos de Dubai mientras cruzas el Golfo P\u00e9rsico. <\/p>\n","protected":false},"featured_media":6609,"comment_status":"open","ping_status":"closed","template":"","meta":{"_acf_changed":false},"product_brand":[],"product_cat":[147,172,207,197,182],"product_tag":[],"class_list":{"0":"post-7738","1":"product","2":"type-product","3":"status-publish","4":"has-post-thumbnail","6":"product_cat-actividades-acuaticas","7":"product_cat-actividades-imprescindibles","8":"product_cat-deporte-y-adrenalina","9":"product_cat-los-imprescindibles","10":"product_cat-paseo-en-barco","12":"first","13":"instock","14":"featured","15":"shipping-taxable","16":"purchasable","17":"product-type-simple"},"acf":[],"_links":{"self":[{"href":"https:\/\/bleudubai.com\/es\/wp-json\/wp\/v2\/product\/7738","targetHints":{"allow":["GET"]}}],"collection":[{"href":"https:\/\/bleudubai.com\/es\/wp-json\/wp\/v2\/product"}],"about":[{"href":"https:\/\/bleudubai.com\/es\/wp-json\/wp\/v2\/types\/product"}],"replies":[{"embeddable":true,"href":"https:\/\/bleudubai.com\/es\/wp-json\/wp\/v2\/comments?post=7738"}],"wp:featuredmedia":[{"embeddable":true,"href":"https:\/\/bleudubai.com\/es\/wp-json\/wp\/v2\/media\/6609"}],"wp:attachment":[{"href":"https:\/\/bleudubai.com\/es\/wp-json\/wp\/v2\/media?parent=7738"}],"wp:term":[{"taxonomy":"product_brand","embeddable":true,"href":"https:\/\/bleudubai.com\/es\/wp-json\/wp\/v2\/product_brand?post=7738"},{"taxonomy":"product_cat","embeddable":true,"href":"https:\/\/bleudubai.com\/es\/wp-json\/wp\/v2\/product_cat?post=7738"},{"taxonomy":"product_tag","embeddable":true,"href":"https:\/\/bleudubai.com\/es\/wp-json\/wp\/v2\/product_tag?post=7738"}],"curies":[{"name":"wp","href":"https:\/\/api.w.org\/{rel}","templated":true}]}}