{"id":7745,"date":"2024-09-01T19:37:29","date_gmt":"2024-09-01T19:37:29","guid":{"rendered":"https:\/\/bleudubai.com\/product\/paquete-descubre-esqui-dubai-nieve-plus\/"},"modified":"2024-11-11T21:20:32","modified_gmt":"2024-11-11T21:20:32","slug":"paquete-descubre-esqui-dubai-nieve-plus","status":"publish","type":"product","link":"https:\/\/bleudubai.com\/es\/producto\/paquete-descubre-esqui-dubai-nieve-plus\/","title":{"rendered":"Descubre el forfait Dubai Snow Plus"},"content":{"rendered":"<p>Escapa del calor sofocante de la ciudad y pasa un d\u00eda entretenido con tus seres queridos en Ski Dubai. Reserva el Pase Snow Plus y disfruta del mayor parque de nieve cubierto con multitud de atracciones, como el Trineo Bob, Tubing Run, Caverna de Nieve, Toboganes, Bola Zorb Gigante y Coches de Choque. Con el Pase Nieve Plus, tendr\u00e1s atracciones ilimitadas en el Mountain Thriller y viajes ilimitados en telesilla. Tambi\u00e9n puedes elegir entre dos horas en pista (para esquiadores\/snowboarders de nivel intermedio 2) o dos descensos en la tirolina Bala de Nieve. Equipo de invierno incluido: chaqueta, pantalones, calcetines desechables, guantes de forro polar y botas de nieve.<\/p>\n","protected":false},"excerpt":{"rendered":"<p>Vive la emoci\u00f3n del Ski Dubai Snow Plus. Disfruta de un d\u00eda lleno de aventuras en las atracciones del parque de nieve, as\u00ed como de un encuentro con los ping\u00fcinos. \u00a1Diversi\u00f3n para toda la familia!  <\/p>\n","protected":false},"featured_media":6459,"comment_status":"open","ping_status":"closed","template":"","meta":{"_acf_changed":false},"product_brand":[],"product_cat":[152,167,202],"product_tag":[],"class_list":{"0":"post-7745","1":"product","2":"type-product","3":"status-publish","4":"has-post-thumbnail","6":"product_cat-actividades-combinadas","7":"product_cat-actividades-familiares","8":"product_cat-parques-de-atracciones","10":"first","11":"instock","12":"shipping-taxable","13":"purchasable","14":"product-type-simple"},"acf":[],"_links":{"self":[{"href":"https:\/\/bleudubai.com\/es\/wp-json\/wp\/v2\/product\/7745","targetHints":{"allow":["GET"]}}],"collection":[{"href":"https:\/\/bleudubai.com\/es\/wp-json\/wp\/v2\/product"}],"about":[{"href":"https:\/\/bleudubai.com\/es\/wp-json\/wp\/v2\/types\/product"}],"replies":[{"embeddable":true,"href":"https:\/\/bleudubai.com\/es\/wp-json\/wp\/v2\/comments?post=7745"}],"wp:featuredmedia":[{"embeddable":true,"href":"https:\/\/bleudubai.com\/es\/wp-json\/wp\/v2\/media\/6459"}],"wp:attachment":[{"href":"https:\/\/bleudubai.com\/es\/wp-json\/wp\/v2\/media?parent=7745"}],"wp:term":[{"taxonomy":"product_brand","embeddable":true,"href":"https:\/\/bleudubai.com\/es\/wp-json\/wp\/v2\/product_brand?post=7745"},{"taxonomy":"product_cat","embeddable":true,"href":"https:\/\/bleudubai.com\/es\/wp-json\/wp\/v2\/product_cat?post=7745"},{"taxonomy":"product_tag","embeddable":true,"href":"https:\/\/bleudubai.com\/es\/wp-json\/wp\/v2\/product_tag?post=7745"}],"curies":[{"name":"wp","href":"https:\/\/api.w.org\/{rel}","templated":true}]}}