{"id":7746,"date":"2024-09-01T19:37:29","date_gmt":"2024-09-01T19:37:29","guid":{"rendered":"https:\/\/bleudubai.com\/product\/sesion-de-esqui-de-2-horas-o-de-dia-completo-en-dubai\/"},"modified":"2024-11-11T21:23:36","modified_gmt":"2024-11-11T21:23:36","slug":"sesion-de-esqui-de-2-horas-o-de-dia-completo-en-dubai","status":"publish","type":"product","link":"https:\/\/bleudubai.com\/es\/producto\/sesion-de-esqui-de-2-horas-o-de-dia-completo-en-dubai\/","title":{"rendered":"Sesi\u00f3n de esqu\u00ed de 2 horas o de d\u00eda completo en Ski Dubai"},"content":{"rendered":"<p>Aprovecha al m\u00e1ximo tu estancia en Dubai con un forfait de un d\u00eda o una sesi\u00f3n de 2 horas en Ski Dubai. Divi\u00e9rtete en nuestras 5 pistas de esqu\u00ed, que ofrecen una gran variedad de dificultades, alturas e inclinaciones. Esqu\u00eda por nuestra pista m\u00e1s larga, de 400 metros de longitud y una ca\u00edda vertical de m\u00e1s de 60 metros. Prueba suerte en la primera pista negra cubierta del mundo, u opta por las pistas para principiantes para mejorar tus giros. No hace falta que lleves equipo de esqu\u00ed ni ropa de abrigo, ya que te proporcionamos ropa de esqu\u00ed, botas, esqu\u00eds y bastones. Despu\u00e9s de una pista, aprovecha el telesilla de 4 plazas o el telesqu\u00ed para subir f\u00e1cilmente a lo alto de las pistas. Si lo deseas, toma clases con nuestro equipo de instructores profesionales. Tambi\u00e9n puedes aprovechar nuestra tienda exclusiva y los caf\u00e9s St Moritz y Avalanche.<\/p>\n","protected":false},"excerpt":{"rendered":"<p>Descubre la mayor estaci\u00f3n de esqu\u00ed cubierta de Oriente Medio con un pase de un d\u00eda o una sesi\u00f3n de 2 horas. Escapa del calor de Dubai y disfruta de los placeres del esqu\u00ed y el snowboard en este parque \u00fanico. El pase incluye ropa y equipo de esqu\u00ed.  <\/p>\n","protected":false},"featured_media":6444,"comment_status":"open","ping_status":"closed","template":"","meta":{"_acf_changed":false},"product_brand":[],"product_cat":[152,167,202],"product_tag":[],"class_list":{"0":"post-7746","1":"product","2":"type-product","3":"status-publish","4":"has-post-thumbnail","6":"product_cat-actividades-combinadas","7":"product_cat-actividades-familiares","8":"product_cat-parques-de-atracciones","10":"first","11":"instock","12":"shipping-taxable","13":"purchasable","14":"product-type-simple"},"acf":[],"_links":{"self":[{"href":"https:\/\/bleudubai.com\/es\/wp-json\/wp\/v2\/product\/7746","targetHints":{"allow":["GET"]}}],"collection":[{"href":"https:\/\/bleudubai.com\/es\/wp-json\/wp\/v2\/product"}],"about":[{"href":"https:\/\/bleudubai.com\/es\/wp-json\/wp\/v2\/types\/product"}],"replies":[{"embeddable":true,"href":"https:\/\/bleudubai.com\/es\/wp-json\/wp\/v2\/comments?post=7746"}],"wp:featuredmedia":[{"embeddable":true,"href":"https:\/\/bleudubai.com\/es\/wp-json\/wp\/v2\/media\/6444"}],"wp:attachment":[{"href":"https:\/\/bleudubai.com\/es\/wp-json\/wp\/v2\/media?parent=7746"}],"wp:term":[{"taxonomy":"product_brand","embeddable":true,"href":"https:\/\/bleudubai.com\/es\/wp-json\/wp\/v2\/product_brand?post=7746"},{"taxonomy":"product_cat","embeddable":true,"href":"https:\/\/bleudubai.com\/es\/wp-json\/wp\/v2\/product_cat?post=7746"},{"taxonomy":"product_tag","embeddable":true,"href":"https:\/\/bleudubai.com\/es\/wp-json\/wp\/v2\/product_tag?post=7746"}],"curies":[{"name":"wp","href":"https:\/\/api.w.org\/{rel}","templated":true}]}}