{"id":7755,"date":"2024-09-01T19:37:29","date_gmt":"2024-09-01T19:37:29","guid":{"rendered":"https:\/\/bleudubai.com\/product\/descubre-la-patinoire-de-dubai\/"},"modified":"2025-10-18T07:19:03","modified_gmt":"2025-10-18T03:19:03","slug":"descubre-la-patinoire-de-dubai","status":"publish","type":"product","link":"https:\/\/bleudubai.com\/es\/producto\/descubre-la-patinoire-de-dubai\/","title":{"rendered":"Descubre la pista de hielo de Dubai"},"content":{"rendered":"<p>Sum\u00e9rgete en el mundo del patinaje sobre hielo en la Pista de Hielo Ol\u00edmpica de Dubai, donde los entusiastas del patinaje podr\u00e1n disfrutar de una experiencia sin l\u00edmites. Situada en The Dubai Mall, el segundo centro comercial m\u00e1s grande del mundo, la pista ofrece unas instalaciones excepcionales para los m\u00e1s j\u00f3venes, con programas de entrenamiento para todos los niveles. Tanto si eres un principiante como un patinador avanzado, encontrar\u00e1s la oportunidad perfecta para prosperar sobre el hielo. Adem\u00e1s de sesiones de patinaje y programas de entrenamiento, la Pista de Hielo de Dubai tambi\u00e9n ofrece noches de discoteca y espuma para a\u00f1adir un toque de magia a tu experiencia de patinaje.<\/p>\n","protected":false},"excerpt":{"rendered":"<p>Descubre el placer de patinar sobre hielo en el desierto de Dubai. Tanto si eres principiante como experto, esta actividad promete emoci\u00f3n y diversi\u00f3n garantizada. <\/p>\n","protected":false},"featured_media":6414,"comment_status":"open","ping_status":"closed","template":"","meta":{"_acf_changed":false},"product_brand":[],"product_cat":[167,187,202],"product_tag":[],"class_list":{"0":"post-7755","1":"product","2":"type-product","3":"status-publish","4":"has-post-thumbnail","6":"product_cat-actividades-familiares","7":"product_cat-entradas","8":"product_cat-parques-de-atracciones","10":"first","11":"instock","12":"shipping-taxable","13":"purchasable","14":"product-type-simple"},"acf":[],"_links":{"self":[{"href":"https:\/\/bleudubai.com\/es\/wp-json\/wp\/v2\/product\/7755","targetHints":{"allow":["GET"]}}],"collection":[{"href":"https:\/\/bleudubai.com\/es\/wp-json\/wp\/v2\/product"}],"about":[{"href":"https:\/\/bleudubai.com\/es\/wp-json\/wp\/v2\/types\/product"}],"replies":[{"embeddable":true,"href":"https:\/\/bleudubai.com\/es\/wp-json\/wp\/v2\/comments?post=7755"}],"wp:featuredmedia":[{"embeddable":true,"href":"https:\/\/bleudubai.com\/es\/wp-json\/wp\/v2\/media\/6414"}],"wp:attachment":[{"href":"https:\/\/bleudubai.com\/es\/wp-json\/wp\/v2\/media?parent=7755"}],"wp:term":[{"taxonomy":"product_brand","embeddable":true,"href":"https:\/\/bleudubai.com\/es\/wp-json\/wp\/v2\/product_brand?post=7755"},{"taxonomy":"product_cat","embeddable":true,"href":"https:\/\/bleudubai.com\/es\/wp-json\/wp\/v2\/product_cat?post=7755"},{"taxonomy":"product_tag","embeddable":true,"href":"https:\/\/bleudubai.com\/es\/wp-json\/wp\/v2\/product_tag?post=7755"}],"curies":[{"name":"wp","href":"https:\/\/api.w.org\/{rel}","templated":true}]}}