{"id":7756,"date":"2024-09-01T19:37:29","date_gmt":"2024-09-01T19:37:29","guid":{"rendered":"https:\/\/bleudubai.com\/product\/experiencia-trampo-extremo-2-horas\/"},"modified":"2024-09-01T19:37:29","modified_gmt":"2024-09-01T19:37:29","slug":"experiencia-trampo-extremo-2-horas","status":"publish","type":"product","link":"https:\/\/bleudubai.com\/es\/producto\/experiencia-trampo-extremo-2-horas\/","title":{"rendered":"Experiencia Extreme Trampo &#8211; 2 horas"},"content":{"rendered":"<p>Disfruta de 2 horas de acceso a camas el\u00e1sticas en el parque cubierto Trampo Extreme. Domina tus habilidades de salto y escalada en un entorno seguro y divertido. El acceso incluye la zona de bal\u00f3n prisionero, salto de trapecio, escalada de pared y foso de espuma. Los ni\u00f1os pueden disfrutar de volteretas en el trampol\u00edn, aceptar el reto de los 6 vertiginosos muros de escalada, zambullirse con las canastas de baloncesto, jugar un partido de bal\u00f3n prisionero y divertirse en el pozo de espuma.<\/p>\n","protected":false},"excerpt":{"rendered":"<p>Disfruta de 2 horas de diversi\u00f3n saltarina en Trampo Extreme. La actividad perfecta para familias con ni\u00f1os, disponible en Dubai Mall o Nakheel Mall. <\/p>\n","protected":false},"featured_media":6429,"comment_status":"open","ping_status":"closed","template":"","meta":{"_acf_changed":false},"product_brand":[],"product_cat":[167,202],"product_tag":[],"class_list":{"0":"post-7756","1":"product","2":"type-product","3":"status-publish","4":"has-post-thumbnail","6":"product_cat-actividades-familiares","7":"product_cat-parques-de-atracciones","9":"first","10":"instock","11":"shipping-taxable","12":"purchasable","13":"product-type-simple"},"acf":[],"_links":{"self":[{"href":"https:\/\/bleudubai.com\/es\/wp-json\/wp\/v2\/product\/7756","targetHints":{"allow":["GET"]}}],"collection":[{"href":"https:\/\/bleudubai.com\/es\/wp-json\/wp\/v2\/product"}],"about":[{"href":"https:\/\/bleudubai.com\/es\/wp-json\/wp\/v2\/types\/product"}],"replies":[{"embeddable":true,"href":"https:\/\/bleudubai.com\/es\/wp-json\/wp\/v2\/comments?post=7756"}],"wp:featuredmedia":[{"embeddable":true,"href":"https:\/\/bleudubai.com\/es\/wp-json\/wp\/v2\/media\/6429"}],"wp:attachment":[{"href":"https:\/\/bleudubai.com\/es\/wp-json\/wp\/v2\/media?parent=7756"}],"wp:term":[{"taxonomy":"product_brand","embeddable":true,"href":"https:\/\/bleudubai.com\/es\/wp-json\/wp\/v2\/product_brand?post=7756"},{"taxonomy":"product_cat","embeddable":true,"href":"https:\/\/bleudubai.com\/es\/wp-json\/wp\/v2\/product_cat?post=7756"},{"taxonomy":"product_tag","embeddable":true,"href":"https:\/\/bleudubai.com\/es\/wp-json\/wp\/v2\/product_tag?post=7756"}],"curies":[{"name":"wp","href":"https:\/\/api.w.org\/{rel}","templated":true}]}}