{"id":7765,"date":"2024-09-01T19:37:29","date_gmt":"2024-09-01T15:37:29","guid":{"rendered":"https:\/\/bleudubai.com\/product\/billete-para-un-aparcamiento-en-dubai-con-transferencias-incluidas\/"},"modified":"2024-11-11T21:31:08","modified_gmt":"2024-11-11T21:31:08","slug":"billete-para-un-aparcamiento-en-dubai-con-transferencias-incluidas","status":"publish","type":"product","link":"https:\/\/bleudubai.com\/es\/producto\/billete-para-un-aparcamiento-en-dubai-con-transferencias-incluidas\/","title":{"rendered":"Entrada para 1 parque de tu elecci\u00f3n en Dubai, traslados incluidos"},"content":{"rendered":"<p>Disfruta de los mejores parques tem\u00e1ticos con Dubai Parks. Disfruta de un d\u00eda en uno de los parques m\u00e1s populares de Dubai: Motiongate, Bollywood, Legoland o Legoland Waterpark. Tu entrada incluye el transporte, lo que facilita tu experiencia. Es una gran oportunidad para pasar tiempo de calidad con tus hijos y participar en actividades divertidas.<\/p>\n","protected":false},"excerpt":{"rendered":"<p>\u00a1Transporte incluido en tu billete! Acceso a uno de los parques m\u00e1s populares de Dubai: 1 Motiongate, 2 Bollywood, 3 Legoland, 4 Legoland Waterpark. <\/p>\n","protected":false},"featured_media":6399,"comment_status":"open","ping_status":"closed","template":"","meta":{"_acf_changed":false},"product_brand":[],"product_cat":[152,167,202],"product_tag":[],"class_list":{"0":"post-7765","1":"product","2":"type-product","3":"status-publish","4":"has-post-thumbnail","6":"product_cat-actividades-combinadas","7":"product_cat-actividades-familiares","8":"product_cat-parques-de-atracciones","10":"first","11":"instock","12":"shipping-taxable","13":"purchasable","14":"product-type-simple"},"acf":[],"_links":{"self":[{"href":"https:\/\/bleudubai.com\/es\/wp-json\/wp\/v2\/product\/7765","targetHints":{"allow":["GET"]}}],"collection":[{"href":"https:\/\/bleudubai.com\/es\/wp-json\/wp\/v2\/product"}],"about":[{"href":"https:\/\/bleudubai.com\/es\/wp-json\/wp\/v2\/types\/product"}],"replies":[{"embeddable":true,"href":"https:\/\/bleudubai.com\/es\/wp-json\/wp\/v2\/comments?post=7765"}],"wp:featuredmedia":[{"embeddable":true,"href":"https:\/\/bleudubai.com\/es\/wp-json\/wp\/v2\/media\/6399"}],"wp:attachment":[{"href":"https:\/\/bleudubai.com\/es\/wp-json\/wp\/v2\/media?parent=7765"}],"wp:term":[{"taxonomy":"product_brand","embeddable":true,"href":"https:\/\/bleudubai.com\/es\/wp-json\/wp\/v2\/product_brand?post=7765"},{"taxonomy":"product_cat","embeddable":true,"href":"https:\/\/bleudubai.com\/es\/wp-json\/wp\/v2\/product_cat?post=7765"},{"taxonomy":"product_tag","embeddable":true,"href":"https:\/\/bleudubai.com\/es\/wp-json\/wp\/v2\/product_tag?post=7765"}],"curies":[{"name":"wp","href":"https:\/\/api.w.org\/{rel}","templated":true}]}}