{"id":7766,"date":"2024-09-01T19:37:29","date_gmt":"2024-09-01T19:37:29","guid":{"rendered":"https:\/\/bleudubai.com\/product\/ticket-dentree-for-motiongate-dubai\/"},"modified":"2024-11-11T21:34:39","modified_gmt":"2024-11-11T21:34:39","slug":"ticket-dentree-for-motiongate-dubai","status":"publish","type":"product","link":"https:\/\/bleudubai.com\/es\/producto\/ticket-dentree-for-motiongate-dubai\/","title":{"rendered":"Entrada para Motiongate Dubai"},"content":{"rendered":"<p>Motiongate\u2122 Dubai re\u00fane a 3 legendarios estudios cinematogr\u00e1ficos de Hollywood: Columbia Pictures, DreamWorks Animation y Lionsgate. Con tu entrada de un d\u00eda, sum\u00e9rgete en un mundo de aventuras cinematogr\u00e1ficas. Disfruta de 27 atracciones en este parque tem\u00e1tico, as\u00ed como de un completo programa de 15 espect\u00e1culos de entretenimiento y baile. Disfruta de comidas en restaurantes y establecimientos de comida r\u00e1pida repartidos por todo el parque. Elige entre cinco monta\u00f1as rusas, atracciones oscuras multimedia, una torre de ca\u00edda, un laboratorio de juegos interactivos, una atracci\u00f3n de boyas y espect\u00e1culos multimedia. Dubai Parks and Resort est\u00e1 situado en Sheikh Zayed Road, a unos 25 minutos del puerto deportivo de Dubai.<\/p>\n","protected":false},"excerpt":{"rendered":"<p>Descubre Motiongate Dubai, el mayor parque tem\u00e1tico de Oriente Medio inspirado en Hollywood. Disfruta de un d\u00eda entero de aventuras cinematogr\u00e1ficas y de una gran variedad de atracciones. <\/p>\n","protected":false},"featured_media":6384,"comment_status":"open","ping_status":"closed","template":"","meta":{"_acf_changed":false},"product_brand":[],"product_cat":[167,187,202],"product_tag":[],"class_list":{"0":"post-7766","1":"product","2":"type-product","3":"status-publish","4":"has-post-thumbnail","6":"product_cat-actividades-familiares","7":"product_cat-entradas","8":"product_cat-parques-de-atracciones","10":"first","11":"instock","12":"shipping-taxable","13":"purchasable","14":"product-type-simple"},"acf":[],"_links":{"self":[{"href":"https:\/\/bleudubai.com\/es\/wp-json\/wp\/v2\/product\/7766","targetHints":{"allow":["GET"]}}],"collection":[{"href":"https:\/\/bleudubai.com\/es\/wp-json\/wp\/v2\/product"}],"about":[{"href":"https:\/\/bleudubai.com\/es\/wp-json\/wp\/v2\/types\/product"}],"replies":[{"embeddable":true,"href":"https:\/\/bleudubai.com\/es\/wp-json\/wp\/v2\/comments?post=7766"}],"wp:featuredmedia":[{"embeddable":true,"href":"https:\/\/bleudubai.com\/es\/wp-json\/wp\/v2\/media\/6384"}],"wp:attachment":[{"href":"https:\/\/bleudubai.com\/es\/wp-json\/wp\/v2\/media?parent=7766"}],"wp:term":[{"taxonomy":"product_brand","embeddable":true,"href":"https:\/\/bleudubai.com\/es\/wp-json\/wp\/v2\/product_brand?post=7766"},{"taxonomy":"product_cat","embeddable":true,"href":"https:\/\/bleudubai.com\/es\/wp-json\/wp\/v2\/product_cat?post=7766"},{"taxonomy":"product_tag","embeddable":true,"href":"https:\/\/bleudubai.com\/es\/wp-json\/wp\/v2\/product_tag?post=7766"}],"curies":[{"name":"wp","href":"https:\/\/api.w.org\/{rel}","templated":true}]}}