{"id":7775,"date":"2024-09-01T19:37:29","date_gmt":"2024-09-01T19:37:29","guid":{"rendered":"https:\/\/bleudubai.com\/product\/ticket-dentree-ferrari-mundo-abu-dhabi\/"},"modified":"2025-10-01T18:29:17","modified_gmt":"2025-10-01T14:29:17","slug":"ticket-dentree-ferrari-mundo-abu-dhabi","status":"publish","type":"product","link":"https:\/\/bleudubai.com\/es\/producto\/ticket-dentree-ferrari-mundo-abu-dhabi\/","title":{"rendered":"Entrada a Ferrari World Abu Dhabi"},"content":{"rendered":"<p>Vive emociones \u00fanicas en el primer parque tem\u00e1tico Ferrari del mundo.<br \/>\nDescubre una multitud de actividades bajo el ic\u00f3nico techo rojo que har\u00e1n las delicias de grandes y peque\u00f1os. Disfruta de 37 emocionantes atracciones, incluida la monta\u00f1a rusa m\u00e1s r\u00e1pida del mundo y la pista de looping m\u00e1s alta. Desde simuladores de \u00faltima generaci\u00f3n hasta impresionantes monta\u00f1as rusas y conducci\u00f3n de coches de carreras, Ferrari World Abu Dhabi ofrece un d\u00eda de ensue\u00f1o para toda la familia. Sum\u00e9rgete en el mundo de los pilotos de Ferrari y explora las atracciones interactivas del parque que har\u00e1n las delicias de los m\u00e1s peque\u00f1os. Echa un vistazo entre bastidores al imperio Ferrari y siente la pasi\u00f3n que llev\u00f3 a la creaci\u00f3n de obras maestras contempor\u00e1neas. Ferrari World Abu Dhabi fue elegido Mejor Parque Tem\u00e1tico de Oriente Medio en 2017 y 2018 por los World Travel Awards.<\/p>\n","protected":false},"excerpt":{"rendered":"<p>Disfruta de acceso ilimitado de un d\u00eda a Ferrari World Abu Dhabi, el primer parque tem\u00e1tico Ferrari cubierto del mundo. Vive la emoci\u00f3n de las numerosas simulaciones y atracciones de Ferrari que har\u00e1n las delicias de visitantes de todas las edades. <\/p>\n","protected":false},"featured_media":6354,"comment_status":"open","ping_status":"closed","template":"","meta":{"_acf_changed":false},"product_brand":[],"product_cat":[177,167,202],"product_tag":[],"class_list":{"0":"post-7775","1":"product","2":"type-product","3":"status-publish","4":"has-post-thumbnail","6":"product_cat-actividades-en-abu-dhabi","7":"product_cat-actividades-familiares","8":"product_cat-parques-de-atracciones","10":"first","11":"instock","12":"shipping-taxable","13":"purchasable","14":"product-type-simple"},"acf":[],"_links":{"self":[{"href":"https:\/\/bleudubai.com\/es\/wp-json\/wp\/v2\/product\/7775","targetHints":{"allow":["GET"]}}],"collection":[{"href":"https:\/\/bleudubai.com\/es\/wp-json\/wp\/v2\/product"}],"about":[{"href":"https:\/\/bleudubai.com\/es\/wp-json\/wp\/v2\/types\/product"}],"replies":[{"embeddable":true,"href":"https:\/\/bleudubai.com\/es\/wp-json\/wp\/v2\/comments?post=7775"}],"wp:featuredmedia":[{"embeddable":true,"href":"https:\/\/bleudubai.com\/es\/wp-json\/wp\/v2\/media\/6354"}],"wp:attachment":[{"href":"https:\/\/bleudubai.com\/es\/wp-json\/wp\/v2\/media?parent=7775"}],"wp:term":[{"taxonomy":"product_brand","embeddable":true,"href":"https:\/\/bleudubai.com\/es\/wp-json\/wp\/v2\/product_brand?post=7775"},{"taxonomy":"product_cat","embeddable":true,"href":"https:\/\/bleudubai.com\/es\/wp-json\/wp\/v2\/product_cat?post=7775"},{"taxonomy":"product_tag","embeddable":true,"href":"https:\/\/bleudubai.com\/es\/wp-json\/wp\/v2\/product_tag?post=7775"}],"curies":[{"name":"wp","href":"https:\/\/api.w.org\/{rel}","templated":true}]}}