{"id":7776,"date":"2024-09-01T19:37:29","date_gmt":"2024-09-01T19:37:29","guid":{"rendered":"https:\/\/bleudubai.com\/product\/1-billete-para-2-parques-y-complejos-turisticos-de-dubai\/"},"modified":"2024-11-11T21:37:34","modified_gmt":"2024-11-11T21:37:34","slug":"1-billete-para-2-parques-y-complejos-turisticos-de-dubai","status":"publish","type":"product","link":"https:\/\/bleudubai.com\/es\/producto\/1-billete-para-2-parques-y-complejos-turisticos-de-dubai\/","title":{"rendered":"1 entrada para 2 parques en Dubai Parks and Resorts"},"content":{"rendered":"<p>Dubai Parks and Resorts es el mayor complejo de ocio tem\u00e1tico de Oriente Pr\u00f3ximo. Explora MOTIONGATE\u2122 Dubai, inspirado en Hollywood. LEGOLAND\u00a9 Dubai, el primer parque LEGOLAND\u00a9 de la regi\u00f3n. LEGOLAND\u00a9 Water Park, ideal para familias con ni\u00f1os de 2 a 12 a\u00f1os.<\/p>\n<p>BOLLYWOOD PARKS\u2122 Dubai. El complejo est\u00e1 unido por Riverland\u2122 Dubai, una zona de tiendas y restaurantes situada en el coraz\u00f3n de Dubai Parks and Resorts. Situado a unos 25 minutos del puerto deportivo de Dubai, este pase te permite disfrutar durante un d\u00eda de 2 de los 4 parques que se ofrecen.<\/p>\n","protected":false},"excerpt":{"rendered":"<p>Disfruta de un d\u00eda en 2 de los parques tem\u00e1ticos m\u00e1s populares de Dubai Parks and Resorts: Motiongate Dubai, Bollywood Parks Dubai, Legoland Dubai y Legoland Water Park. \u00a1Diversi\u00f3n para todos! <\/p>\n","protected":false},"featured_media":6369,"comment_status":"open","ping_status":"closed","template":"","meta":{"_acf_changed":false},"product_brand":[],"product_cat":[152,167,172,187,197,202],"product_tag":[],"class_list":{"0":"post-7776","1":"product","2":"type-product","3":"status-publish","4":"has-post-thumbnail","6":"product_cat-actividades-combinadas","7":"product_cat-actividades-familiares","8":"product_cat-actividades-imprescindibles","9":"product_cat-entradas","10":"product_cat-los-imprescindibles","11":"product_cat-parques-de-atracciones","13":"first","14":"instock","15":"shipping-taxable","16":"purchasable","17":"product-type-simple"},"acf":[],"_links":{"self":[{"href":"https:\/\/bleudubai.com\/es\/wp-json\/wp\/v2\/product\/7776","targetHints":{"allow":["GET"]}}],"collection":[{"href":"https:\/\/bleudubai.com\/es\/wp-json\/wp\/v2\/product"}],"about":[{"href":"https:\/\/bleudubai.com\/es\/wp-json\/wp\/v2\/types\/product"}],"replies":[{"embeddable":true,"href":"https:\/\/bleudubai.com\/es\/wp-json\/wp\/v2\/comments?post=7776"}],"wp:featuredmedia":[{"embeddable":true,"href":"https:\/\/bleudubai.com\/es\/wp-json\/wp\/v2\/media\/6369"}],"wp:attachment":[{"href":"https:\/\/bleudubai.com\/es\/wp-json\/wp\/v2\/media?parent=7776"}],"wp:term":[{"taxonomy":"product_brand","embeddable":true,"href":"https:\/\/bleudubai.com\/es\/wp-json\/wp\/v2\/product_brand?post=7776"},{"taxonomy":"product_cat","embeddable":true,"href":"https:\/\/bleudubai.com\/es\/wp-json\/wp\/v2\/product_cat?post=7776"},{"taxonomy":"product_tag","embeddable":true,"href":"https:\/\/bleudubai.com\/es\/wp-json\/wp\/v2\/product_tag?post=7776"}],"curies":[{"name":"wp","href":"https:\/\/api.w.org\/{rel}","templated":true}]}}