{"id":7785,"date":"2024-09-01T19:37:51","date_gmt":"2024-09-01T19:37:51","guid":{"rendered":"https:\/\/bleudubai.com\/product\/flying-cup-dubai-drink-a-drink-and-get-a-drink-in-a-case-at-the-marina\/"},"modified":"2024-11-11T21:04:23","modified_gmt":"2024-11-11T21:04:23","slug":"flying-cup-dubai-drink-a-drink-and-get-a-drink-in-a-case-at-the-marina","status":"publish","type":"product","link":"https:\/\/bleudubai.com\/es\/producto\/flying-cup-dubai-drink-a-drink-and-get-a-drink-in-a-case-at-the-marina\/","title":{"rendered":"Copa Voladora Dubai: disfruta de una bebida y un aperitivo en el puerto deportivo"},"content":{"rendered":"<p>Disfruta de una experiencia extraordinaria saboreando una variedad de bebidas y aperitivos desde una altura equivalente a la de un edificio de 12 plantas. Admira unas vistas impresionantes y captura fotos de los lugares m\u00e1s emblem\u00e1ticos de Dubai, como el Burj Al Arab, The Palm, Atlantis y Skydive Dubai.<\/p>\n","protected":false},"excerpt":{"rendered":"<p>Disfruta de una experiencia \u00fanica en Dubai con bebidas y aperitivos a 40 metros del suelo, mientras admiras las vistas panor\u00e1micas y haces fotos de los lugares emblem\u00e1ticos.<\/p>\n","protected":false},"featured_media":6534,"comment_status":"open","ping_status":"closed","template":"","meta":{"_acf_changed":false},"product_brand":[],"product_cat":[157,167,187],"product_tag":[],"class_list":{"0":"post-7785","1":"product","2":"type-product","3":"status-publish","4":"has-post-thumbnail","6":"product_cat-actividades-en-el-aire","7":"product_cat-actividades-familiares","8":"product_cat-entradas","10":"first","11":"instock","12":"shipping-taxable","13":"purchasable","14":"product-type-simple"},"acf":[],"_links":{"self":[{"href":"https:\/\/bleudubai.com\/es\/wp-json\/wp\/v2\/product\/7785","targetHints":{"allow":["GET"]}}],"collection":[{"href":"https:\/\/bleudubai.com\/es\/wp-json\/wp\/v2\/product"}],"about":[{"href":"https:\/\/bleudubai.com\/es\/wp-json\/wp\/v2\/types\/product"}],"replies":[{"embeddable":true,"href":"https:\/\/bleudubai.com\/es\/wp-json\/wp\/v2\/comments?post=7785"}],"wp:featuredmedia":[{"embeddable":true,"href":"https:\/\/bleudubai.com\/es\/wp-json\/wp\/v2\/media\/6534"}],"wp:attachment":[{"href":"https:\/\/bleudubai.com\/es\/wp-json\/wp\/v2\/media?parent=7785"}],"wp:term":[{"taxonomy":"product_brand","embeddable":true,"href":"https:\/\/bleudubai.com\/es\/wp-json\/wp\/v2\/product_brand?post=7785"},{"taxonomy":"product_cat","embeddable":true,"href":"https:\/\/bleudubai.com\/es\/wp-json\/wp\/v2\/product_cat?post=7785"},{"taxonomy":"product_tag","embeddable":true,"href":"https:\/\/bleudubai.com\/es\/wp-json\/wp\/v2\/product_tag?post=7785"}],"curies":[{"name":"wp","href":"https:\/\/api.w.org\/{rel}","templated":true}]}}