{"id":7786,"date":"2024-09-01T19:37:29","date_gmt":"2024-09-01T19:37:29","guid":{"rendered":"https:\/\/bleudubai.com\/product\/laventure-ultime-a-img-mundos-de-aventura\/"},"modified":"2025-10-01T18:30:07","modified_gmt":"2025-10-01T14:30:07","slug":"laventure-ultime-a-img-mundos-de-aventura","status":"publish","type":"product","link":"https:\/\/bleudubai.com\/es\/producto\/laventure-ultime-a-img-mundos-de-aventura\/","title":{"rendered":"La aventura definitiva en IMG Worlds of Adventure"},"content":{"rendered":"<p>Bienvenido a IMG Worlds of Adventure, el megadestino tem\u00e1tico de ocio por excelencia de Dubai. Este extraordinario parque re\u00fane cinco emocionantes zonas de aventura, que ofrecen a los visitantes de todo el mundo una experiencia inolvidable. Sum\u00e9rgete en los mundos de Cartoon Network y Marvel, experimenta la emoci\u00f3n del Hotel Embrujado, avent\u00farate en Lost Valley &#8211; Dinosaur Adventure y pasea por IMG Boulevard. Con m\u00e1s de 1,5 millones de pies cuadrados, IMG Worlds of Adventure es el parque tem\u00e1tico cubierto con temperatura controlada m\u00e1s grande del mundo, lo que te permite disfrutar de diversi\u00f3n y emoci\u00f3n durante todo el a\u00f1o.<\/p>\n","protected":false},"excerpt":{"rendered":"<p>Sum\u00e9rgete en la emoci\u00f3n de emocionantes atracciones, espect\u00e1culos en directo y atracciones incre\u00edbles en IMG Worlds of Adventure. Explora cinco zonas llenas de acci\u00f3n, como Marvel, Lost Valley, Cartoon Network, IMG Boulevard y The Haunted Hotel. El parque tambi\u00e9n ofrece una Zona Infantil especialmente dise\u00f1ada para los visitantes m\u00e1s j\u00f3venes.  <\/p>\n","protected":false},"featured_media":6339,"comment_status":"open","ping_status":"closed","template":"","meta":{"_acf_changed":false},"product_brand":[],"product_cat":[167,172,197,202],"product_tag":[],"class_list":{"0":"post-7786","1":"product","2":"type-product","3":"status-publish","4":"has-post-thumbnail","6":"product_cat-actividades-familiares","7":"product_cat-actividades-imprescindibles","8":"product_cat-los-imprescindibles","9":"product_cat-parques-de-atracciones","11":"first","12":"instock","13":"shipping-taxable","14":"purchasable","15":"product-type-simple"},"acf":[],"_links":{"self":[{"href":"https:\/\/bleudubai.com\/es\/wp-json\/wp\/v2\/product\/7786","targetHints":{"allow":["GET"]}}],"collection":[{"href":"https:\/\/bleudubai.com\/es\/wp-json\/wp\/v2\/product"}],"about":[{"href":"https:\/\/bleudubai.com\/es\/wp-json\/wp\/v2\/types\/product"}],"replies":[{"embeddable":true,"href":"https:\/\/bleudubai.com\/es\/wp-json\/wp\/v2\/comments?post=7786"}],"wp:featuredmedia":[{"embeddable":true,"href":"https:\/\/bleudubai.com\/es\/wp-json\/wp\/v2\/media\/6339"}],"wp:attachment":[{"href":"https:\/\/bleudubai.com\/es\/wp-json\/wp\/v2\/media?parent=7786"}],"wp:term":[{"taxonomy":"product_brand","embeddable":true,"href":"https:\/\/bleudubai.com\/es\/wp-json\/wp\/v2\/product_brand?post=7786"},{"taxonomy":"product_cat","embeddable":true,"href":"https:\/\/bleudubai.com\/es\/wp-json\/wp\/v2\/product_cat?post=7786"},{"taxonomy":"product_tag","embeddable":true,"href":"https:\/\/bleudubai.com\/es\/wp-json\/wp\/v2\/product_tag?post=7786"}],"curies":[{"name":"wp","href":"https:\/\/api.w.org\/{rel}","templated":true}]}}