{"id":7795,"date":"2024-09-01T19:37:51","date_gmt":"2024-09-01T19:37:51","guid":{"rendered":"https:\/\/bleudubai.com\/product\/experiencia-de-paracaidismo-en-ifly-dubai\/"},"modified":"2024-11-11T21:10:07","modified_gmt":"2024-11-11T21:10:07","slug":"experiencia-de-paracaidismo-en-ifly-dubai","status":"publish","type":"product","link":"https:\/\/bleudubai.com\/es\/producto\/experiencia-de-paracaidismo-en-ifly-dubai\/","title":{"rendered":"Experiencia de paracaidismo indoor en iFly Dubai"},"content":{"rendered":"<p>Si siempre has querido saber lo que se siente al saltar de un avi\u00f3n, pero no te sientes preparado para esta aventura extrema, la experiencia de paracaidismo indoor en iFly Dubai es para ti. Deja que el viento acaricie tu pelo, siente la emoci\u00f3n mientras tu traje vuela gr\u00e1cilmente por el t\u00fanel de viento impulsado por reactores de 800 caballos de potencia. Te elevar\u00e1s a una altura de 10 metros, con una vista impresionante de la bulliciosa multitud del City Center Mirdifs Magic Planet. Antes de surcar los cielos, nuestros expertos de iFly Dubai te pondr\u00e1n un traje especial y te ense\u00f1ar\u00e1n las t\u00e9cnicas de vuelo necesarias para empezar a volar. Disfrutar\u00e1s de dos emocionantes vuelos, acompa\u00f1ado de la asistencia personalizada de tu instructor, y te ir\u00e1s con una nueva pasi\u00f3n y un profundo respeto por el poder del viento.<\/p>\n","protected":false},"excerpt":{"rendered":"<p>Experimenta el paracaidismo indoor en iFly Dubai y siente la adrenalina sin las alturas vertiginosas. Disfruta de esta incre\u00edble aventura a\u00e9rea en un t\u00fanel de viento de 10 metros de altura. <\/p>\n","protected":false},"featured_media":6504,"comment_status":"open","ping_status":"closed","template":"","meta":{"_acf_changed":false},"product_brand":[],"product_cat":[157,207],"product_tag":[],"class_list":{"0":"post-7795","1":"product","2":"type-product","3":"status-publish","4":"has-post-thumbnail","6":"product_cat-actividades-en-el-aire","7":"product_cat-deporte-y-adrenalina","9":"first","10":"instock","11":"shipping-taxable","12":"purchasable","13":"product-type-simple"},"acf":[],"_links":{"self":[{"href":"https:\/\/bleudubai.com\/es\/wp-json\/wp\/v2\/product\/7795","targetHints":{"allow":["GET"]}}],"collection":[{"href":"https:\/\/bleudubai.com\/es\/wp-json\/wp\/v2\/product"}],"about":[{"href":"https:\/\/bleudubai.com\/es\/wp-json\/wp\/v2\/types\/product"}],"replies":[{"embeddable":true,"href":"https:\/\/bleudubai.com\/es\/wp-json\/wp\/v2\/comments?post=7795"}],"wp:featuredmedia":[{"embeddable":true,"href":"https:\/\/bleudubai.com\/es\/wp-json\/wp\/v2\/media\/6504"}],"wp:attachment":[{"href":"https:\/\/bleudubai.com\/es\/wp-json\/wp\/v2\/media?parent=7795"}],"wp:term":[{"taxonomy":"product_brand","embeddable":true,"href":"https:\/\/bleudubai.com\/es\/wp-json\/wp\/v2\/product_brand?post=7795"},{"taxonomy":"product_cat","embeddable":true,"href":"https:\/\/bleudubai.com\/es\/wp-json\/wp\/v2\/product_cat?post=7795"},{"taxonomy":"product_tag","embeddable":true,"href":"https:\/\/bleudubai.com\/es\/wp-json\/wp\/v2\/product_tag?post=7795"}],"curies":[{"name":"wp","href":"https:\/\/api.w.org\/{rel}","templated":true}]}}