{"id":7796,"date":"2024-09-01T19:37:51","date_gmt":"2024-09-01T19:37:51","guid":{"rendered":"https:\/\/bleudubai.com\/product\/robo-por-helicoptero-de-las-fortalezas-de-la-ciudad-de-dubai\/"},"modified":"2024-11-12T17:51:10","modified_gmt":"2024-11-12T17:51:10","slug":"robo-por-helicoptero-de-las-fortalezas-de-la-ciudad-de-dubai","status":"publish","type":"product","link":"https:\/\/bleudubai.com\/es\/producto\/robo-por-helicoptero-de-las-fortalezas-de-la-ciudad-de-dubai\/","title":{"rendered":"Lo m\u00e1s destacado de Dubai en vuelo en helic\u00f3ptero"},"content":{"rendered":"<p>Sube a bordo de un helic\u00f3ptero de lujo y disfruta de incre\u00edbles vistas panor\u00e1micas de Dubai desde el cielo. Despega del helipuerto del hotel Atlantis the Palm y sobrevuela la ciudad de 12 a 25 minutos, contemplando las atracciones m\u00e1s famosas.<br \/>\nPEARL HELI TOUR de 12 minutos: Disfruta de un emocionante vuelo en grupo desde Atlantis the Palm hasta el Burj Khalifa, contemplando lugares de inter\u00e9s como el Burj Al Arab y la impresionante costa de Dubai.<br \/>\nVuelo FUN RIDE de 15 minutos: Descubre Dubai desde una nueva perspectiva en un vuelo en grupo desde Atlantis The Palm al Burj Khalifa. Contempla el Burj Al Arab, el archipi\u00e9lago The World desde el Polo Sur, Port Rashid y Palm Jumeirah en esta experiencia \u00fanica.<br \/>\nVuelo de 17 minutos THE ICONIC TOUR: Reg\u00e1late un vuelo inolvidable de 17 minutos para explorar los principales monumentos de Dubai. Marav\u00edllate con Atlantis, la isla Palm Jumeirah, el emblem\u00e1tico hotel Burj Al Arab, la impresionante costa de Dubai, el Burj Khalifa y el Proyecto Laguna.<br \/>\nVuelo CITY CIRCUIT de 25 minutos: Emb\u00e1rcate en grupo en un vuelo de 25 minutos, que saldr\u00e1 de Atlantis The Palm y se dirigir\u00e1 a la Bah\u00eda Vieja de Dubai. En este vuelo sobrevolar\u00e1s el Burj Al Arab, el archipi\u00e9lago The World, el majestuoso Burj Khalifa, Union House, Port Rashid, y tambi\u00e9n podr\u00e1s ver Ski Dubai, el hip\u00f3dromo de Jebel Ali, Nueva Dubai y muchas otras maravillas de la ciudad.<\/p>\n","protected":false},"excerpt":{"rendered":"<p>Disfruta de un vuelo en helic\u00f3ptero sobre Dubai y descubre lugares imprescindibles como el Burj Al Arab, el Burj Khalifa y las Islas del Mundo. Reserva tu vuelo de 12 a 25 minutos y disfruta de unas vistas espectaculares de la ciudad. <\/p>\n","protected":false},"featured_media":6519,"comment_status":"open","ping_status":"closed","template":"","meta":{"_acf_changed":false},"product_brand":[],"product_cat":[157,167,172,197],"product_tag":[],"class_list":{"0":"post-7796","1":"product","2":"type-product","3":"status-publish","4":"has-post-thumbnail","6":"product_cat-actividades-en-el-aire","7":"product_cat-actividades-familiares","8":"product_cat-actividades-imprescindibles","9":"product_cat-los-imprescindibles","11":"first","12":"instock","13":"shipping-taxable","14":"purchasable","15":"product-type-simple"},"acf":[],"_links":{"self":[{"href":"https:\/\/bleudubai.com\/es\/wp-json\/wp\/v2\/product\/7796","targetHints":{"allow":["GET"]}}],"collection":[{"href":"https:\/\/bleudubai.com\/es\/wp-json\/wp\/v2\/product"}],"about":[{"href":"https:\/\/bleudubai.com\/es\/wp-json\/wp\/v2\/types\/product"}],"replies":[{"embeddable":true,"href":"https:\/\/bleudubai.com\/es\/wp-json\/wp\/v2\/comments?post=7796"}],"wp:featuredmedia":[{"embeddable":true,"href":"https:\/\/bleudubai.com\/es\/wp-json\/wp\/v2\/media\/6519"}],"wp:attachment":[{"href":"https:\/\/bleudubai.com\/es\/wp-json\/wp\/v2\/media?parent=7796"}],"wp:term":[{"taxonomy":"product_brand","embeddable":true,"href":"https:\/\/bleudubai.com\/es\/wp-json\/wp\/v2\/product_brand?post=7796"},{"taxonomy":"product_cat","embeddable":true,"href":"https:\/\/bleudubai.com\/es\/wp-json\/wp\/v2\/product_cat?post=7796"},{"taxonomy":"product_tag","embeddable":true,"href":"https:\/\/bleudubai.com\/es\/wp-json\/wp\/v2\/product_tag?post=7796"}],"curies":[{"name":"wp","href":"https:\/\/api.w.org\/{rel}","templated":true}]}}