{"id":7805,"date":"2024-09-01T19:37:52","date_gmt":"2024-09-01T19:37:52","guid":{"rendered":"https:\/\/bleudubai.com\/product\/experiencia-de-un-trampolin-30-minutos-en-la-bahia\/"},"modified":"2026-04-18T11:35:06","modified_gmt":"2026-04-18T07:35:06","slug":"experiencia-de-un-trampolin-30-minutos-en-la-bahia","status":"publish","type":"product","link":"https:\/\/bleudubai.com\/es\/producto\/experiencia-de-un-trampolin-30-minutos-en-la-bahia\/","title":{"rendered":"Experiencia de 30 minutos de flyboard en Dubai"},"content":{"rendered":"<p>Descubre las sensaciones \u00fanicas del flyboard, tanto si eres principiante como experimentado. Deja que un instructor profesional y experimentado te gu\u00ede con seguridad en esta actividad de 30 minutos en Dubai. Conf\u00eda en su pericia para ayudarte si lo necesitas y para ajustar la potencia de la m\u00e1quina seg\u00fan tu nivel. Intenta subir tan alto como puedas y disfruta de las vistas panor\u00e1micas. Tambi\u00e9n puedes combinar tu sesi\u00f3n de flyboard con 30 minutos de moto acu\u00e1tica para una experiencia a\u00fan m\u00e1s intensa.<\/p>\n","protected":false},"excerpt":{"rendered":"<p>Experimenta nuevas sensaciones durante esta actividad de 30 minutos de flyboard en Dubai. Tambi\u00e9n puedes combinar 30 minutos de flyboard con 30 minutos de moto acu\u00e1tica. <\/p>\n","protected":false},"featured_media":6594,"comment_status":"open","ping_status":"closed","template":"","meta":{"_acf_changed":false},"product_brand":[],"product_cat":[147,207],"product_tag":[],"class_list":{"0":"post-7805","1":"product","2":"type-product","3":"status-publish","4":"has-post-thumbnail","6":"product_cat-actividades-acuaticas","7":"product_cat-deporte-y-adrenalina","9":"first","10":"instock","11":"shipping-taxable","12":"purchasable","13":"product-type-simple"},"acf":[],"_links":{"self":[{"href":"https:\/\/bleudubai.com\/es\/wp-json\/wp\/v2\/product\/7805","targetHints":{"allow":["GET"]}}],"collection":[{"href":"https:\/\/bleudubai.com\/es\/wp-json\/wp\/v2\/product"}],"about":[{"href":"https:\/\/bleudubai.com\/es\/wp-json\/wp\/v2\/types\/product"}],"replies":[{"embeddable":true,"href":"https:\/\/bleudubai.com\/es\/wp-json\/wp\/v2\/comments?post=7805"}],"wp:featuredmedia":[{"embeddable":true,"href":"https:\/\/bleudubai.com\/es\/wp-json\/wp\/v2\/media\/6594"}],"wp:attachment":[{"href":"https:\/\/bleudubai.com\/es\/wp-json\/wp\/v2\/media?parent=7805"}],"wp:term":[{"taxonomy":"product_brand","embeddable":true,"href":"https:\/\/bleudubai.com\/es\/wp-json\/wp\/v2\/product_brand?post=7805"},{"taxonomy":"product_cat","embeddable":true,"href":"https:\/\/bleudubai.com\/es\/wp-json\/wp\/v2\/product_cat?post=7805"},{"taxonomy":"product_tag","embeddable":true,"href":"https:\/\/bleudubai.com\/es\/wp-json\/wp\/v2\/product_tag?post=7805"}],"curies":[{"name":"wp","href":"https:\/\/api.w.org\/{rel}","templated":true}]}}