{"id":7806,"date":"2024-09-01T19:37:52","date_gmt":"2024-09-01T15:37:52","guid":{"rendered":"https:\/\/bleudubai.com\/product\/lancha-velocidad-90-minutos-toma-el-mando-y-navega-tu-barco\/"},"modified":"2024-11-11T20:53:39","modified_gmt":"2024-11-11T20:53:39","slug":"lancha-velocidad-90-minutos-toma-el-mando-y-navega-tu-barco","status":"publish","type":"product","link":"https:\/\/bleudubai.com\/es\/producto\/lancha-velocidad-90-minutos-toma-el-mando-y-navega-tu-barco\/","title":{"rendered":"Speed Boat 90 min: Toma el control y navega a tu antojo"},"content":{"rendered":"<p>Navega por el Golfo Ar\u00e1bigo y explora la emblem\u00e1tica costa de Dubai en una aventura guiada de 90 minutos conduciendo tu propia embarcaci\u00f3n. Esta excursi\u00f3n est\u00e1 dise\u00f1ada para los aventureros que quieren conocer la costa de Dubai de una forma estimulante. Alcanza velocidades de hasta 50 km\/h en esta divertida y segura experiencia en barco. Contempla lugares famosos como Palm Jumeirah, Atlantis, The Palm, Burj Al Arab y Ain Dubai, la mayor noria de observaci\u00f3n del mundo. Toma el control de tu experiencia conduciendo tu propia embarcaci\u00f3n y detente por el camino para capturar instant\u00e1neas perfectas de los monumentos m\u00e1s famosos de Dubai. Las lanchas neum\u00e1ticas ofrecen una experiencia tan divertida como el esqu\u00ed acu\u00e1tico, pero con total seguridad, apta para toda la familia.<\/p>\n","protected":false},"excerpt":{"rendered":"<p>Ponte al tim\u00f3n de un barco HERO y explora la emblem\u00e1tica costa de Dubai a velocidades incre\u00edbles. Una divertida alternativa a las visitas tur\u00edsticas tradicionales, descubre el Burj Al Arab y Atlantis, la Palmera en esta inolvidable aventura mar\u00edtima. <\/p>\n","protected":false},"featured_media":6579,"comment_status":"open","ping_status":"closed","template":"","meta":{"_acf_changed":false},"product_brand":[],"product_cat":[147,207,182],"product_tag":[],"class_list":{"0":"post-7806","1":"product","2":"type-product","3":"status-publish","4":"has-post-thumbnail","6":"product_cat-actividades-acuaticas","7":"product_cat-deporte-y-adrenalina","8":"product_cat-paseo-en-barco","10":"first","11":"instock","12":"shipping-taxable","13":"purchasable","14":"product-type-simple"},"acf":[],"_links":{"self":[{"href":"https:\/\/bleudubai.com\/es\/wp-json\/wp\/v2\/product\/7806","targetHints":{"allow":["GET"]}}],"collection":[{"href":"https:\/\/bleudubai.com\/es\/wp-json\/wp\/v2\/product"}],"about":[{"href":"https:\/\/bleudubai.com\/es\/wp-json\/wp\/v2\/types\/product"}],"replies":[{"embeddable":true,"href":"https:\/\/bleudubai.com\/es\/wp-json\/wp\/v2\/comments?post=7806"}],"wp:featuredmedia":[{"embeddable":true,"href":"https:\/\/bleudubai.com\/es\/wp-json\/wp\/v2\/media\/6579"}],"wp:attachment":[{"href":"https:\/\/bleudubai.com\/es\/wp-json\/wp\/v2\/media?parent=7806"}],"wp:term":[{"taxonomy":"product_brand","embeddable":true,"href":"https:\/\/bleudubai.com\/es\/wp-json\/wp\/v2\/product_brand?post=7806"},{"taxonomy":"product_cat","embeddable":true,"href":"https:\/\/bleudubai.com\/es\/wp-json\/wp\/v2\/product_cat?post=7806"},{"taxonomy":"product_tag","embeddable":true,"href":"https:\/\/bleudubai.com\/es\/wp-json\/wp\/v2\/product_tag?post=7806"}],"curies":[{"name":"wp","href":"https:\/\/api.w.org\/{rel}","templated":true}]}}