{"id":7815,"date":"2024-09-01T19:37:52","date_gmt":"2024-09-01T15:37:52","guid":{"rendered":"https:\/\/bleudubai.com\/product\/speed-boat-60-min-toma-el-mando-y-navega-tu-guia\/"},"modified":"2024-11-11T21:00:21","modified_gmt":"2024-11-11T21:00:21","slug":"speed-boat-60-min-toma-el-mando-y-navega-tu-guia","status":"publish","type":"product","link":"https:\/\/bleudubai.com\/es\/producto\/speed-boat-60-min-toma-el-mando-y-navega-tu-guia\/","title":{"rendered":"Speed Boat 60 min: Toma el control y navega a tu antojo"},"content":{"rendered":"<p>Ponte al volante de tu propio barco HERO y explora la emblem\u00e1tica costa de Dubai en una inolvidable aventura en el mar.<\/p>\n<p>Esta excursi\u00f3n guiada de 60 minutos recorre las famosas playas de Dubai, Ain Dubai y Palm Jumeirah con los comentarios de un gu\u00eda profesional.<\/p>\n<p>Las lanchas HERO son divertidas y seguras, y ofrecen una experiencia de conducci\u00f3n f\u00e1cil para los capitanes en ciernes. \u00danete a m\u00e1s de medio mill\u00f3n de clientes que ya han disfrutado de esta experiencia \u00fanica y toma el control de tu aventura en el mar.<\/p>\n","protected":false},"excerpt":{"rendered":"<p>Vive la emoci\u00f3n de pilotar un barco HERO por la costa de Dubai. Explora lugares emblem\u00e1ticos como el Burj Al Arab y Atlantis, la Palmera, en esta aventura en el mar. <\/p>\n","protected":false},"featured_media":6564,"comment_status":"open","ping_status":"closed","template":"","meta":{"_acf_changed":false},"product_brand":[],"product_cat":[147,207,182],"product_tag":[],"class_list":{"0":"post-7815","1":"product","2":"type-product","3":"status-publish","4":"has-post-thumbnail","6":"product_cat-actividades-acuaticas","7":"product_cat-deporte-y-adrenalina","8":"product_cat-paseo-en-barco","10":"first","11":"instock","12":"shipping-taxable","13":"purchasable","14":"product-type-simple"},"acf":[],"_links":{"self":[{"href":"https:\/\/bleudubai.com\/es\/wp-json\/wp\/v2\/product\/7815","targetHints":{"allow":["GET"]}}],"collection":[{"href":"https:\/\/bleudubai.com\/es\/wp-json\/wp\/v2\/product"}],"about":[{"href":"https:\/\/bleudubai.com\/es\/wp-json\/wp\/v2\/types\/product"}],"replies":[{"embeddable":true,"href":"https:\/\/bleudubai.com\/es\/wp-json\/wp\/v2\/comments?post=7815"}],"wp:featuredmedia":[{"embeddable":true,"href":"https:\/\/bleudubai.com\/es\/wp-json\/wp\/v2\/media\/6564"}],"wp:attachment":[{"href":"https:\/\/bleudubai.com\/es\/wp-json\/wp\/v2\/media?parent=7815"}],"wp:term":[{"taxonomy":"product_brand","embeddable":true,"href":"https:\/\/bleudubai.com\/es\/wp-json\/wp\/v2\/product_brand?post=7815"},{"taxonomy":"product_cat","embeddable":true,"href":"https:\/\/bleudubai.com\/es\/wp-json\/wp\/v2\/product_cat?post=7815"},{"taxonomy":"product_tag","embeddable":true,"href":"https:\/\/bleudubai.com\/es\/wp-json\/wp\/v2\/product_tag?post=7815"}],"curies":[{"name":"wp","href":"https:\/\/api.w.org\/{rel}","templated":true}]}}