{"id":8042,"date":"2024-09-01T19:40:02","date_gmt":"2024-09-01T19:40:02","guid":{"rendered":"https:\/\/bleudubai.com\/product\/safari-prive-avec-conduite-de-jeep-wrangler-aventure-diner-et-spectacle\/"},"modified":"2024-11-13T07:23:48","modified_gmt":"2024-11-13T07:23:48","slug":"safari-prive-avec-conduite-de-jeep-wrangler-aventure-diner-et-spectacle","status":"publish","type":"product","link":"https:\/\/bleudubai.com\/es\/producto\/safari-prive-avec-conduite-de-jeep-wrangler-aventure-diner-et-spectacle\/","title":{"rendered":"Safari Priv\u00e9 avec Conduite de Jeep Wrangler : Aventure, D\u00eener et Spectacle"},"content":{"rendered":"<p>\u00danase a nosotros en Bassata Village, en Ras Al Khaimah, para disfrutar de un safari inolvidable. Disfrute de la conducci\u00f3n aut\u00f3noma en un Jeep Wrangler, un paseo en quad o buggy, un paseo en camello y una cena buf\u00e9 con barbacoa al atardecer. Emp\u00e1pese del ambiente beduino con aut\u00e9nticos espect\u00e1culos y actividades locales. <\/p>\n","protected":false},"excerpt":{"rendered":"<p>Descubra el desierto en un safari privado con conducci\u00f3n aut\u00f3noma de un Jeep Wrangler, paseo en quad o buggy, camello, cena barbacoa y cautivadores espect\u00e1culos.<\/p>\n","protected":false},"featured_media":7179,"comment_status":"open","ping_status":"closed","template":"","meta":{"_acf_changed":false},"product_brand":[],"product_cat":[162,207],"product_tag":[],"class_list":{"0":"post-8042","1":"product","2":"type-product","3":"status-publish","4":"has-post-thumbnail","6":"product_cat-actividades-en-el-desierto","7":"product_cat-deporte-y-adrenalina","9":"first","10":"instock","11":"shipping-taxable","12":"purchasable","13":"product-type-simple"},"acf":[],"_links":{"self":[{"href":"https:\/\/bleudubai.com\/es\/wp-json\/wp\/v2\/product\/8042","targetHints":{"allow":["GET"]}}],"collection":[{"href":"https:\/\/bleudubai.com\/es\/wp-json\/wp\/v2\/product"}],"about":[{"href":"https:\/\/bleudubai.com\/es\/wp-json\/wp\/v2\/types\/product"}],"replies":[{"embeddable":true,"href":"https:\/\/bleudubai.com\/es\/wp-json\/wp\/v2\/comments?post=8042"}],"wp:featuredmedia":[{"embeddable":true,"href":"https:\/\/bleudubai.com\/es\/wp-json\/wp\/v2\/media\/7179"}],"wp:attachment":[{"href":"https:\/\/bleudubai.com\/es\/wp-json\/wp\/v2\/media?parent=8042"}],"wp:term":[{"taxonomy":"product_brand","embeddable":true,"href":"https:\/\/bleudubai.com\/es\/wp-json\/wp\/v2\/product_brand?post=8042"},{"taxonomy":"product_cat","embeddable":true,"href":"https:\/\/bleudubai.com\/es\/wp-json\/wp\/v2\/product_cat?post=8042"},{"taxonomy":"product_tag","embeddable":true,"href":"https:\/\/bleudubai.com\/es\/wp-json\/wp\/v2\/product_tag?post=8042"}],"curies":[{"name":"wp","href":"https:\/\/api.w.org\/{rel}","templated":true}]}}