{"id":8043,"date":"2024-09-01T19:40:02","date_gmt":"2024-09-01T19:40:02","guid":{"rendered":"https:\/\/bleudubai.com\/product\/a-caballo-por-el-desierto-de-dubai\/"},"modified":"2024-11-13T07:25:31","modified_gmt":"2024-11-13T07:25:31","slug":"a-caballo-por-el-desierto-de-dubai","status":"publish","type":"product","link":"https:\/\/bleudubai.com\/es\/producto\/a-caballo-por-el-desierto-de-dubai\/","title":{"rendered":"A caballo por el desierto de Dubai"},"content":{"rendered":"<p>Emprenda un relajante paseo a caballo de 90 minutos por el desierto, por la ma\u00f1ana o por la tarde. A su llegada, sum\u00e9rjase en una granja r\u00fastica rodeado de caballos bien cuidados. Adecuado tanto para principiantes como para jinetes experimentados, el equipo le ayudar\u00e1 a elegir el caballo adecuado y le proporcionar\u00e1 instrucciones de seguridad. Capte la belleza del desierto al amanecer o al atardecer, impregnando su esp\u00edritu de la paz y la majestuosidad del desierto. <\/p>\n","protected":false},"excerpt":{"rendered":"<p>Sum\u00e9rjase en el pasado beduino de los a\u00f1os 20 con nuestro paseo a caballo por el desierto. Descubra el encanto de una \u00e9poca en la que el caballo era el \u00fanico medio de locomoci\u00f3n. <\/p>\n","protected":false},"featured_media":7164,"comment_status":"open","ping_status":"closed","template":"","meta":{"_acf_changed":false},"product_brand":[],"product_cat":[162,167,207],"product_tag":[],"class_list":{"0":"post-8043","1":"product","2":"type-product","3":"status-publish","4":"has-post-thumbnail","6":"product_cat-actividades-en-el-desierto","7":"product_cat-actividades-familiares","8":"product_cat-deporte-y-adrenalina","10":"first","11":"instock","12":"shipping-taxable","13":"purchasable","14":"product-type-simple"},"acf":[],"_links":{"self":[{"href":"https:\/\/bleudubai.com\/es\/wp-json\/wp\/v2\/product\/8043","targetHints":{"allow":["GET"]}}],"collection":[{"href":"https:\/\/bleudubai.com\/es\/wp-json\/wp\/v2\/product"}],"about":[{"href":"https:\/\/bleudubai.com\/es\/wp-json\/wp\/v2\/types\/product"}],"replies":[{"embeddable":true,"href":"https:\/\/bleudubai.com\/es\/wp-json\/wp\/v2\/comments?post=8043"}],"wp:featuredmedia":[{"embeddable":true,"href":"https:\/\/bleudubai.com\/es\/wp-json\/wp\/v2\/media\/7164"}],"wp:attachment":[{"href":"https:\/\/bleudubai.com\/es\/wp-json\/wp\/v2\/media?parent=8043"}],"wp:term":[{"taxonomy":"product_brand","embeddable":true,"href":"https:\/\/bleudubai.com\/es\/wp-json\/wp\/v2\/product_brand?post=8043"},{"taxonomy":"product_cat","embeddable":true,"href":"https:\/\/bleudubai.com\/es\/wp-json\/wp\/v2\/product_cat?post=8043"},{"taxonomy":"product_tag","embeddable":true,"href":"https:\/\/bleudubai.com\/es\/wp-json\/wp\/v2\/product_tag?post=8043"}],"curies":[{"name":"wp","href":"https:\/\/api.w.org\/{rel}","templated":true}]}}