{"id":8044,"date":"2024-09-01T19:40:01","date_gmt":"2024-09-01T15:40:01","guid":{"rendered":"https:\/\/bleudubai.com\/product\/paracaidismo-en-tandem-en-el-desierto-de-dubai\/"},"modified":"2024-11-13T07:27:17","modified_gmt":"2024-11-13T07:27:17","slug":"paracaidismo-en-tandem-en-el-desierto-de-dubai","status":"publish","type":"product","link":"https:\/\/bleudubai.com\/es\/producto\/paracaidismo-en-tandem-en-el-desierto-de-dubai\/","title":{"rendered":"Paracaidismo en t\u00e1ndem en el desierto de Dubai"},"content":{"rendered":"<p>Sum\u00e9rjase en ca\u00edda libre a 120 mph, bien sujeto a un instructor cualificado. Antes de embarcar, conozca al equipo, a su instructor y al c\u00e1mara. Suba a la aeronave, suj\u00e9tese a su instructor y disfrute de casi 60 segundos de ca\u00edda libre. El paraca\u00eddas se despliega a 6.000 pies y, a continuaci\u00f3n, vuelva al suelo en paraca\u00eddas durante unos 5 minutos. Capture cada momento con fotos y v\u00eddeo profesionales. Los espectadores pueden observar desde el suelo con caf\u00e9 y aperitivos disponibles. <\/p>\n","protected":false},"excerpt":{"rendered":"<p>Descubra las dunas de Dubai en ca\u00edda libre a 200 km\/h. Sum\u00e9rjase desde 13.000 pies, sienta la adrenalina durante casi 60 segundos y capture esta experiencia \u00fanica con un c\u00e1mara profesional. <\/p>\n","protected":false},"featured_media":7149,"comment_status":"open","ping_status":"closed","template":"","meta":{"_acf_changed":false},"product_brand":[],"product_cat":[157,207],"product_tag":[],"class_list":{"0":"post-8044","1":"product","2":"type-product","3":"status-publish","4":"has-post-thumbnail","6":"product_cat-actividades-en-el-aire","7":"product_cat-deporte-y-adrenalina","9":"first","10":"instock","11":"shipping-taxable","12":"purchasable","13":"product-type-simple"},"acf":[],"_links":{"self":[{"href":"https:\/\/bleudubai.com\/es\/wp-json\/wp\/v2\/product\/8044","targetHints":{"allow":["GET"]}}],"collection":[{"href":"https:\/\/bleudubai.com\/es\/wp-json\/wp\/v2\/product"}],"about":[{"href":"https:\/\/bleudubai.com\/es\/wp-json\/wp\/v2\/types\/product"}],"replies":[{"embeddable":true,"href":"https:\/\/bleudubai.com\/es\/wp-json\/wp\/v2\/comments?post=8044"}],"wp:featuredmedia":[{"embeddable":true,"href":"https:\/\/bleudubai.com\/es\/wp-json\/wp\/v2\/media\/7149"}],"wp:attachment":[{"href":"https:\/\/bleudubai.com\/es\/wp-json\/wp\/v2\/media?parent=8044"}],"wp:term":[{"taxonomy":"product_brand","embeddable":true,"href":"https:\/\/bleudubai.com\/es\/wp-json\/wp\/v2\/product_brand?post=8044"},{"taxonomy":"product_cat","embeddable":true,"href":"https:\/\/bleudubai.com\/es\/wp-json\/wp\/v2\/product_cat?post=8044"},{"taxonomy":"product_tag","embeddable":true,"href":"https:\/\/bleudubai.com\/es\/wp-json\/wp\/v2\/product_tag?post=8044"}],"curies":[{"name":"wp","href":"https:\/\/api.w.org\/{rel}","templated":true}]}}